{"id":108,"date":"2015-12-02T09:57:25","date_gmt":"2015-12-02T09:57:25","guid":{"rendered":"http:\/\/www.mutxiko.org\/?page_id=108"},"modified":"2026-03-07T21:29:54","modified_gmt":"2026-03-07T21:29:54","slug":"contact-2","status":"publish","type":"page","link":"http:\/\/www.mutxiko.org\/?page_id=108&lang=fr","title":{"rendered":"Contact"},"content":{"rendered":"<p>Pour vos spectacles, f\u00eates, animations, festivals, \u00e9changes, d\u00e9crouvrez et faites conna\u00eetre le Pays Basque avec les danseurs et musiciens du groupe MUTXIKO.<\/p>\n<p>Pour nous contacter:<\/p>\n<p>MUTXIKO<br \/>\nBoite Postale n\u00ba 308<br \/>\n64703 HENDAYE Cedex<\/p>\n<p>Martine ORONOZ (Pr\u00e9sidente) +33 (0)687582158<\/p>\n<p>Mirari MANTEROLA (Vice Pr\u00e9sidente) +33 (0)683902511<\/p>\n<p>e-mail: <a href=\"mailto:mutxiko@infonie.fr\">mutxikoelkartea@gmail.com<\/a><\/p>\n","protected":false},"excerpt":{"rendered":"<p>Pour vos spectacles, f\u00eates, animations, festivals, \u00e9changes, d\u00e9crouvrez et faites conna\u00eetre le Pays Basque avec les danseurs et musiciens du groupe MUTXIKO. Pour nous contacter: MUTXIKO Boite Postale n\u00ba 308 64703 HENDAYE Cedex Martine ORONOZ (Pr\u00e9sidente) +33 (0)687582158 Mirari MANTEROLA (Vice Pr\u00e9sidente) +33 (0)683902511 e-mail: mutxikoelkartea@gmail.com<\/p>\n","protected":false},"author":1,"featured_media":0,"parent":0,"menu_order":0,"comment_status":"closed","ping_status":"closed","template":"","meta":[],"_links":{"self":[{"href":"http:\/\/www.mutxiko.org\/index.php?rest_route=\/wp\/v2\/pages\/108"}],"collection":[{"href":"http:\/\/www.mutxiko.org\/index.php?rest_route=\/wp\/v2\/pages"}],"about":[{"href":"http:\/\/www.mutxiko.org\/index.php?rest_route=\/wp\/v2\/types\/page"}],"author":[{"embeddable":true,"href":"http:\/\/www.mutxiko.org\/index.php?rest_route=\/wp\/v2\/users\/1"}],"replies":[{"embeddable":true,"href":"http:\/\/www.mutxiko.org\/index.php?rest_route=%2Fwp%2Fv2%2Fcomments&post=108"}],"version-history":[{"count":4,"href":"http:\/\/www.mutxiko.org\/index.php?rest_route=\/wp\/v2\/pages\/108\/revisions"}],"predecessor-version":[{"id":24981,"href":"http:\/\/www.mutxiko.org\/index.php?rest_route=\/wp\/v2\/pages\/108\/revisions\/24981"}],"wp:attachment":[{"href":"http:\/\/www.mutxiko.org\/index.php?rest_route=%2Fwp%2Fv2%2Fmedia&parent=108"}],"curies":[{"name":"wp","href":"https:\/\/api.w.org\/{rel}","templated":true}]}}