{"id":18900,"date":"2018-09-02T09:14:15","date_gmt":"2018-09-02T09:14:15","guid":{"rendered":"http:\/\/www.mutxiko.org\/?page_id=18900"},"modified":"2018-09-02T09:27:17","modified_gmt":"2018-09-02T09:27:17","slug":"2018-6","status":"publish","type":"page","link":"http:\/\/www.mutxiko.org\/?page_id=18900&lang=fr","title":{"rendered":"2018"},"content":{"rendered":"<div class=\"entry-content\">\n<header class=\"entry-header\">27 Janvier<strong><br \/>\n<\/strong><strong>Tamborrada de Hendaye<br \/>\n<\/strong><\/header>\n<div class=\"entry-content\">\n<p>Mutxiko a particip\u00e9 \u00e0 la Danborrada de Hendaye avec d\u2019autres associations et des repr\u00e9sentants des quartiers de la ville.<\/p>\n<p style=\"text-align: center;\"><a href=\"http:\/\/www.mutxiko.org\/wp-content\/uploads\/2018\/01\/IMG-20180127-WA0022-1.jpg\"><img decoding=\"async\" loading=\"lazy\" class=\"wp-image-14549 aligncenter\" src=\"http:\/\/www.mutxiko.org\/wp-content\/uploads\/2018\/01\/IMG-20180127-WA0022-1-1024x580.jpg\" sizes=\"(max-width: 548px) 100vw, 548px\" srcset=\"http:\/\/www.mutxiko.org\/wp-content\/uploads\/2018\/01\/IMG-20180127-WA0022-1-1024x580.jpg 1024w, http:\/\/www.mutxiko.org\/wp-content\/uploads\/2018\/01\/IMG-20180127-WA0022-1-300x170.jpg 300w, http:\/\/www.mutxiko.org\/wp-content\/uploads\/2018\/01\/IMG-20180127-WA0022-1-768x435.jpg 768w, http:\/\/www.mutxiko.org\/wp-content\/uploads\/2018\/01\/IMG-20180127-WA0022-1.jpg 1594w\" alt=\"danborrada 2018\" width=\"548\" height=\"310\" \/><\/a>Pour voir plus de photos cliquez<a href=\"https:\/\/www.flickr.com\/photos\/142290625@N08\/albums\/72157692710276635\/page1\"> ici<\/a><\/p>\n<\/div>\n<header class=\"entry-header\">17 fevrier<br \/>\n<strong>Carnaval de Hendaye<\/strong><\/header>\n<p style=\"text-align: center;\"><a href=\"http:\/\/www.mutxiko.org\/wp-content\/uploads\/2018\/02\/39610146574_c825e90c24_o.jpg\"><img decoding=\"async\" loading=\"lazy\" class=\"wp-image-14876 aligncenter\" src=\"http:\/\/www.mutxiko.org\/wp-content\/uploads\/2018\/02\/39610146574_c825e90c24_o-1024x768.jpg\" sizes=\"(max-width: 580px) 100vw, 580px\" srcset=\"http:\/\/www.mutxiko.org\/wp-content\/uploads\/2018\/02\/39610146574_c825e90c24_o-1024x768.jpg 1024w, http:\/\/www.mutxiko.org\/wp-content\/uploads\/2018\/02\/39610146574_c825e90c24_o-300x225.jpg 300w, http:\/\/www.mutxiko.org\/wp-content\/uploads\/2018\/02\/39610146574_c825e90c24_o-768x576.jpg 768w\" alt=\"Carnaval 2018\" width=\"580\" height=\"435\" \/><\/a>Pour voir plus de photos cliquez<a href=\"https:\/\/www.flickr.com\/photos\/142290625@N08\/albums\/72157693533967135\"> ici<\/a><\/p>\n<p>28 juin<br \/>\n<strong>Sp\u00e9ctacle \u00e0 Ascain<\/strong><\/p>\n<p style=\"text-align: center;\"><a href=\"http:\/\/www.mutxiko.org\/wp-content\/uploads\/2018\/07\/IMG-20180629-WA0003.jpg\"><img decoding=\"async\" loading=\"lazy\" class=\"wp-image-17439 aligncenter\" src=\"http:\/\/www.mutxiko.org\/wp-content\/uploads\/2018\/07\/IMG-20180629-WA0003.jpg\" sizes=\"(max-width: 572px) 100vw, 572px\" srcset=\"http:\/\/www.mutxiko.org\/wp-content\/uploads\/2018\/07\/IMG-20180629-WA0003.jpg 932w, http:\/\/www.mutxiko.org\/wp-content\/uploads\/2018\/07\/IMG-20180629-WA0003-300x169.jpg 300w, http:\/\/www.mutxiko.org\/wp-content\/uploads\/2018\/07\/IMG-20180629-WA0003-768x433.jpg 768w\" alt=\"Azkaine 2018 juin\" width=\"572\" height=\"322\" \/><\/a>Pour voir plus de photos cliquez<a href=\"https:\/\/www.flickr.com\/photos\/142290625@N08\/albums\/72157696897632581\"> ici<\/a><\/p>\n<p>12 juillet et 4 ao\u00fbt<br \/>\n<strong>Sp\u00e9ctacle au Camping Ametza<\/strong><\/p>\n<p style=\"text-align: center;\"><a href=\"http:\/\/www.mutxiko.org\/wp-content\/uploads\/2018\/07\/mutxiko-logo-square.jpg\"><img decoding=\"async\" loading=\"lazy\" class=\"wp-image-17823 aligncenter\" src=\"http:\/\/www.mutxiko.org\/wp-content\/uploads\/2018\/07\/mutxiko-logo-square.jpg\" sizes=\"(max-width: 572px) 100vw, 572px\" srcset=\"http:\/\/www.mutxiko.org\/wp-content\/uploads\/2018\/07\/mutxiko-logo-square.jpg 640w, http:\/\/www.mutxiko.org\/wp-content\/uploads\/2018\/07\/mutxiko-logo-square-300x142.jpg 300w\" alt=\"Ametza 07_2018\" width=\"572\" height=\"271\" \/><\/a>Pour voir plus de photos cliquez<a href=\"https:\/\/www.flickr.com\/photos\/142290625@N08\/albums\/72157671110965978\/with\/43383562091\/\"> ici<\/a><\/p>\n<p>16 juillet<br \/>\n<strong>Sp\u00e9ctacle \u00e0 Biriatou<\/strong><\/p>\n<p><a href=\"http:\/\/www.mutxiko.org\/wp-content\/uploads\/2018\/07\/20180717_114707_2.jpg\"><img decoding=\"async\" loading=\"lazy\" class=\"wp-image-18010 aligncenter\" src=\"http:\/\/www.mutxiko.org\/wp-content\/uploads\/2018\/07\/20180717_114707_2.jpg\" sizes=\"(max-width: 426px) 100vw, 426px\" srcset=\"http:\/\/www.mutxiko.org\/wp-content\/uploads\/2018\/07\/20180717_114707_2.jpg 721w, http:\/\/www.mutxiko.org\/wp-content\/uploads\/2018\/07\/20180717_114707_2-219x300.jpg 219w\" alt=\"Biriatou 2018\" width=\"426\" height=\"582\" \/><\/a><\/p>\n<p>20 juillet 2018<br \/>\n<strong>La nuit du pintxo \u00e0 Hendaye<\/strong><\/p>\n<p style=\"text-align: center;\"><a href=\"http:\/\/www.mutxiko.org\/wp-content\/uploads\/2018\/07\/IMG-20180721-WA0006.jpg\"><img decoding=\"async\" loading=\"lazy\" class=\"wp-image-18096 aligncenter\" src=\"http:\/\/www.mutxiko.org\/wp-content\/uploads\/2018\/07\/IMG-20180721-WA0006-1024x768.jpg\" sizes=\"(max-width: 486px) 100vw, 486px\" srcset=\"http:\/\/www.mutxiko.org\/wp-content\/uploads\/2018\/07\/IMG-20180721-WA0006.jpg 1024w, http:\/\/www.mutxiko.org\/wp-content\/uploads\/2018\/07\/IMG-20180721-WA0006-300x225.jpg 300w, http:\/\/www.mutxiko.org\/wp-content\/uploads\/2018\/07\/IMG-20180721-WA0006-768x576.jpg 768w\" alt=\"Nuit du pintxo Hendaye 2018\" width=\"486\" height=\"364\" \/><\/a>Pour voir plus de photos cliquez<a href=\"https:\/\/www.flickr.com\/photos\/142290625@N08\/albums\/72157669338416897\"> ici<\/a><\/p>\n<p>&nbsp;<\/p>\n<p style=\"text-align: left;\">26-30 juillet 2018<br \/>\n<strong>Ohrid Folklore Festival, Macedonie<\/strong><\/p>\n<p>Le XI International Folk \u2013 Dance &amp; Music Festival \u00ab OHRIDSKI FILIGRANI \u00bb s\u2019est tenu du 26 au 30 juillet \u00e0 Ohrid, Mac\u00e9doine. 9 groupes et plus de 450 participants venant de Pologne, Arm\u00e9nie, Ukraine, Bulgarie, Roumanie, Slovaquie et Euskal Herria ont pris part au festival.<\/p>\n<p style=\"text-align: center;\"><a href=\"http:\/\/www.mutxiko.org\/wp-content\/uploads\/2018\/08\/IMG-20180728-WA0019-1.jpg\"><img decoding=\"async\" loading=\"lazy\" class=\"wp-image-18418 aligncenter\" src=\"http:\/\/www.mutxiko.org\/wp-content\/uploads\/2018\/08\/IMG-20180728-WA0019-1-1024x680.jpg\" sizes=\"(max-width: 539px) 100vw, 539px\" srcset=\"http:\/\/www.mutxiko.org\/wp-content\/uploads\/2018\/08\/IMG-20180728-WA0019-1-1024x680.jpg 1024w, http:\/\/www.mutxiko.org\/wp-content\/uploads\/2018\/08\/IMG-20180728-WA0019-1-300x199.jpg 300w, http:\/\/www.mutxiko.org\/wp-content\/uploads\/2018\/08\/IMG-20180728-WA0019-1-768x510.jpg 768w, http:\/\/www.mutxiko.org\/wp-content\/uploads\/2018\/08\/IMG-20180728-WA0019-1.jpg 1553w\" alt=\"Ohrid Festival 2018\" width=\"505\" height=\"335\" \/><\/a>Pour voir plus de photos cliquez<a href=\"https:\/\/www.flickr.com\/photos\/142290625@N08\/albums\/72157699730999095\"> ici<\/a><\/p>\n<p>12 ao\u00fbt<br \/>\n<strong>F\u00eate Basque, Hendaye<\/strong><\/p>\n<p>Le groupe MUTXIKO danse lors de la cavalcade de la F\u00eate Basque \u00e0 HENDAYE<\/p>\n<p style=\"text-align: center;\"><a href=\"http:\/\/www.mutxiko.org\/wp-content\/uploads\/2018\/08\/IMG-20180813-WA0036.jpg\"><img decoding=\"async\" loading=\"lazy\" class=\"wp-image-18608 aligncenter\" src=\"http:\/\/www.mutxiko.org\/wp-content\/uploads\/2018\/08\/IMG-20180813-WA0036-1024x768.jpg\" sizes=\"(max-width: 482px) 100vw, 482px\" srcset=\"http:\/\/www.mutxiko.org\/wp-content\/uploads\/2018\/08\/IMG-20180813-WA0036-1024x768.jpg 1024w, http:\/\/www.mutxiko.org\/wp-content\/uploads\/2018\/08\/IMG-20180813-WA0036-300x225.jpg 300w, http:\/\/www.mutxiko.org\/wp-content\/uploads\/2018\/08\/IMG-20180813-WA0036-768x576.jpg 768w, http:\/\/www.mutxiko.org\/wp-content\/uploads\/2018\/08\/IMG-20180813-WA0036.jpg 1600w\" alt=\"Hiri Besta 2018\" width=\"482\" height=\"362\" \/><\/a>Pour voir plus de photos cliquez<a href=\"https:\/\/www.flickr.com\/photos\/142290625@N08\/albums\/72157698547511341\"> ici<\/a><\/p>\n<\/div>\n<p style=\"text-align: left;\">30 ao\u00fbt<br \/>\n<strong>Sp\u00e9ctacle \u00e0 Ascain<\/strong><\/p>\n<p style=\"text-align: center;\"><a href=\"http:\/\/www.mutxiko.org\/wp-content\/uploads\/2018\/09\/sorgin-dantza.jpg\"><img decoding=\"async\" loading=\"lazy\" class=\"alignnone wp-image-18868\" src=\"http:\/\/www.mutxiko.org\/wp-content\/uploads\/2018\/09\/sorgin-dantza.jpg\" alt=\"sorgin dantza\" width=\"528\" height=\"397\" srcset=\"http:\/\/www.mutxiko.org\/wp-content\/uploads\/2018\/09\/sorgin-dantza.jpg 640w, http:\/\/www.mutxiko.org\/wp-content\/uploads\/2018\/09\/sorgin-dantza-300x225.jpg 300w\" sizes=\"(max-width: 528px) 100vw, 528px\" \/><\/a><br \/>\nPour voir plus de photos cliquez<a href=\"https:\/\/www.flickr.com\/photos\/142290625@N08\/albums\/72157699279592281\"> ici<\/a><\/p>\n<p style=\"text-align: left;\">31 ao\u00fbt<br \/>\n<strong>Sp\u00e9ctacle \u00e0 Sokoburu, Hendaye<br \/>\n<\/strong><\/p>\n<p style=\"text-align: center;\"><a href=\"http:\/\/www.mutxiko.org\/wp-content\/uploads\/2018\/09\/uztai-txiki.jpg\"><img decoding=\"async\" loading=\"lazy\" class=\"alignnone wp-image-18865\" src=\"http:\/\/www.mutxiko.org\/wp-content\/uploads\/2018\/09\/uztai-txiki-1024x528.jpg\" alt=\"uztai txiki_sokoburu 2018\" width=\"535\" height=\"276\" srcset=\"http:\/\/www.mutxiko.org\/wp-content\/uploads\/2018\/09\/uztai-txiki-1024x528.jpg 1024w, http:\/\/www.mutxiko.org\/wp-content\/uploads\/2018\/09\/uztai-txiki-300x155.jpg 300w, http:\/\/www.mutxiko.org\/wp-content\/uploads\/2018\/09\/uztai-txiki-768x396.jpg 768w, http:\/\/www.mutxiko.org\/wp-content\/uploads\/2018\/09\/uztai-txiki.jpg 1293w\" sizes=\"(max-width: 535px) 100vw, 535px\" \/><\/a><br \/>\nPour voir plus de photos cliquez<a href=\"https:\/\/www.flickr.com\/photos\/142290625@N08\/albums\/72157699279592281\"> ici<\/a><\/p>\n","protected":false},"excerpt":{"rendered":"<p>27 Janvier Tamborrada de Hendaye Mutxiko a particip\u00e9 \u00e0 la Danborrada de Hendaye avec d\u2019autres associations et des repr\u00e9sentants des quartiers de la ville. Pour voir plus de photos cliquez ici 17 fevrier Carnaval de Hendaye Pour voir plus de photos cliquez ici 28 juin Sp\u00e9ctacle \u00e0 Ascain Pour voir plus de photos cliquez ici [&hellip;]<\/p>\n","protected":false},"author":1,"featured_media":0,"parent":0,"menu_order":0,"comment_status":"closed","ping_status":"closed","template":"","meta":[],"_links":{"self":[{"href":"http:\/\/www.mutxiko.org\/index.php?rest_route=\/wp\/v2\/pages\/18900"}],"collection":[{"href":"http:\/\/www.mutxiko.org\/index.php?rest_route=\/wp\/v2\/pages"}],"about":[{"href":"http:\/\/www.mutxiko.org\/index.php?rest_route=\/wp\/v2\/types\/page"}],"author":[{"embeddable":true,"href":"http:\/\/www.mutxiko.org\/index.php?rest_route=\/wp\/v2\/users\/1"}],"replies":[{"embeddable":true,"href":"http:\/\/www.mutxiko.org\/index.php?rest_route=%2Fwp%2Fv2%2Fcomments&post=18900"}],"version-history":[{"count":2,"href":"http:\/\/www.mutxiko.org\/index.php?rest_route=\/wp\/v2\/pages\/18900\/revisions"}],"predecessor-version":[{"id":18923,"href":"http:\/\/www.mutxiko.org\/index.php?rest_route=\/wp\/v2\/pages\/18900\/revisions\/18923"}],"wp:attachment":[{"href":"http:\/\/www.mutxiko.org\/index.php?rest_route=%2Fwp%2Fv2%2Fmedia&parent=18900"}],"curies":[{"name":"wp","href":"https:\/\/api.w.org\/{rel}","templated":true}]}}