{"id":19614,"date":"2018-10-15T19:38:44","date_gmt":"2018-10-15T19:38:44","guid":{"rendered":"http:\/\/www.mutxiko.org\/?page_id=19614"},"modified":"2019-07-24T13:08:29","modified_gmt":"2019-07-24T13:08:29","slug":"2018-7","status":"publish","type":"page","link":"http:\/\/www.mutxiko.org\/?page_id=19614&lang=fr","title":{"rendered":"2018"},"content":{"rendered":"<header class=\"entry-header\"><strong>27 Janvier<\/strong><\/header>\n<div class=\"entry-content\">\n<p><strong>Tamborrada de Hendaye<br \/>\n<\/strong><\/p>\n<p>Mutxiko a particip\u00e9 \u00e0 la Danborrada de Hendaye avec d\u2019autres associations et des repr\u00e9sentants des quartiers de la ville.<\/p>\n<p style=\"text-align: center;\"><a href=\"http:\/\/www.mutxiko.org\/wp-content\/uploads\/2018\/01\/IMG-20180127-WA0022-1.jpg\"><img decoding=\"async\" loading=\"lazy\" class=\"wp-image-14549 aligncenter\" src=\"http:\/\/www.mutxiko.org\/wp-content\/uploads\/2018\/01\/IMG-20180127-WA0022-1-1024x580.jpg\" alt=\"danborrada 2018\" width=\"548\" height=\"310\" srcset=\"http:\/\/www.mutxiko.org\/wp-content\/uploads\/2018\/01\/IMG-20180127-WA0022-1-1024x580.jpg 1024w, http:\/\/www.mutxiko.org\/wp-content\/uploads\/2018\/01\/IMG-20180127-WA0022-1-300x170.jpg 300w, http:\/\/www.mutxiko.org\/wp-content\/uploads\/2018\/01\/IMG-20180127-WA0022-1-768x435.jpg 768w, http:\/\/www.mutxiko.org\/wp-content\/uploads\/2018\/01\/IMG-20180127-WA0022-1.jpg 1594w\" sizes=\"(max-width: 548px) 100vw, 548px\" \/><\/a>Pour voir plus de photos cliquez<a href=\"https:\/\/www.flickr.com\/photos\/142290625@N08\/albums\/72157692710276635\/page1\"> ici<\/a><\/p>\n<\/div>\n<header class=\"entry-header\"><strong>17 fevrier<br \/>\n<\/strong><\/header>\n<div class=\"entry-content\">\n<p><strong>Carnaval de Hendaye<\/strong><\/p>\n<\/div>\n<p style=\"text-align: center;\"><a href=\"http:\/\/www.mutxiko.org\/wp-content\/uploads\/2018\/02\/39610146574_c825e90c24_o.jpg\"><img decoding=\"async\" loading=\"lazy\" class=\"wp-image-14876 aligncenter\" src=\"http:\/\/www.mutxiko.org\/wp-content\/uploads\/2018\/02\/39610146574_c825e90c24_o-1024x768.jpg\" alt=\"Carnaval 2018\" width=\"580\" height=\"435\" srcset=\"http:\/\/www.mutxiko.org\/wp-content\/uploads\/2018\/02\/39610146574_c825e90c24_o-1024x768.jpg 1024w, http:\/\/www.mutxiko.org\/wp-content\/uploads\/2018\/02\/39610146574_c825e90c24_o-300x225.jpg 300w, http:\/\/www.mutxiko.org\/wp-content\/uploads\/2018\/02\/39610146574_c825e90c24_o-768x576.jpg 768w\" sizes=\"(max-width: 580px) 100vw, 580px\" \/><\/a>Pour voir plus de photos cliquez<a href=\"https:\/\/www.flickr.com\/photos\/142290625@N08\/albums\/72157693533967135\"> ici<\/a><\/p>\n<p style=\"text-align: left;\">28 juin<br \/>\n<strong>Spectacle \u00e1 Ascain<\/strong><\/p>\n<p style=\"text-align: center;\"><a href=\"http:\/\/www.mutxiko.org\/wp-content\/uploads\/2018\/07\/IMG-20180629-WA0003.jpg\"><img decoding=\"async\" loading=\"lazy\" class=\"wp-image-17439 aligncenter\" src=\"http:\/\/www.mutxiko.org\/wp-content\/uploads\/2018\/07\/IMG-20180629-WA0003.jpg\" alt=\"Azkaine 2018 juin\" width=\"572\" height=\"322\" srcset=\"http:\/\/www.mutxiko.org\/wp-content\/uploads\/2018\/07\/IMG-20180629-WA0003.jpg 932w, http:\/\/www.mutxiko.org\/wp-content\/uploads\/2018\/07\/IMG-20180629-WA0003-300x169.jpg 300w, http:\/\/www.mutxiko.org\/wp-content\/uploads\/2018\/07\/IMG-20180629-WA0003-768x433.jpg 768w\" sizes=\"(max-width: 572px) 100vw, 572px\" \/><\/a>Pour voir plus de photos cliquez<a href=\"https:\/\/www.flickr.com\/photos\/142290625@N08\/albums\/72157696897632581\"> ici<\/a><\/p>\n<p style=\"text-align: left;\">12 juillet et 4 ao\u00fbt<br \/>\n<strong>Spectacle au Camping Ametza<\/strong><\/p>\n<p style=\"text-align: center;\"><a href=\"http:\/\/www.mutxiko.org\/wp-content\/uploads\/2018\/07\/mutxiko-logo-square.jpg\"><img decoding=\"async\" loading=\"lazy\" class=\"alignnone wp-image-17823\" src=\"http:\/\/www.mutxiko.org\/wp-content\/uploads\/2018\/07\/mutxiko-logo-square.jpg\" alt=\"Ametza 07_2018\" width=\"572\" height=\"271\" srcset=\"http:\/\/www.mutxiko.org\/wp-content\/uploads\/2018\/07\/mutxiko-logo-square.jpg 640w, http:\/\/www.mutxiko.org\/wp-content\/uploads\/2018\/07\/mutxiko-logo-square-300x142.jpg 300w\" sizes=\"(max-width: 572px) 100vw, 572px\" \/><\/a><\/p>\n<p style=\"text-align: center;\">Pour voir plus de photos cliquez<a href=\"https:\/\/www.flickr.com\/photos\/142290625@N08\/albums\/72157671110965978\/with\/43383562091\/\"> ici<\/a><\/p>\n<p style=\"text-align: left;\">16 juillet<br \/>\n<strong>Spectacle \u00e0 Biriatou<\/strong><\/p>\n<p style=\"text-align: center;\"><a href=\"http:\/\/www.mutxiko.org\/wp-content\/uploads\/2018\/07\/20180717_114707_2.jpg\"><img decoding=\"async\" loading=\"lazy\" class=\"alignnone wp-image-18010\" src=\"http:\/\/www.mutxiko.org\/wp-content\/uploads\/2018\/07\/20180717_114707_2.jpg\" alt=\"Biriatou 2018\" width=\"426\" height=\"582\" srcset=\"http:\/\/www.mutxiko.org\/wp-content\/uploads\/2018\/07\/20180717_114707_2.jpg 721w, http:\/\/www.mutxiko.org\/wp-content\/uploads\/2018\/07\/20180717_114707_2-219x300.jpg 219w\" sizes=\"(max-width: 426px) 100vw, 426px\" \/><\/a><\/p>\n<p style=\"text-align: left;\">20 juillet 2018<br \/>\n<strong>La nuit du pintxo \u00e0 Hendaye<\/strong><\/p>\n<p style=\"text-align: center;\"><a href=\"http:\/\/www.mutxiko.org\/wp-content\/uploads\/2018\/07\/IMG-20180721-WA0006.jpg\"><img decoding=\"async\" loading=\"lazy\" class=\"alignnone wp-image-18096\" src=\"http:\/\/www.mutxiko.org\/wp-content\/uploads\/2018\/07\/IMG-20180721-WA0006-1024x768.jpg\" alt=\"Nuit du pintxo Hendaye 2018\" width=\"486\" height=\"364\" srcset=\"http:\/\/www.mutxiko.org\/wp-content\/uploads\/2018\/07\/IMG-20180721-WA0006.jpg 1024w, http:\/\/www.mutxiko.org\/wp-content\/uploads\/2018\/07\/IMG-20180721-WA0006-300x225.jpg 300w, http:\/\/www.mutxiko.org\/wp-content\/uploads\/2018\/07\/IMG-20180721-WA0006-768x576.jpg 768w\" sizes=\"(max-width: 486px) 100vw, 486px\" \/><\/a><br \/>\nPour voir plus de photos cliquez<a href=\"https:\/\/www.flickr.com\/photos\/142290625@N08\/albums\/72157669338416897\"> ici<\/a><\/p>\n<p style=\"text-align: left;\">26-30 juillet 2018<br \/>\n<strong>Ohrid Folklore Festival, Macedonie<\/strong><\/p>\n<p style=\"text-align: left;\">Le XI International Folk &#8211; Dance &amp; Music Festival \u00ab OHRIDSKI FILIGRANI \u00bb s\u2019est tenu du 26 au 30 juillet \u00e0 Ohrid, Mac\u00e9doine. 9 groupes et plus de 450 participants venant de Pologne, Arm\u00e9nie, Ukraine, Bulgarie, Roumanie, Slovaquie et Euskal Herria ont pris part au festival.<\/p>\n<p style=\"text-align: center;\"><a href=\"http:\/\/www.mutxiko.org\/wp-content\/uploads\/2018\/08\/IMG-20180728-WA0019-1.jpg\"><img decoding=\"async\" loading=\"lazy\" class=\"alignnone wp-image-18418\" src=\"http:\/\/www.mutxiko.org\/wp-content\/uploads\/2018\/08\/IMG-20180728-WA0019-1-1024x680.jpg\" alt=\"Ohrid Festival 2018\" width=\"539\" height=\"358\" srcset=\"http:\/\/www.mutxiko.org\/wp-content\/uploads\/2018\/08\/IMG-20180728-WA0019-1-1024x680.jpg 1024w, http:\/\/www.mutxiko.org\/wp-content\/uploads\/2018\/08\/IMG-20180728-WA0019-1-300x199.jpg 300w, http:\/\/www.mutxiko.org\/wp-content\/uploads\/2018\/08\/IMG-20180728-WA0019-1-768x510.jpg 768w, http:\/\/www.mutxiko.org\/wp-content\/uploads\/2018\/08\/IMG-20180728-WA0019-1.jpg 1553w\" sizes=\"(max-width: 539px) 100vw, 539px\" \/><\/a><\/p>\n<p style=\"text-align: center;\">Pour voir plus de photos cliquez<a href=\"https:\/\/www.flickr.com\/photos\/142290625@N08\/albums\/72157699730999095\"> ici<\/a><\/p>\n<p>12 ao\u00fbt<br \/>\n<strong>F\u00eate Basque, Hendaye<\/strong><\/p>\n<p>Le groupe MUTXIKO danse lors de la cavalcade de la F\u00eate Basque \u00e0 HENDAYE<\/p>\n<p style=\"text-align: center;\"><a href=\"http:\/\/www.mutxiko.org\/wp-content\/uploads\/2018\/08\/IMG-20180813-WA0036.jpg\"><img decoding=\"async\" loading=\"lazy\" class=\"alignnone wp-image-18608\" src=\"http:\/\/www.mutxiko.org\/wp-content\/uploads\/2018\/08\/IMG-20180813-WA0036-1024x768.jpg\" alt=\"Hiri Besta 2018\" width=\"482\" height=\"362\" srcset=\"http:\/\/www.mutxiko.org\/wp-content\/uploads\/2018\/08\/IMG-20180813-WA0036-1024x768.jpg 1024w, http:\/\/www.mutxiko.org\/wp-content\/uploads\/2018\/08\/IMG-20180813-WA0036-300x225.jpg 300w, http:\/\/www.mutxiko.org\/wp-content\/uploads\/2018\/08\/IMG-20180813-WA0036-768x576.jpg 768w, http:\/\/www.mutxiko.org\/wp-content\/uploads\/2018\/08\/IMG-20180813-WA0036.jpg 1600w\" sizes=\"(max-width: 482px) 100vw, 482px\" \/><\/a><\/p>\n<p style=\"text-align: center;\">Pour voir plus de photos cliquez<a href=\"https:\/\/www.flickr.com\/photos\/142290625@N08\/albums\/72157698547511341\"> ici<\/a><\/p>\n<p style=\"text-align: left;\">30 ao\u00fbt et 13 septembre<br \/>\n<strong>Spectacle \u00e0 Ascain<\/strong><\/p>\n<p style=\"text-align: center;\"><a href=\"http:\/\/www.mutxiko.org\/wp-content\/uploads\/2018\/09\/sorgin-dantza.jpg\"><img decoding=\"async\" loading=\"lazy\" class=\"alignnone wp-image-18868\" src=\"http:\/\/www.mutxiko.org\/wp-content\/uploads\/2018\/09\/sorgin-dantza.jpg\" alt=\"sorgin dantza\" width=\"528\" height=\"397\" srcset=\"http:\/\/www.mutxiko.org\/wp-content\/uploads\/2018\/09\/sorgin-dantza.jpg 640w, http:\/\/www.mutxiko.org\/wp-content\/uploads\/2018\/09\/sorgin-dantza-300x225.jpg 300w\" sizes=\"(max-width: 528px) 100vw, 528px\" \/><\/a><br \/>\nPour voir plus de photos cliquez<a href=\"https:\/\/www.flickr.com\/photos\/142290625@N08\/albums\/72157699208394751\"> ici<\/a><\/p>\n<p style=\"text-align: left;\">31 ao\u00fbt<br \/>\n<strong>Spectacle \u00e0 Sokoburu, Hendaye<br \/>\n<\/strong><\/p>\n<p style=\"text-align: center;\"><a href=\"http:\/\/www.mutxiko.org\/wp-content\/uploads\/2018\/09\/uztai-txiki.jpg\"><img decoding=\"async\" loading=\"lazy\" class=\"alignnone wp-image-18865\" src=\"http:\/\/www.mutxiko.org\/wp-content\/uploads\/2018\/09\/uztai-txiki-1024x528.jpg\" alt=\"uztai txiki_sokoburu 2018\" width=\"535\" height=\"276\" srcset=\"http:\/\/www.mutxiko.org\/wp-content\/uploads\/2018\/09\/uztai-txiki-1024x528.jpg 1024w, http:\/\/www.mutxiko.org\/wp-content\/uploads\/2018\/09\/uztai-txiki-300x155.jpg 300w, http:\/\/www.mutxiko.org\/wp-content\/uploads\/2018\/09\/uztai-txiki-768x396.jpg 768w, http:\/\/www.mutxiko.org\/wp-content\/uploads\/2018\/09\/uztai-txiki.jpg 1293w\" sizes=\"(max-width: 535px) 100vw, 535px\" \/><\/a><br \/>\nPour voir plus de photos cliquez<a href=\"https:\/\/www.flickr.com\/photos\/142290625@N08\/albums\/72157699279592281\"> ici<\/a><\/p>\n<p>6 octobre<br \/>\n<strong>Spectacle de danses Basques Izarren Hautsa, \u00e0 Izarra, Alava<\/strong><\/p>\n<p>Au fronton de Izarra, avec le groupe local Triskari Dantza Taldea<\/p>\n<p style=\"text-align: center;\"><a href=\"http:\/\/www.mutxiko.org\/wp-content\/uploads\/2018\/10\/IMG-20181014-WA0012b.jpg\"><img decoding=\"async\" loading=\"lazy\" class=\"alignnone wp-image-19618\" src=\"http:\/\/www.mutxiko.org\/wp-content\/uploads\/2018\/10\/IMG-20181014-WA0012b-1024x718.jpg\" alt=\"Izarra\" width=\"611\" height=\"428\" srcset=\"http:\/\/www.mutxiko.org\/wp-content\/uploads\/2018\/10\/IMG-20181014-WA0012b-1024x718.jpg 1024w, http:\/\/www.mutxiko.org\/wp-content\/uploads\/2018\/10\/IMG-20181014-WA0012b-300x210.jpg 300w, http:\/\/www.mutxiko.org\/wp-content\/uploads\/2018\/10\/IMG-20181014-WA0012b-768x538.jpg 768w, http:\/\/www.mutxiko.org\/wp-content\/uploads\/2018\/10\/IMG-20181014-WA0012b.jpg 1198w\" sizes=\"(max-width: 611px) 100vw, 611px\" \/><\/a><\/p>\n<p style=\"text-align: center;\">Pour voir plus de photos cliquez<a href=\"https:\/\/www.flickr.com\/photos\/142290625@N08\/albums\/72157700909908901\"> ici<\/a><\/p>\n<p>21 octobre<br \/>\n<strong>Foire d&rsquo;Arudy- F\u00eates des Semailles<br \/>\n<\/strong><\/p>\n<p>Dans le cadre de la Foire d\u2019Arudy, Mutxiko Elkartea a \u00e9t\u00e9 invit\u00e9 \u00e0 participer au defil\u00e9 et animation, le matin. L\u2019apr\u00e9s midi, le groupe a offert un spectacle de danses basques.<\/p>\n<p style=\"text-align: center;\"><a href=\"http:\/\/www.mutxiko.org\/wp-content\/uploads\/2018\/11\/IMG-20181021-WA0013.jpg\"><img decoding=\"async\" loading=\"lazy\" class=\"alignnone wp-image-20041\" src=\"http:\/\/www.mutxiko.org\/wp-content\/uploads\/2018\/11\/IMG-20181021-WA0013-1024x576.jpg\" alt=\"Arudy 2018\" width=\"606\" height=\"341\" srcset=\"http:\/\/www.mutxiko.org\/wp-content\/uploads\/2018\/11\/IMG-20181021-WA0013-1024x576.jpg 1024w, http:\/\/www.mutxiko.org\/wp-content\/uploads\/2018\/11\/IMG-20181021-WA0013-300x169.jpg 300w, http:\/\/www.mutxiko.org\/wp-content\/uploads\/2018\/11\/IMG-20181021-WA0013-768x432.jpg 768w, http:\/\/www.mutxiko.org\/wp-content\/uploads\/2018\/11\/IMG-20181021-WA0013.jpg 1328w\" sizes=\"(max-width: 606px) 100vw, 606px\" \/><\/a><\/p>\n<p style=\"text-align: center;\">Pour voir plus de photos cliquez<a href=\"https:\/\/www.flickr.com\/photos\/142290625@N08\/albums\/72157674777647888\"> ici<\/a><\/p>\n","protected":false},"excerpt":{"rendered":"<p>27 Janvier Tamborrada de Hendaye Mutxiko a particip\u00e9 \u00e0 la Danborrada de Hendaye avec d\u2019autres associations et des repr\u00e9sentants des quartiers de la ville. Pour voir plus de photos cliquez ici 17 fevrier Carnaval de Hendaye Pour voir plus de photos cliquez ici 28 juin Spectacle \u00e1 Ascain Pour voir plus de photos cliquez ici [&hellip;]<\/p>\n","protected":false},"author":1,"featured_media":0,"parent":0,"menu_order":0,"comment_status":"closed","ping_status":"closed","template":"","meta":[],"_links":{"self":[{"href":"http:\/\/www.mutxiko.org\/index.php?rest_route=\/wp\/v2\/pages\/19614"}],"collection":[{"href":"http:\/\/www.mutxiko.org\/index.php?rest_route=\/wp\/v2\/pages"}],"about":[{"href":"http:\/\/www.mutxiko.org\/index.php?rest_route=\/wp\/v2\/types\/page"}],"author":[{"embeddable":true,"href":"http:\/\/www.mutxiko.org\/index.php?rest_route=\/wp\/v2\/users\/1"}],"replies":[{"embeddable":true,"href":"http:\/\/www.mutxiko.org\/index.php?rest_route=%2Fwp%2Fv2%2Fcomments&post=19614"}],"version-history":[{"count":7,"href":"http:\/\/www.mutxiko.org\/index.php?rest_route=\/wp\/v2\/pages\/19614\/revisions"}],"predecessor-version":[{"id":24481,"href":"http:\/\/www.mutxiko.org\/index.php?rest_route=\/wp\/v2\/pages\/19614\/revisions\/24481"}],"wp:attachment":[{"href":"http:\/\/www.mutxiko.org\/index.php?rest_route=%2Fwp%2Fv2%2Fmedia&parent=19614"}],"curies":[{"name":"wp","href":"https:\/\/api.w.org\/{rel}","templated":true}]}}