{"id":21369,"date":"2019-01-25T16:42:41","date_gmt":"2019-01-25T16:42:41","guid":{"rendered":"http:\/\/www.mutxiko.org\/?page_id=21369"},"modified":"2026-01-30T20:15:00","modified_gmt":"2026-01-30T20:15:00","slug":"21369-2","status":"publish","type":"page","link":"http:\/\/www.mutxiko.org\/?page_id=21369&lang=fr","title":{"rendered":"MUTXIKO ELKARTEA \u2013 GROUPE DE DANSES BASQUES"},"content":{"rendered":"\n<p><\/p>\n\n\n<div class=\"wp-block-image\">\n<figure class=\"aligncenter size-large\"><a href=\"http:\/\/www.mutxiko.org\/wp-content\/uploads\/2024\/01\/Macedoine.jpg\"><img decoding=\"async\" loading=\"lazy\" width=\"1024\" height=\"680\" src=\"http:\/\/www.mutxiko.org\/wp-content\/uploads\/2024\/01\/Macedoine-1024x680.jpg\" alt=\"\" class=\"wp-image-24938\" srcset=\"http:\/\/www.mutxiko.org\/wp-content\/uploads\/2024\/01\/Macedoine-1024x680.jpg 1024w, http:\/\/www.mutxiko.org\/wp-content\/uploads\/2024\/01\/Macedoine-300x199.jpg 300w, http:\/\/www.mutxiko.org\/wp-content\/uploads\/2024\/01\/Macedoine-768x510.jpg 768w, http:\/\/www.mutxiko.org\/wp-content\/uploads\/2024\/01\/Macedoine-1536x1021.jpg 1536w, http:\/\/www.mutxiko.org\/wp-content\/uploads\/2024\/01\/Macedoine.jpg 1553w\" sizes=\"(max-width: 1024px) 100vw, 1024px\" \/><\/a><\/figure><\/div>\n\n<div class=\"o9v6fnle cxmmr5t8 oygrvhab hcukyx3x c1et5uql ii04i59q\">\n<p style=\"text-align: center;\">MUTXIKO ELKARTEA est un groupe de danses et musiques traditionnelles basques ; il fut cr\u00e9\u00e9 en avril 1996 au sein de la commune d\u2019Hendaye.<\/p>\n<\/div>\n<p align=\"CENTER\">Depuis, le groupe a \u00e9t\u00e9 invit\u00e9 \u00e0 d\u2019importants festivals folkloriques dans de nombreuses provinces fran\u00e7aises et \u00e0 l\u2019\u00e9tranger: le Portugal, l\u2019Argentine, l\u2019Ecosse, l\u2019Espagne, la Hongrie, la R\u00e9publique Tch\u00e8que<b>, <\/b>la Mac\u00e9doine et le prestigieux Jaialdi de&nbsp;Boise aux \u00c9tats-Unis.<\/p>\n<p align=\"CENTER\">L\u2019association a pour but l\u2019\u00e9tude, l\u2019enseignement, la pratique et la diffusion des danses traditionnelles du Pays Basque.<\/p>\n<p align=\"center\"><a href=\"http:\/\/www.mutxiko.org\/wp-content\/uploads\/2016\/09\/Mutxiko-elkartea-Group.jpg\"><img decoding=\"async\" loading=\"lazy\" class=\"aligncenter wp-image-5243 size-full\" src=\"http:\/\/www.mutxiko.org\/wp-content\/uploads\/2016\/09\/Mutxiko-elkartea-Group.jpg\" alt=\"mutxiko-elkartea-groupe\" width=\"640\" height=\"359\" srcset=\"http:\/\/www.mutxiko.org\/wp-content\/uploads\/2016\/09\/Mutxiko-elkartea-Group.jpg 640w, http:\/\/www.mutxiko.org\/wp-content\/uploads\/2016\/09\/Mutxiko-elkartea-Group-300x168.jpg 300w\" sizes=\"(max-width: 640px) 100vw, 640px\" \/><\/a><\/p>\n<div align=\"center\">Le groupe est affili\u00e9 \u00e0 l\u2019Euskal Dantzarien Biltzarra l\u2019association des groupes basques.<\/div>\n\n\n<p><\/p>\n\n\n\n<p><\/p>\n\n\n\n<p><\/p>\n\n\n\n<p><\/p>\n\n\n\n<p><\/p>\n\n\n\n<p><\/p>\n","protected":false},"excerpt":{"rendered":"<p>MUTXIKO ELKARTEA est un groupe de danses et musiques traditionnelles basques ; il fut cr\u00e9\u00e9 en avril 1996 au sein de la commune d\u2019Hendaye. Depuis, le groupe a \u00e9t\u00e9 invit\u00e9 \u00e0 d\u2019importants festivals folkloriques dans de nombreuses provinces fran\u00e7aises et \u00e0 l\u2019\u00e9tranger: le Portugal, l\u2019Argentine, l\u2019Ecosse, l\u2019Espagne, la Hongrie, la R\u00e9publique Tch\u00e8que, la Mac\u00e9doine et [&hellip;]<\/p>\n","protected":false},"author":1,"featured_media":0,"parent":0,"menu_order":0,"comment_status":"closed","ping_status":"closed","template":"","meta":[],"_links":{"self":[{"href":"http:\/\/www.mutxiko.org\/index.php?rest_route=\/wp\/v2\/pages\/21369"}],"collection":[{"href":"http:\/\/www.mutxiko.org\/index.php?rest_route=\/wp\/v2\/pages"}],"about":[{"href":"http:\/\/www.mutxiko.org\/index.php?rest_route=\/wp\/v2\/types\/page"}],"author":[{"embeddable":true,"href":"http:\/\/www.mutxiko.org\/index.php?rest_route=\/wp\/v2\/users\/1"}],"replies":[{"embeddable":true,"href":"http:\/\/www.mutxiko.org\/index.php?rest_route=%2Fwp%2Fv2%2Fcomments&post=21369"}],"version-history":[{"count":67,"href":"http:\/\/www.mutxiko.org\/index.php?rest_route=\/wp\/v2\/pages\/21369\/revisions"}],"predecessor-version":[{"id":24975,"href":"http:\/\/www.mutxiko.org\/index.php?rest_route=\/wp\/v2\/pages\/21369\/revisions\/24975"}],"wp:attachment":[{"href":"http:\/\/www.mutxiko.org\/index.php?rest_route=%2Fwp%2Fv2%2Fmedia&parent=21369"}],"curies":[{"name":"wp","href":"https:\/\/api.w.org\/{rel}","templated":true}]}}