{"id":24543,"date":"2019-09-14T15:45:03","date_gmt":"2019-09-14T15:45:03","guid":{"rendered":"http:\/\/www.mutxiko.org\/?page_id=24543"},"modified":"2019-09-14T15:45:04","modified_gmt":"2019-09-14T15:45:04","slug":"2019-7","status":"publish","type":"page","link":"http:\/\/www.mutxiko.org\/?page_id=24543&lang=fr","title":{"rendered":"2019"},"content":{"rendered":"\n<p>26 Janvier <br><strong>Tamborrada de Hendaye<\/strong><br>Mutxiko a particip\u00e9 \u00e0 la Danborrada de Hendaye avec d\u2019autres associations et des repr\u00e9sentants des quartiers de la ville<\/p>\n\n\n\n<figure class=\"wp-block-image\"><img decoding=\"async\" loading=\"lazy\" width=\"792\" height=\"445\" src=\"http:\/\/www.mutxiko.org\/wp-content\/uploads\/2019\/07\/20190201170707-a8039c09-me.jpg\" alt=\"\" class=\"wp-image-24448\" srcset=\"http:\/\/www.mutxiko.org\/wp-content\/uploads\/2019\/07\/20190201170707-a8039c09-me.jpg 792w, http:\/\/www.mutxiko.org\/wp-content\/uploads\/2019\/07\/20190201170707-a8039c09-me-300x169.jpg 300w, http:\/\/www.mutxiko.org\/wp-content\/uploads\/2019\/07\/20190201170707-a8039c09-me-768x432.jpg 768w\" sizes=\"(max-width: 792px) 100vw, 792px\" \/><figcaption>Pour voir plus de photos cliquez <a href=\"http:\/\/www.mutxiko.org\/argazkiak\/index.php?\/category\/129\">ici<\/a><br><\/figcaption><\/figure>\n\n\n\n<p>9 mars  <br><strong>Carnaval de Hendaye <\/strong><br>Zagi Dantza, danse de Goizueta <\/p>\n\n\n\n<figure class=\"wp-block-image\"><img decoding=\"async\" loading=\"lazy\" width=\"792\" height=\"445\" src=\"http:\/\/www.mutxiko.org\/wp-content\/uploads\/2019\/07\/20190309210652-9c8087bc-me.jpg\" alt=\"\" class=\"wp-image-24441\" srcset=\"http:\/\/www.mutxiko.org\/wp-content\/uploads\/2019\/07\/20190309210652-9c8087bc-me.jpg 792w, http:\/\/www.mutxiko.org\/wp-content\/uploads\/2019\/07\/20190309210652-9c8087bc-me-300x169.jpg 300w, http:\/\/www.mutxiko.org\/wp-content\/uploads\/2019\/07\/20190309210652-9c8087bc-me-768x432.jpg 768w\" sizes=\"(max-width: 792px) 100vw, 792px\" \/><figcaption>Pour voir plus de photos cliquez <a href=\"http:\/\/www.mutxiko.org\/argazkiak\/index.php?\/category\/131\">ici<\/a><\/figcaption><\/figure>\n\n\n\n<p>16 f\u00e9vrier<br><strong>Carnaval de Bayonne <\/strong><\/p>\n\n\n\n<figure class=\"wp-block-image is-resized\"><img decoding=\"async\" loading=\"lazy\" src=\"http:\/\/www.mutxiko.org\/wp-content\/uploads\/2019\/07\/20190226211443-9d82a036-cu_e520x360.jpg\" alt=\"\" class=\"wp-image-24440\" width=\"630\" height=\"435\" srcset=\"http:\/\/www.mutxiko.org\/wp-content\/uploads\/2019\/07\/20190226211443-9d82a036-cu_e520x360.jpg 520w, http:\/\/www.mutxiko.org\/wp-content\/uploads\/2019\/07\/20190226211443-9d82a036-cu_e520x360-300x207.jpg 300w\" sizes=\"(max-width: 630px) 100vw, 630px\" \/><figcaption>Pour voir plus de photos cliquez  <a href=\"http:\/\/www.mutxiko.org\/argazkiak\/index.php?\/category\/130\">ici<\/a><\/figcaption><\/figure>\n\n\n\n<p>7 Juin <br><strong>Sp\u00e9ctacle a Hai\u00e7abia <\/strong><\/p>\n\n\n\n<figure class=\"wp-block-image\"><img decoding=\"async\" loading=\"lazy\" width=\"792\" height=\"445\" src=\"http:\/\/www.mutxiko.org\/wp-content\/uploads\/2019\/07\/20190608000933-3d34a5e1-me.jpg\" alt=\"\" class=\"wp-image-24449\" srcset=\"http:\/\/www.mutxiko.org\/wp-content\/uploads\/2019\/07\/20190608000933-3d34a5e1-me.jpg 792w, http:\/\/www.mutxiko.org\/wp-content\/uploads\/2019\/07\/20190608000933-3d34a5e1-me-300x169.jpg 300w, http:\/\/www.mutxiko.org\/wp-content\/uploads\/2019\/07\/20190608000933-3d34a5e1-me-768x432.jpg 768w\" sizes=\"(max-width: 792px) 100vw, 792px\" \/><figcaption>Pour voir plus de photos cliquez <a href=\"http:\/\/www.mutxiko.org\/argazkiak\/index.php?\/category\/132\">ici<\/a><br><\/figcaption><\/figure>\n\n\n\n<p>27 juin  <br><strong>Sp\u00e9ctacle \u00e0 Ascain<\/strong><\/p>\n\n\n\n<figure class=\"wp-block-image\"><img decoding=\"async\" loading=\"lazy\" width=\"792\" height=\"593\" src=\"http:\/\/www.mutxiko.org\/wp-content\/uploads\/2019\/07\/20190628091416-e0efefc4-me.jpg\" alt=\"\" class=\"wp-image-24455\" srcset=\"http:\/\/www.mutxiko.org\/wp-content\/uploads\/2019\/07\/20190628091416-e0efefc4-me.jpg 792w, http:\/\/www.mutxiko.org\/wp-content\/uploads\/2019\/07\/20190628091416-e0efefc4-me-300x225.jpg 300w, http:\/\/www.mutxiko.org\/wp-content\/uploads\/2019\/07\/20190628091416-e0efefc4-me-768x575.jpg 768w\" sizes=\"(max-width: 792px) 100vw, 792px\" \/><figcaption>Pour voir plus de photos cliquez <a href=\"http:\/\/www.mutxiko.org\/argazkiak\/index.php?\/category\/134\">ici<\/a><\/figcaption><\/figure>\n\n\n\n<p>15 juillet  <br><strong>Spectacle \u00e0 Biriatou <\/strong><\/p>\n\n\n\n<figure class=\"wp-block-image\"><img decoding=\"async\" loading=\"lazy\" width=\"792\" height=\"528\" src=\"http:\/\/www.mutxiko.org\/wp-content\/uploads\/2019\/07\/20190717093559-6f9f562d-me.jpg\" alt=\"\" class=\"wp-image-24461\" srcset=\"http:\/\/www.mutxiko.org\/wp-content\/uploads\/2019\/07\/20190717093559-6f9f562d-me.jpg 792w, http:\/\/www.mutxiko.org\/wp-content\/uploads\/2019\/07\/20190717093559-6f9f562d-me-300x200.jpg 300w, http:\/\/www.mutxiko.org\/wp-content\/uploads\/2019\/07\/20190717093559-6f9f562d-me-768x512.jpg 768w\" sizes=\"(max-width: 792px) 100vw, 792px\" \/><figcaption>Pour voir plus de photos cliquez <a href=\"http:\/\/www.mutxiko.org\/argazkiak\/index.php?\/category\/136\">ici<\/a><br><\/figcaption><\/figure>\n\n\n\n<p>23 Juillet <br><strong>Sp\u00e9ctacle au Camping Ametza <\/strong><\/p>\n\n\n\n<figure class=\"wp-block-image\"><img decoding=\"async\" loading=\"lazy\" width=\"792\" height=\"391\" src=\"http:\/\/www.mutxiko.org\/wp-content\/uploads\/2019\/07\/20190724103440-8083d08a-me.jpg\" alt=\"\" class=\"wp-image-24466\" srcset=\"http:\/\/www.mutxiko.org\/wp-content\/uploads\/2019\/07\/20190724103440-8083d08a-me.jpg 792w, http:\/\/www.mutxiko.org\/wp-content\/uploads\/2019\/07\/20190724103440-8083d08a-me-300x148.jpg 300w, http:\/\/www.mutxiko.org\/wp-content\/uploads\/2019\/07\/20190724103440-8083d08a-me-768x379.jpg 768w\" sizes=\"(max-width: 792px) 100vw, 792px\" \/><figcaption>Pour voir plus de photos cliquez <a href=\"http:\/\/www.mutxiko.org\/argazkiak\/index.php?\/category\/138\">ici<\/a> ou <a href=\"http:\/\/www.mutxiko.org\/argazkiak\/index.php?\/category\/137\">ici<\/a><\/figcaption><\/figure>\n\n\n\n<p>5 Ao\u00fbt <br><strong>Sp\u00e9ctacle \u00e0 Sokoburu<\/strong><\/p>\n\n\n\n<figure class=\"wp-block-image\"><img decoding=\"async\" loading=\"lazy\" width=\"1024\" height=\"521\" src=\"http:\/\/www.mutxiko.org\/wp-content\/uploads\/2019\/08\/sokoburu1-1024x521.jpg\" alt=\"\" class=\"wp-image-24495\" srcset=\"http:\/\/www.mutxiko.org\/wp-content\/uploads\/2019\/08\/sokoburu1-1024x521.jpg 1024w, http:\/\/www.mutxiko.org\/wp-content\/uploads\/2019\/08\/sokoburu1-300x153.jpg 300w, http:\/\/www.mutxiko.org\/wp-content\/uploads\/2019\/08\/sokoburu1-768x391.jpg 768w, http:\/\/www.mutxiko.org\/wp-content\/uploads\/2019\/08\/sokoburu1.jpg 1200w\" sizes=\"(max-width: 1024px) 100vw, 1024px\" \/><figcaption>Pour voir plus de photos cliquez <a href=\"http:\/\/www.mutxiko.org\/argazkiak\/index.php?\/category\/139\">ici<\/a><\/figcaption><\/figure>\n\n\n\n<p>11 Ao\u00fbt <br><strong>F\u00eate Basque \u00e0 Hendaye <\/strong><\/p>\n\n\n\n<div class=\"wp-block-image\"><figure class=\"aligncenter\"><img decoding=\"async\" loading=\"lazy\" width=\"1024\" height=\"768\" src=\"http:\/\/www.mutxiko.org\/wp-content\/uploads\/2019\/09\/IMG-20190811-WA0017-1024x768.jpg\" alt=\"\" class=\"wp-image-24519\" srcset=\"http:\/\/www.mutxiko.org\/wp-content\/uploads\/2019\/09\/IMG-20190811-WA0017-1024x768.jpg 1024w, http:\/\/www.mutxiko.org\/wp-content\/uploads\/2019\/09\/IMG-20190811-WA0017-300x225.jpg 300w, http:\/\/www.mutxiko.org\/wp-content\/uploads\/2019\/09\/IMG-20190811-WA0017-768x576.jpg 768w, http:\/\/www.mutxiko.org\/wp-content\/uploads\/2019\/09\/IMG-20190811-WA0017.jpg 1600w\" sizes=\"(max-width: 1024px) 100vw, 1024px\" \/><figcaption>Pour voir plus de photos cliquez <a href=\"http:\/\/www.mutxiko.org\/argazkiak\/index.php?\/category\/141\">ici<\/a><\/figcaption><\/figure><\/div>\n\n\n\n<p>12 Septembre<br><strong>Sp\u00e9ctacle \u00e0 Ascain<\/strong><\/p>\n\n\n\n<div class=\"wp-block-image\"><figure class=\"aligncenter\"><img decoding=\"async\" loading=\"lazy\" width=\"1024\" height=\"975\" src=\"http:\/\/www.mutxiko.org\/wp-content\/uploads\/2019\/09\/Azkaine_2019-1024x975.jpg\" alt=\"\" class=\"wp-image-24521\" srcset=\"http:\/\/www.mutxiko.org\/wp-content\/uploads\/2019\/09\/Azkaine_2019-1024x975.jpg 1024w, http:\/\/www.mutxiko.org\/wp-content\/uploads\/2019\/09\/Azkaine_2019-300x286.jpg 300w, http:\/\/www.mutxiko.org\/wp-content\/uploads\/2019\/09\/Azkaine_2019-768x731.jpg 768w, http:\/\/www.mutxiko.org\/wp-content\/uploads\/2019\/09\/Azkaine_2019.jpg 1200w\" sizes=\"(max-width: 1024px) 100vw, 1024px\" \/><figcaption>Pour voir plus de photos cliquez<a href=\"http:\/\/www.mutxiko.org\/argazkiak\/index.php?\/category\/147\"> ici<\/a><\/figcaption><\/figure><\/div>\n","protected":false},"excerpt":{"rendered":"<p>26 Janvier Tamborrada de HendayeMutxiko a particip\u00e9 \u00e0 la Danborrada de Hendaye avec d\u2019autres associations et des repr\u00e9sentants des quartiers de la ville 9 mars Carnaval de Hendaye Zagi Dantza, danse de Goizueta 16 f\u00e9vrierCarnaval de Bayonne 7 Juin Sp\u00e9ctacle a Hai\u00e7abia 27 juin Sp\u00e9ctacle \u00e0 Ascain 15 juillet Spectacle \u00e0 Biriatou 23 Juillet Sp\u00e9ctacle [&hellip;]<\/p>\n","protected":false},"author":1,"featured_media":0,"parent":0,"menu_order":0,"comment_status":"closed","ping_status":"closed","template":"","meta":[],"_links":{"self":[{"href":"http:\/\/www.mutxiko.org\/index.php?rest_route=\/wp\/v2\/pages\/24543"}],"collection":[{"href":"http:\/\/www.mutxiko.org\/index.php?rest_route=\/wp\/v2\/pages"}],"about":[{"href":"http:\/\/www.mutxiko.org\/index.php?rest_route=\/wp\/v2\/types\/page"}],"author":[{"embeddable":true,"href":"http:\/\/www.mutxiko.org\/index.php?rest_route=\/wp\/v2\/users\/1"}],"replies":[{"embeddable":true,"href":"http:\/\/www.mutxiko.org\/index.php?rest_route=%2Fwp%2Fv2%2Fcomments&post=24543"}],"version-history":[{"count":1,"href":"http:\/\/www.mutxiko.org\/index.php?rest_route=\/wp\/v2\/pages\/24543\/revisions"}],"predecessor-version":[{"id":24544,"href":"http:\/\/www.mutxiko.org\/index.php?rest_route=\/wp\/v2\/pages\/24543\/revisions\/24544"}],"wp:attachment":[{"href":"http:\/\/www.mutxiko.org\/index.php?rest_route=%2Fwp%2Fv2%2Fmedia&parent=24543"}],"curies":[{"name":"wp","href":"https:\/\/api.w.org\/{rel}","templated":true}]}}