{"id":247,"date":"2015-12-08T09:07:35","date_gmt":"2015-12-08T09:07:35","guid":{"rendered":"http:\/\/www.mutxiko.org\/?page_id=247"},"modified":"2017-01-31T18:40:48","modified_gmt":"2017-01-31T18:40:48","slug":"2015-2","status":"publish","type":"page","link":"http:\/\/www.mutxiko.org\/?page_id=247&lang=fr","title":{"rendered":"2015"},"content":{"rendered":"<p><strong>17 janvier<br \/>\nDanborrada de Hendaye<br \/>\n<\/strong><\/p>\n<p>Mutxiko a particip\u00e9 \u00e0 la Danborrada de Hendaye avec d\u2019autres associations et des repr\u00e9sentants des quartiers de la ville.<\/p>\n<p style=\"text-align: center;\"><a href=\"http:\/\/www.mutxiko.org\/wp-content\/uploads\/2015\/12\/IMG_20150117_134445560_001.jpg\"><img decoding=\"async\" loading=\"lazy\" class=\"aligncenter wp-image-249 \" src=\"http:\/\/www.mutxiko.org\/wp-content\/uploads\/2015\/12\/IMG_20150117_134445560_001.jpg\" alt=\"IMG_20150117_134445560_001\" width=\"581\" height=\"331\" \/><\/a>Pour voir plus de photos cliquez<a href=\"https:\/\/www.flickr.com\/photos\/142290625@N08\/sets\/72157665354325713\"> ici\u00a0\u00a0\u00a0\u00a0\u00a0 <\/a><a href=\"https:\/\/www.youtube.com\/watch?v=YVNww0cQZkE\">VIDEO<\/a><\/p>\n<p>&nbsp;<\/p>\n<p><strong>21 F\u00e9vrier<br \/>\nCarnaval de Hendaye<\/strong><\/p>\n<p>Mutxiko Elkartea \u00e0 particip\u00e9 au defil\u00e9.<\/p>\n<p style=\"text-align: center;\"><a href=\"http:\/\/www.mutxiko.org\/wp-content\/uploads\/2015\/12\/hendaia-Carnaval-2015.jpg\"><img decoding=\"async\" loading=\"lazy\" class=\"wp-image-257 aligncenter\" src=\"http:\/\/www.mutxiko.org\/wp-content\/uploads\/2015\/12\/hendaia-Carnaval-2015.jpg\" alt=\"hendaia Carnaval 2015\" width=\"582\" height=\"354\" srcset=\"http:\/\/www.mutxiko.org\/wp-content\/uploads\/2015\/12\/hendaia-Carnaval-2015.jpg 694w, http:\/\/www.mutxiko.org\/wp-content\/uploads\/2015\/12\/hendaia-Carnaval-2015-300x182.jpg 300w\" sizes=\"(max-width: 582px) 100vw, 582px\" \/><\/a>Pour voir plus de photos cliquez<a href=\"https:\/\/www.flickr.com\/photos\/142290625@N08\/sets\/72157667531345851\"> ici<\/a><\/p>\n<p>&nbsp;<\/p>\n<p><strong>9 Ao\u00fbt<br \/>\nF\u00eate Basque, Hendaye<\/strong><\/p>\n<p>Participation au d\u00e9fil\u00e9 de la F\u00eate Basque \u00e0 Hendaye. Le matin, trois dantzaris du groupe dans\u00e8rent Ezpata Dantza \u00e0 la messe.<\/p>\n<p style=\"text-align: center;\"><a href=\"http:\/\/www.mutxiko.org\/wp-content\/uploads\/2015\/12\/11807399_10207587988406708_3508123251152200987_o_001.jpg\"><img decoding=\"async\" loading=\"lazy\" class=\"aligncenter wp-image-259 \" src=\"http:\/\/www.mutxiko.org\/wp-content\/uploads\/2015\/12\/11807399_10207587988406708_3508123251152200987_o_001.jpg\" alt=\"11807399_10207587988406708_3508123251152200987_o_001\" width=\"578\" height=\"384\" srcset=\"http:\/\/www.mutxiko.org\/wp-content\/uploads\/2015\/12\/11807399_10207587988406708_3508123251152200987_o_001.jpg 2048w, http:\/\/www.mutxiko.org\/wp-content\/uploads\/2015\/12\/11807399_10207587988406708_3508123251152200987_o_001-300x199.jpg 300w, http:\/\/www.mutxiko.org\/wp-content\/uploads\/2015\/12\/11807399_10207587988406708_3508123251152200987_o_001-1024x680.jpg 1024w\" sizes=\"(max-width: 578px) 100vw, 578px\" \/><\/a>Pour voir plus de photos\u00a0 cliquez<a href=\"https:\/\/www.flickr.com\/photos\/142290625@N08\/albums\/72157667694097125\"><u> ici<\/u><\/a><\/p>\n<p>&nbsp;<\/p>\n<p><strong>Du 28 au 31 Ao\u00fbt\u00a0<\/strong><\/p>\n<p>Participation pour la 3<sup>\u00e8me<\/sup> fois au \u00ab\u00a0Peebles Arts Festival\u00a0\u00bb, dans le cadre du Jumelage de la Ville d\u2019Hendaye avec PEEBLES en Ecosse.<\/p>\n<p>Deux spectacles: en soir\u00e9e au th\u00e9\u00e2tre EASTGATE et en matin\u00e9e sur la place du QUADRANGLE.<\/p>\n<p>Accueil chaleureux et de tr\u00e8s bons souvenirs.<\/p>\n<p style=\"text-align: center;\"><a href=\"http:\/\/www.mutxiko.org\/wp-content\/uploads\/2015\/12\/084-Copy1.jpg\"><img decoding=\"async\" loading=\"lazy\" class=\"aligncenter wp-image-261 size-full\" src=\"http:\/\/www.mutxiko.org\/wp-content\/uploads\/2015\/12\/084-Copy1-e1449566327940.jpg\" alt=\"084 - Copy\" width=\"577\" height=\"323\" srcset=\"http:\/\/www.mutxiko.org\/wp-content\/uploads\/2015\/12\/084-Copy1-e1449566327940.jpg 577w, http:\/\/www.mutxiko.org\/wp-content\/uploads\/2015\/12\/084-Copy1-e1449566327940-300x168.jpg 300w\" sizes=\"(max-width: 577px) 100vw, 577px\" \/><\/a>Pour voir plus de photos, cliquez\u00a0<a href=\"https:\/\/www.flickr.com\/photos\/142290625@N08\/albums\/72157667638364966\">ici\u00a0<\/a><\/p>\n<p>&nbsp;<\/p>\n<p><strong>27 Septembre<br \/>\nF\u00eate de la Corniche<\/strong><\/p>\n<p>Comme chaque ann\u00e9e,\u00a0la F\u00eate de la Corniche \u00e0 Hendaye, organis\u00e9e par le Conseil G\u00e9n\u00e9ral des Pyr\u00e9n\u00e9es-Atlantiques. La route de la corniche est ferm\u00e9e \u00e0 la circulation. Grand pic-nic, animation, visites et decouvertes. Animation avec Mutxiko Elkartea.<\/p>\n<p style=\"text-align: center;\"><a href=\"http:\/\/www.mutxiko.org\/wp-content\/uploads\/2015\/12\/20150927_123910.jpg\"><img decoding=\"async\" loading=\"lazy\" class=\" wp-image-263 aligncenter\" src=\"http:\/\/www.mutxiko.org\/wp-content\/uploads\/2015\/12\/20150927_123910-1024x576.jpg\" alt=\"20150927_123910\" width=\"515\" height=\"298\" \/><\/a>Pour voir plus de photos\u00a0 cliquez<a href=\"https:\/\/www.flickr.com\/photos\/142290625@N08\/albums\/72157667496911782\"><u> ici<\/u><\/a><\/p>\n<p>&nbsp;<\/p>\n<p><strong>9 Octobre<\/strong><strong><br \/>\n<\/strong><strong>Journ\u00e9e de la pomme \u00e0 Abbadia<\/strong><\/p>\n<p>On a f\u00eat\u00e9 le jour du pressurage de la pomme o\u00f9 l\u2019on montre comment se fait la press\u00e9e de la pomme et la future \u00e9laboration du cidre. Le groupe Mutxiko a dans\u00e9 la Sagar Dantza de Arizcun et \u00e0 anim\u00e9 l\u2019\u00e9v\u00e8nement avec mutxikoak, arin-arin\u2026<\/p>\n<p style=\"text-align: center;\"><a href=\"http:\/\/www.mutxiko.org\/wp-content\/uploads\/2016\/05\/26094302254_3e13d6349b_o.jpg\"><img decoding=\"async\" loading=\"lazy\" class=\"wp-image-1136 aligncenter\" src=\"http:\/\/www.mutxiko.org\/wp-content\/uploads\/2016\/05\/26094302254_3e13d6349b_o.jpg\" alt=\"Prentsaketa 2015\" width=\"525\" height=\"393\" srcset=\"http:\/\/www.mutxiko.org\/wp-content\/uploads\/2016\/05\/26094302254_3e13d6349b_o.jpg 960w, http:\/\/www.mutxiko.org\/wp-content\/uploads\/2016\/05\/26094302254_3e13d6349b_o-300x225.jpg 300w\" sizes=\"(max-width: 525px) 100vw, 525px\" \/><\/a>Pour voir plus de photos\u00a0 cliquez<a href=\"https:\/\/www.flickr.com\/photos\/142290625@N08\/albums\/72157665368645473\"><u> ici<\/u><\/a><\/p>\n<p>&nbsp;<\/p>\n","protected":false},"excerpt":{"rendered":"<p>17 janvier Danborrada de Hendaye Mutxiko a particip\u00e9 \u00e0 la Danborrada de Hendaye avec d\u2019autres associations et des repr\u00e9sentants des quartiers de la ville. Pour voir plus de photos cliquez ici\u00a0\u00a0\u00a0\u00a0\u00a0 VIDEO &nbsp; 21 F\u00e9vrier Carnaval de Hendaye Mutxiko Elkartea \u00e0 particip\u00e9 au defil\u00e9. Pour voir plus de photos cliquez ici &nbsp; 9 Ao\u00fbt F\u00eate [&hellip;]<\/p>\n","protected":false},"author":1,"featured_media":0,"parent":0,"menu_order":0,"comment_status":"closed","ping_status":"closed","template":"","meta":[],"_links":{"self":[{"href":"http:\/\/www.mutxiko.org\/index.php?rest_route=\/wp\/v2\/pages\/247"}],"collection":[{"href":"http:\/\/www.mutxiko.org\/index.php?rest_route=\/wp\/v2\/pages"}],"about":[{"href":"http:\/\/www.mutxiko.org\/index.php?rest_route=\/wp\/v2\/types\/page"}],"author":[{"embeddable":true,"href":"http:\/\/www.mutxiko.org\/index.php?rest_route=\/wp\/v2\/users\/1"}],"replies":[{"embeddable":true,"href":"http:\/\/www.mutxiko.org\/index.php?rest_route=%2Fwp%2Fv2%2Fcomments&post=247"}],"version-history":[{"count":16,"href":"http:\/\/www.mutxiko.org\/index.php?rest_route=\/wp\/v2\/pages\/247\/revisions"}],"predecessor-version":[{"id":7955,"href":"http:\/\/www.mutxiko.org\/index.php?rest_route=\/wp\/v2\/pages\/247\/revisions\/7955"}],"wp:attachment":[{"href":"http:\/\/www.mutxiko.org\/index.php?rest_route=%2Fwp%2Fv2%2Fmedia&parent=247"}],"curies":[{"name":"wp","href":"https:\/\/api.w.org\/{rel}","templated":true}]}}