{"id":298,"date":"2015-12-08T17:27:18","date_gmt":"2015-12-08T17:27:18","guid":{"rendered":"http:\/\/www.mutxiko.org\/?page_id=298"},"modified":"2016-09-11T16:17:29","modified_gmt":"2016-09-11T16:17:29","slug":"2014-2","status":"publish","type":"page","link":"http:\/\/www.mutxiko.org\/?page_id=298&lang=fr","title":{"rendered":"2014"},"content":{"rendered":"<p><strong>18 janvier<\/strong><\/p>\n<p align=\"LEFT\">Mutxiko a particip\u00e9 \u00e0 la Danborrada d\u2019Hendaye avec d\u2019autres associations et des repr\u00e9sentants des quartiers de la ville.<\/p>\n<p align=\"CENTER\"><a href=\"http:\/\/www.mutxiko.org\/wp-content\/uploads\/2015\/12\/CIMG0927_001-e1449595557762.jpg\"><img decoding=\"async\" loading=\"lazy\" class=\" wp-image-303 aligncenter\" src=\"http:\/\/www.mutxiko.org\/wp-content\/uploads\/2015\/12\/CIMG0927_001-e1449595557762.jpg\" alt=\"Danborrada\" width=\"589\" height=\"325\" \/><\/a>Pour voir plus de photos cliquez<a class=\"external-link\" href=\"https:\/\/www.flickr.com\/photos\/142290625@N08\/albums\/72157665341420554\" target=\"_blank\"> ici<\/a><\/p>\n<p align=\"LEFT\"><strong>8 Mars<\/strong><\/p>\n<p align=\"LEFT\"><strong>Carnaval d<\/strong>\u2019 <strong>Hendaye,<\/strong> Mutxiko Elkartea a particip\u00e9 au defil\u00e9.<\/p>\n<p align=\"center\"><a href=\"http:\/\/www.mutxiko.org\/wp-content\/uploads\/2015\/12\/Ihauteriak-mutxiko_001.jpg\"><img decoding=\"async\" loading=\"lazy\" class=\" wp-image-302 aligncenter\" src=\"http:\/\/www.mutxiko.org\/wp-content\/uploads\/2015\/12\/Ihauteriak-mutxiko_001-1024x575.jpg\" alt=\"Ihauteriak mutxiko_001\" width=\"561\" height=\"321\" \/><\/a>Pour voir plus de photos cliquez <a class=\"external-link\" href=\"https:\/\/www.flickr.com\/photos\/142290625@N08\/albums\/72157667499367872\" target=\"_blank\">ici<\/a><\/p>\n<p>&nbsp;<\/p>\n<p><strong>18 juin<br \/>\nSpectacle \u00e0 Ascain<\/strong><\/p>\n<p>Dans le cadre des activit\u00e9s que le Comit\u00e9 des f\u00eates d\u2019Ascain organise l\u2019\u00e9t\u00e9, Mutxiko a offert un spectacle de danse au fronton Chourio<\/p>\n<p align=\"center\"><img decoding=\"async\" loading=\"lazy\" class=\"aligncenter\" src=\"http:\/\/www.mutxiko.org\/wp-content\/uploads\/2015\/12\/P1010563_001-e1449650665395.jpg\" alt=\"\" width=\"549\" height=\"262\" \/><\/p>\n<p align=\"center\">Pour voir plus de photos\u00a0 cliquez<a class=\"external-link\" href=\"https:\/\/www.flickr.com\/photos\/142290625@N08\/albums\/72157667493920912\" target=\"_blank\"><u> ici<\/u><\/a><\/p>\n<p align=\"left\"><strong>7 juillet<br \/>\nSpectacle \u00e0 Biriatou<\/strong><\/p>\n<p>Dans le cadre des activit\u00e9s que le Comit\u00e9 des f\u00eates de Biriatou organise l\u2019\u00e9t\u00e9, Mutxiko a offert un spectacle de danses.<\/p>\n<p align=\"center\"><a href=\"http:\/\/www.mutxiko.org\/wp-content\/uploads\/2015\/12\/DSCN2108.jpg\"><img decoding=\"async\" loading=\"lazy\" class=\" wp-image-301 aligncenter\" src=\"http:\/\/www.mutxiko.org\/wp-content\/uploads\/2015\/12\/DSCN2108-1024x566.jpg\" alt=\"DSCN2108\" width=\"544\" height=\"300\" srcset=\"http:\/\/www.mutxiko.org\/wp-content\/uploads\/2015\/12\/DSCN2108-1024x566.jpg 1024w, http:\/\/www.mutxiko.org\/wp-content\/uploads\/2015\/12\/DSCN2108-300x166.jpg 300w, http:\/\/www.mutxiko.org\/wp-content\/uploads\/2015\/12\/DSCN2108-672x372.jpg 672w\" sizes=\"(max-width: 544px) 100vw, 544px\" \/><\/a>Pour voir plus de photos\u00a0 cliquez<a class=\"external-link\" href=\"https:\/\/www.flickr.com\/photos\/142290625@N08\/albums\/72157665340126464\" target=\"_blank\"><u> ici<\/u><\/a><\/p>\n<p align=\"left\"><strong>17 juillet<br \/>\n<\/strong><strong>Spectacle au Camping Ametza, Hendaye<br \/>\n<\/strong><\/p>\n<p align=\"center\"><a href=\"http:\/\/www.mutxiko.org\/wp-content\/uploads\/2015\/12\/la-foto-3-1.jpg\"><img decoding=\"async\" loading=\"lazy\" class=\"alignnone wp-image-300\" src=\"http:\/\/www.mutxiko.org\/wp-content\/uploads\/2015\/12\/la-foto-3-1-1024x768.jpg\" alt=\"la foto 3-1\" width=\"526\" height=\"377\" \/><\/a><\/p>\n<p align=\"center\">Pour voir plus de photos\u00a0 cliquez<a class=\"external-link\" href=\"https:\/\/www.flickr.com\/photos\/142290625@N08\/albums\/72157667620619726\" target=\"_blank\"><u> ici<\/u><\/a><\/p>\n<p class=\"western\"><strong>26 juillet<br \/>\nSpectacle \u00e0 Sokoburu<\/strong><\/p>\n<p class=\"western\" align=\"LEFT\">Spectacle \u00e0 Sokoburu dans le cadre du programme d\u2019activit\u00e9s estivales du Comit\u00e9 des f\u00eates d\u2019Hendaye.<\/p>\n<p align=\"center\">\u00a0<a href=\"http:\/\/www.mutxiko.org\/wp-content\/uploads\/2015\/12\/DSCN2182_001.jpg\"><img decoding=\"async\" loading=\"lazy\" class=\"alignnone wp-image-299\" src=\"http:\/\/www.mutxiko.org\/wp-content\/uploads\/2015\/12\/DSCN2182_001.jpg\" alt=\"DSCN2182_001\" width=\"529\" height=\"395\" \/><\/a><\/p>\n<p align=\"center\">Pour voir plus de photos\u00a0 cliquez<a class=\"external-link\" href=\"https:\/\/www.flickr.com\/photos\/142290625@N08\/albums\/72157665369875184\" target=\"_blank\"><u> ici<\/u><\/a><\/p>\n<p class=\"western\"><strong>30 juillet-4 ao\u00fbt<\/strong><\/p>\n<p class=\"western\"><strong>Participation au Festival International de Folklore County Wandering \u00e0 Mako Hongrie<\/strong><\/p>\n<p>Mutxiko Elkartea a particip\u00e9 au festival en compagnie de groupes d\u2019autres pays\u00a0:Detsky Folklorn\u00ed Soubor Javorn\u00ed\u010dekde la R\u00e9publique Tch\u00e8que, Lubenka Folk Dance Group de Pologne et Turiec Children Folk Dance Group de Slovaquie.<\/p>\n<p class=\"western\">3 spectacles ont \u00e9t\u00e9 offerts\u00a0:<\/p>\n<p class=\"western\">31 juillet \u2013 A l\u2019\u00e9tablissement thermal de Cserkeszolo<\/p>\n<p class=\"western\">2 ao\u00fbt \u2013 A Medgyesegyhaza<\/p>\n<p class=\"western\">3 ao\u00fbt \u2013 A l\u2019\u00e9tablissement thermal de Cserkeszolo<\/p>\n<p class=\"western\">Un grand merci aux organisateurs pour leur excellent accueil et tous les bons moments que nous avons pass\u00e9s durant ce festival.<\/p>\n<p class=\"western\" align=\"center\"><img decoding=\"async\" loading=\"lazy\" class=\"aligncenter\" src=\"http:\/\/www.mutxiko.org\/wp-content\/uploads\/2015\/12\/Cserkeszolo12-1024x630.jpg\" alt=\"\" width=\"570\" height=\"356\" \/><\/p>\n<p style=\"text-align: center;\" align=\"left\">\u00a0\u00a0\u00a0\u00a0\u00a0\u00a0\u00a0\u00a0\u00a0\u00a0\u00a0\u00a0 Pour voir plus de photos\u00a0 cliquez<a class=\"external-link\" href=\"https:\/\/www.flickr.com\/photos\/142290625@N08\/albums\/72157667533348861\" target=\"_blank\"><u> ici<\/u><\/a><\/p>\n<p align=\"LEFT\"><strong>10 Ao\u00fbt<br \/>\nF\u00eate Basque, Hendaye<\/strong><\/p>\n<p align=\"LEFT\">Participation au d\u00e9fil\u00e9 de la F\u00eate Basque \u00e0 Hendaye. Le matin, trois dantzaris du groupe dans\u00e8rent Ezpata Dantza \u00e0 la masse.<\/p>\n<p align=\"center\"><a href=\"http:\/\/www.mutxiko.org\/wp-content\/uploads\/2015\/12\/Hendaia-euskal-jira-2014-8-10-_39__001.jpg\"><img decoding=\"async\" loading=\"lazy\" class=\"alignnone wp-image-306\" src=\"http:\/\/www.mutxiko.org\/wp-content\/uploads\/2015\/12\/Hendaia-euskal-jira-2014-8-10-_39__001-1024x768.jpg\" alt=\"Hendaia euskal jira 2014-8-10 _39__001\" width=\"527\" height=\"387\" \/><\/a><\/p>\n<p align=\"center\">Pour voir plus de photos\u00a0 cliquez<a class=\"external-link\" href=\"https:\/\/www.flickr.com\/photos\/142290625@N08\/albums\/72157665341675754\" target=\"_blank\"><u> ici<\/u><\/a><\/p>\n<p>&nbsp;<\/p>\n<p><strong>28 Ao\u00fbt, 4, 11 et 25 Septempbre<\/strong><\/p>\n<p><strong>Spectacle \u00e0 Ascain<\/strong><\/p>\n<p>Dans le cadre des activit\u00e9s que le Comit\u00e9 des f\u00eates d\u2019Ascain organise l\u2019\u00e9t\u00e9, Mutxiko a offert un spectacle de danse au fronton Chourio<\/p>\n<p align=\"center\"><a href=\"http:\/\/www.mutxiko.org\/wp-content\/uploads\/2015\/12\/azkaine_ikurrin_dantza_001.jpeg\"><img decoding=\"async\" loading=\"lazy\" class=\"alignnone wp-image-305\" src=\"http:\/\/www.mutxiko.org\/wp-content\/uploads\/2015\/12\/azkaine_ikurrin_dantza_001-1024x570.jpeg\" alt=\"azkaine_ikurrin_dantza_001\" width=\"535\" height=\"306\" \/><\/a><\/p>\n<p align=\"center\">\u00a0\u00a0\u00a0 Pour voir plus de photos\u00a0 cliquez<a class=\"external-link\" href=\"https:\/\/www.flickr.com\/photos\/142290625@N08\/albums\/72157667689652875\" target=\"_blank\"><u> ici<\/u><\/a><\/p>\n<p align=\"LEFT\"><strong>28 Septembre<br \/>\nF\u00eate de la Corniche<\/strong><\/p>\n<p align=\"LEFT\">Comme chaque ann\u00e9e,\u00a0la F\u00eate de la Corniche \u00e0 Hendaye, organis\u00e9e par le Conseil G\u00e9n\u00e9ral des Pyr\u00e9n\u00e9es-Atlantiques. La route de la corniche est ferm\u00e9e \u00e0 la circulation. Grand pic-nic, animation, visites et decouvertes. Animation avec Mutxiko Elkartea.<\/p>\n<p align=\"center\"><a href=\"http:\/\/www.mutxiko.org\/wp-content\/uploads\/2015\/12\/CIMG1260.jpg\"><img decoding=\"async\" loading=\"lazy\" class=\"alignnone size-large wp-image-304\" src=\"http:\/\/www.mutxiko.org\/wp-content\/uploads\/2015\/12\/CIMG1260-1024x768.jpg\" alt=\"CIMG1260\" width=\"474\" height=\"356\" srcset=\"http:\/\/www.mutxiko.org\/wp-content\/uploads\/2015\/12\/CIMG1260-1024x768.jpg 1024w, http:\/\/www.mutxiko.org\/wp-content\/uploads\/2015\/12\/CIMG1260-300x225.jpg 300w, http:\/\/www.mutxiko.org\/wp-content\/uploads\/2015\/12\/CIMG1260.jpg 2048w\" sizes=\"(max-width: 474px) 100vw, 474px\" \/><\/a><\/p>\n<p align=\"center\">Pour voir plus de photos\u00a0 cliquez<a class=\"external-link\" href=\"https:\/\/www.flickr.com\/photos\/142290625@N08\/albums\/72157667622531576\" target=\"_blank\"><u> ici<\/u><\/a><\/p>\n","protected":false},"excerpt":{"rendered":"<p>18 janvier Mutxiko a particip\u00e9 \u00e0 la Danborrada d\u2019Hendaye avec d\u2019autres associations et des repr\u00e9sentants des quartiers de la ville. Pour voir plus de photos cliquez ici 8 Mars Carnaval d\u2019 Hendaye, Mutxiko Elkartea a particip\u00e9 au defil\u00e9. Pour voir plus de photos cliquez ici &nbsp; 18 juin Spectacle \u00e0 Ascain Dans le cadre des [&hellip;]<\/p>\n","protected":false},"author":1,"featured_media":0,"parent":0,"menu_order":0,"comment_status":"closed","ping_status":"closed","template":"","meta":[],"_links":{"self":[{"href":"http:\/\/www.mutxiko.org\/index.php?rest_route=\/wp\/v2\/pages\/298"}],"collection":[{"href":"http:\/\/www.mutxiko.org\/index.php?rest_route=\/wp\/v2\/pages"}],"about":[{"href":"http:\/\/www.mutxiko.org\/index.php?rest_route=\/wp\/v2\/types\/page"}],"author":[{"embeddable":true,"href":"http:\/\/www.mutxiko.org\/index.php?rest_route=\/wp\/v2\/users\/1"}],"replies":[{"embeddable":true,"href":"http:\/\/www.mutxiko.org\/index.php?rest_route=%2Fwp%2Fv2%2Fcomments&post=298"}],"version-history":[{"count":10,"href":"http:\/\/www.mutxiko.org\/index.php?rest_route=\/wp\/v2\/pages\/298\/revisions"}],"predecessor-version":[{"id":4885,"href":"http:\/\/www.mutxiko.org\/index.php?rest_route=\/wp\/v2\/pages\/298\/revisions\/4885"}],"wp:attachment":[{"href":"http:\/\/www.mutxiko.org\/index.php?rest_route=%2Fwp%2Fv2%2Fmedia&parent=298"}],"curies":[{"name":"wp","href":"https:\/\/api.w.org\/{rel}","templated":true}]}}