{"id":317,"date":"2015-12-09T10:52:17","date_gmt":"2015-12-09T10:52:17","guid":{"rendered":"http:\/\/www.mutxiko.org\/?page_id=317"},"modified":"2016-06-07T19:48:01","modified_gmt":"2016-06-07T19:48:01","slug":"317-2","status":"publish","type":"page","link":"http:\/\/www.mutxiko.org\/?page_id=317&lang=eu","title":{"rendered":"2014"},"content":{"rendered":"<p><strong>Urtarrilaren 18a<\/strong><\/p>\n<p align=\"LEFT\"><strong>Hendaiako danborrada<\/strong><\/p>\n<p align=\"LEFT\">MUTXIKO Elkarteak Hendaiako\u00a0Danborradan hartu zuen parte, herriko beste elkarte eta auzoko kideekin batera.<\/p>\n<p align=\"CENTER\"><img decoding=\"async\" loading=\"lazy\" class=\"alignnone\" src=\"http:\/\/www.mutxiko.org\/wp-content\/uploads\/2015\/12\/CIMG0927_001-e1449595557762.jpg\" alt=\"\" width=\"612\" height=\"334\" \/><br \/>\nArgazki gehiago ikusteko, hemen egin<a class=\"external-link\" href=\"https:\/\/www.flickr.com\/photos\/142290625@N08\/albums\/72157665341420554\" target=\"_blank\"> klik<\/a><\/p>\n<p align=\"LEFT\"><strong>Martxoaren 8a<\/strong><\/p>\n<p align=\"LEFT\">Hendaiako ihauteria, desfilean parte hartzea.<\/p>\n<p align=\"LEFT\">\u00a0<img decoding=\"async\" loading=\"lazy\" class=\"aligncenter\" src=\"http:\/\/www.mutxiko.org\/wp-content\/uploads\/2015\/12\/Ihauteriak-mutxiko_001-1024x575.jpg\" alt=\"\" width=\"609\" height=\"342\" \/><\/p>\n<p align=\"center\">Argazki gehiago ikusteko, hemen egin <a class=\"external-link\" href=\"https:\/\/www.flickr.com\/photos\/142290625@N08\/albums\/72157667499367872\" target=\"_blank\">klik<\/a><\/p>\n<p align=\"left\"><strong>Ekainaren 19a<br \/>\nAzkainen emanaldia<\/strong><\/p>\n<p align=\"left\">Azkaineko festa batzordeak udararako antolatzen dituen ekitaldien artean, Mutxiko Elkarteak dantza emanaldi bat eskeini zuen Chourio pilotalekuan.<\/p>\n<p align=\"center\"><img decoding=\"async\" loading=\"lazy\" class=\"aligncenter\" src=\"http:\/\/www.mutxiko.org\/wp-content\/uploads\/2015\/12\/P1010563_001-e1449650665395.jpg\" alt=\"\" width=\"584\" height=\"272\" \/><\/p>\n<p align=\"center\">Argazki gehiago ikusteko <a class=\"external-link\" href=\"https:\/\/www.flickr.com\/photos\/142290625@N08\/albums\/72157667493920912\" target=\"_blank\"><u>hemen<\/u><\/a><\/p>\n<p align=\"left\"><strong>Uztailaren 7a<br \/>\nBiriatun emanaldia<\/strong><\/p>\n<p align=\"left\">Biriatuko festa batzordeak udararako antolatzen dituen ekitaldien artean, Mutxiko Elkarteak dantza emanaldi bat eskeini zuen.<\/p>\n<p align=\"center\"><strong><img decoding=\"async\" loading=\"lazy\" class=\"aligncenter\" src=\"http:\/\/www.mutxiko.org\/wp-content\/uploads\/2015\/12\/DSCN2108-1024x566.jpg\" alt=\"\" width=\"587\" height=\"325\" \/><\/strong><\/p>\n<p align=\"center\">Argazki gehiago ikusteko <a class=\"external-link\" href=\"https:\/\/www.flickr.com\/photos\/142290625@N08\/sets\/72157665368645473\" target=\"_blank\"><u>hemen<\/u><\/a><\/p>\n<p align=\"left\"><strong>Uztailaren 17a<br \/>\nAmetza Kanpinean emanaldia, Hendaia<br \/>\n<\/strong><\/p>\n<div align=\"center\"><img decoding=\"async\" loading=\"lazy\" class=\"aligncenter\" src=\"http:\/\/www.mutxiko.org\/wp-content\/uploads\/2015\/12\/la-foto-3-1-1024x768.jpg\" alt=\"\" width=\"589\" height=\"442\" \/><\/div>\n<p align=\"center\">\u00a0Argazki gehiago ikusteko <a class=\"external-link\" href=\"https:\/\/www.flickr.com\/photos\/142290625@N08\/sets\/72157667620619726\" target=\"_blank\"><u>hemen<\/u><\/a><\/p>\n<p class=\"western\">\n<p class=\"western\"><strong>Uztailaren 26a<br \/>\nDantza emanaldia Sokoburun\u00a0 <\/strong><\/p>\n<p class=\"western\">Udararako Hendaiako udaletxeak antolatzen dituen ekitaldien artean, eta urtero bezela, Mutxiko Elkarteak dantza emanaldi bat eskeini zuen Sokoburun, Hendaian.<\/p>\n<p class=\"western\" align=\"center\"><img decoding=\"async\" loading=\"lazy\" class=\"aligncenter\" src=\"http:\/\/www.mutxiko.org\/wp-content\/uploads\/2015\/12\/DSCN2182_001.jpg\" alt=\"\" width=\"584\" height=\"438\" \/><\/p>\n<p align=\"center\">Argazki gehiago ikusteko <a class=\"external-link\" href=\"https:\/\/www.flickr.com\/photos\/142290625@N08\/albums\/72157665369875184\" target=\"_blank\"><u>hemen<\/u><\/a><\/p>\n<p>&nbsp;<\/p>\n<p><strong>Uztailaren 30tik abuztuaren 4ra<br \/>\nHungariako County Wandering Nazioarteko Folk Jaialdia<\/strong><\/p>\n<p>Mutxiko Elkarteak nazioarteko jaialdi honetan parte hartu zuen, Europako beste talde batzuekin batera: Txekiar Errepublikako D\u011btsk\u00fd Folklorn\u00ed Soubor Javorn\u00ed\u010dek taldearekin,\u00a0 Poloniako Lubenka Folk Dance Group taldearekin, eta Eslobakiako Turiec Children Folk Dance Group taldearekin. Hiru dantza ikuskizun eskeini ziren:<\/p>\n<ul>\n<li>Uztailaren 1ean &#8211;\u00a0 Cserkeszoloko bainu-etxean<\/li>\n<li>Abuztuaren 2 an &#8211; Medgyesegyhaza herrian<\/li>\n<li>Abuztuaren 3 an-\u00a0 Cserkeszoloko bainu-etxean<\/li>\n<\/ul>\n<p>Mila esker antolatzaileei, beraien harrera bikainagatik eta jaialdian igaro ditugun egun zoragarriengatik.<\/p>\n<p align=\"center\"><img decoding=\"async\" loading=\"lazy\" class=\"alignnone\" src=\"http:\/\/www.mutxiko.org\/wp-content\/uploads\/2015\/12\/Cserkeszolo12-1024x630.jpg\" alt=\"\" width=\"589\" height=\"362\" \/><\/p>\n<p align=\"center\">\u00a0Argazki gehiago ikusteko <a class=\"external-link\" href=\"https:\/\/www.flickr.com\/photos\/142290625@N08\/albums\/72157667533348861\" target=\"_blank\"><u>hemen<\/u><\/a><\/p>\n<p align=\"LEFT\"><strong>Abuztuak 10<br \/>\nHendaiako Euskal Jaia<\/strong><\/p>\n<p align=\"LEFT\">MUTXIKO ELKARTEAK Euskal Jaiako desfilean parte hartu zuen, urtero bezela. Goizean, meza nagusian, taldeko hiru dantzarik Ezpata dantza dantzatu zuten.<\/p>\n<p align=\"center\"><img decoding=\"async\" loading=\"lazy\" class=\"aligncenter\" src=\"http:\/\/www.mutxiko.org\/wp-content\/uploads\/2015\/12\/Hendaia-euskal-jira-2014-8-10-_39__001-1024x768.jpg\" alt=\"\" width=\"615\" height=\"462\" \/><\/p>\n<p align=\"center\">\u00a0Argazki gehiago ikusteko <a class=\"external-link\" href=\"https:\/\/www.flickr.com\/photos\/142290625@N08\/albums\/72157665341675754\" target=\"_blank\"><u>hemen<\/u><\/a><\/p>\n<p align=\"left\"><strong>Abuztuaren 28a, irailaren 4, 11 eta 25a<\/strong><br \/>\n<strong>Azkainen emanaldia<\/strong><\/p>\n<p align=\"left\">Azkaineko festa batzordeak udararako antolatzen dituen ekitaldien artean, Mutxiko Elkarteak dantza emanaldi bat eskeini zuen Chourio pilotalekuan.<\/p>\n<p align=\"center\"><img decoding=\"async\" loading=\"lazy\" class=\"aligncenter\" src=\"http:\/\/www.mutxiko.org\/wp-content\/uploads\/2015\/12\/azkaine_ikurrin_dantza_001-1024x570.jpeg\" alt=\"\" width=\"615\" height=\"342\" \/><\/p>\n<p align=\"center\">\u00a0Argazki gehiago ikusteko <a class=\"external-link\" href=\"https:\/\/www.flickr.com\/photos\/142290625@N08\/albums\/72157667689652875\" target=\"_blank\"><u>hemen<\/u><\/a><\/p>\n<p><strong>Irailak 28<br \/>\nErlaitzaren Festa<br \/>\n<\/strong><\/p>\n<p>Errepidea itxita egoten da Hendaiatik Zibururaino, eta festa ederra antolatzen da;\u00a0pic-nic, dantza, txangoak&#8230;Mutxiko taldeak dantza egin zuen bertan.<\/p>\n<p align=\"center\"><img decoding=\"async\" loading=\"lazy\" class=\"aligncenter\" src=\"http:\/\/www.mutxiko.org\/wp-content\/uploads\/2015\/12\/CIMG1260-1024x768.jpg\" alt=\"\" width=\"625\" height=\"469\" \/><\/p>\n<p align=\"center\">Argazki gehiago ikusteko <a class=\"external-link\" href=\"https:\/\/www.flickr.com\/photos\/142290625@N08\/albums\/72157667622531576\" target=\"_blank\"><u>hemen<\/u><\/a><\/p>\n","protected":false},"excerpt":{"rendered":"<p>Urtarrilaren 18a Hendaiako danborrada MUTXIKO Elkarteak Hendaiako\u00a0Danborradan hartu zuen parte, herriko beste elkarte eta auzoko kideekin batera. Argazki gehiago ikusteko, hemen egin klik Martxoaren 8a Hendaiako ihauteria, desfilean parte hartzea. \u00a0 Argazki gehiago ikusteko, hemen egin klik Ekainaren 19a Azkainen emanaldia Azkaineko festa batzordeak udararako antolatzen dituen ekitaldien artean, Mutxiko Elkarteak dantza emanaldi bat eskeini [&hellip;]<\/p>\n","protected":false},"author":1,"featured_media":0,"parent":0,"menu_order":0,"comment_status":"closed","ping_status":"closed","template":"","meta":[],"_links":{"self":[{"href":"http:\/\/www.mutxiko.org\/index.php?rest_route=\/wp\/v2\/pages\/317"}],"collection":[{"href":"http:\/\/www.mutxiko.org\/index.php?rest_route=\/wp\/v2\/pages"}],"about":[{"href":"http:\/\/www.mutxiko.org\/index.php?rest_route=\/wp\/v2\/types\/page"}],"author":[{"embeddable":true,"href":"http:\/\/www.mutxiko.org\/index.php?rest_route=\/wp\/v2\/users\/1"}],"replies":[{"embeddable":true,"href":"http:\/\/www.mutxiko.org\/index.php?rest_route=%2Fwp%2Fv2%2Fcomments&post=317"}],"version-history":[{"count":5,"href":"http:\/\/www.mutxiko.org\/index.php?rest_route=\/wp\/v2\/pages\/317\/revisions"}],"predecessor-version":[{"id":2544,"href":"http:\/\/www.mutxiko.org\/index.php?rest_route=\/wp\/v2\/pages\/317\/revisions\/2544"}],"wp:attachment":[{"href":"http:\/\/www.mutxiko.org\/index.php?rest_route=%2Fwp%2Fv2%2Fmedia&parent=317"}],"curies":[{"name":"wp","href":"https:\/\/api.w.org\/{rel}","templated":true}]}}