{"id":323,"date":"2015-12-09T11:00:20","date_gmt":"2015-12-09T11:00:20","guid":{"rendered":"http:\/\/www.mutxiko.org\/?page_id=323"},"modified":"2016-05-04T20:42:34","modified_gmt":"2016-05-04T20:42:34","slug":"2014-4","status":"publish","type":"page","link":"http:\/\/www.mutxiko.org\/?page_id=323&lang=en","title":{"rendered":"2014"},"content":{"rendered":"<p><strong>18th January<\/strong><\/p>\n<p><strong>Danborrada Hendaye<\/strong><\/p>\n<p>MUTXIKO Elkartea participated in the Danborrada (Drummer parade) along with other associations in town.<\/p>\n<p align=\"center\"><img decoding=\"async\" loading=\"lazy\" class=\"aligncenter\" src=\"http:\/\/www.mutxiko.org\/wp-content\/uploads\/2015\/12\/CIMG0927_001-e1449595557762.jpg\" alt=\"\" width=\"612\" height=\"334\" \/><\/p>\n<p align=\"CENTER\">To see more photos click<a class=\"external-link\" href=\"https:\/\/www.flickr.com\/photos\/142290625@N08\/albums\/72157665341420554\" target=\"_blank\"> here<\/a><\/p>\n<p align=\"LEFT\"><strong>8th March<\/strong><\/p>\n<p align=\"LEFT\"><strong>Hendaye Carnival<\/strong><\/p>\n<p align=\"LEFT\">MUTXIKO Elkartea participated in the Parade of the Carnival in Hendaye.<\/p>\n<p align=\"center\"><img decoding=\"async\" loading=\"lazy\" class=\"aligncenter\" src=\"http:\/\/www.mutxiko.org\/wp-content\/uploads\/2015\/12\/Ihauteriak-mutxiko_001-1024x575.jpg\" alt=\"\" width=\"598\" height=\"336\" \/><\/p>\n<p align=\"center\">To see more photos click <a class=\"external-link\" href=\"https:\/\/www.flickr.com\/photos\/142290625@N08\/sets\/72157667499367872\" target=\"_blank\">here<\/a><\/p>\n<p align=\"left\"><strong>19th June <\/strong><br \/>\n<strong>Performance is Ascain<\/strong><\/p>\n<p align=\"left\">Mutxiko offered a complete dance performance in the Chourio Pilota court\u00a0in Ascain, as part of the summer activities programme of the village.<\/p>\n<p align=\"left\">\u00a0<img decoding=\"async\" loading=\"lazy\" class=\"aligncenter\" src=\"http:\/\/www.mutxiko.org\/wp-content\/uploads\/2015\/12\/P1010563_001-e1449650665395.jpg\" alt=\"\" width=\"603\" height=\"281\" \/><\/p>\n<p align=\"center\">To see more photos click <a class=\"external-link\" href=\"https:\/\/www.flickr.com\/photos\/142290625@N08\/sets\/72157667493920912\" target=\"_blank\">here<\/a><\/p>\n<p align=\"left\"><strong>7th July<br \/>\nPerformance in Briatou<br \/>\n<\/strong><br \/>\nMutxiko offered a complete dance performance in the neighbouring village of Biriatou, as part of the summer activities programme of the village.<\/p>\n<p align=\"center\"><img decoding=\"async\" loading=\"lazy\" class=\"aligncenter\" src=\"http:\/\/www.mutxiko.org\/wp-content\/uploads\/2015\/12\/DSCN2108-1024x566.jpg\" alt=\"\" width=\"601\" height=\"332\" \/><\/p>\n<p align=\"center\">To see more photos click <a class=\"external-link\" href=\"https:\/\/www.flickr.com\/photos\/142290625@N08\/albums\/72157665340126464\" target=\"_blank\">here<\/a><\/p>\n<p align=\"left\"><strong>17th July <\/strong><br \/>\n<strong>Performance in Camping Ametza<\/strong><\/p>\n<p>Camping Ametza is a lovely campsite in Hendaye, where we had the opportunity to offer a performance for campers.<\/p>\n<p align=\"center\"><img decoding=\"async\" loading=\"lazy\" class=\"aligncenter\" src=\"http:\/\/www.mutxiko.org\/wp-content\/uploads\/2015\/12\/la-foto-3-1-1024x768.jpg\" alt=\"\" width=\"601\" height=\"451\" \/><\/p>\n<p align=\"center\">To see more photos click <a class=\"external-link\" href=\"https:\/\/www.flickr.com\/photos\/142290625@N08\/albums\/72157667620619726\" target=\"_blank\">here<\/a><\/p>\n<p align=\"left\"><strong>26th July <\/strong><br \/>\n<strong>Performance in Sokoburu<br \/>\n<\/strong><\/p>\n<p class=\"western\" align=\"LEFT\">Among\u00a0the activities organised by the\u00a0townhall for the summer, Mutxiko performed a complete dance show in\u00a0Sokoburu,\u00a0Hendaye.<\/p>\n<p class=\"western\" align=\"center\"><img decoding=\"async\" loading=\"lazy\" class=\"aligncenter\" src=\"http:\/\/www.mutxiko.org\/wp-content\/uploads\/2015\/12\/DSCN2182_001.jpg\" alt=\"\" width=\"599\" height=\"449\" \/><\/p>\n<p class=\"western\" align=\"center\">To see more photos click <a class=\"external-link\" href=\"https:\/\/www.flickr.com\/photos\/142290625@N08\/albums\/72157665369875184\" target=\"_blank\">here<\/a><\/p>\n<p align=\"left\"><strong>30th July- 4th August<br \/>\nParticipation in the International Folk Festival County Wandering in Mak\u00f3, Hungary<\/strong><\/p>\n<p>Mutxiko Elkartea participated in this festival, together with other European folk groups: D\u011btsk\u00fd Folklorn\u00ed Soubor Javorn\u00ed\u010dek from Czech Republic, Lubenka Folk Dance Group from Poland and Turiec Children Folk Dance Group from Slovakia. Three performaces were offered:<\/p>\n<ul>\n<li>31st July &#8211; In the Thermal Resort of Cserkeszolo<\/li>\n<li>2nd August &#8211; In Medgyesegyhaza<\/li>\n<li>3rd august- In the Thermal Resort of Cserkeszolo<\/li>\n<\/ul>\n<p>Thanks to the organisers for a fantastic hosting and the wonderful time we spent during the festival !<\/p>\n<p align=\"center\">\u00a0<img decoding=\"async\" loading=\"lazy\" class=\"aligncenter\" src=\"http:\/\/www.mutxiko.org\/wp-content\/uploads\/2015\/12\/Cserkeszolo12-1024x630.jpg\" alt=\"\" width=\"606\" height=\"373\" \/><\/p>\n<p align=\"center\">To see more photos click <a class=\"external-link\" href=\"https:\/\/www.flickr.com\/photos\/142290625@N08\/sets\/72157667533348861\" target=\"_blank\">here<\/a><\/p>\n<p><strong>10th August<br \/>\nEuskal Besta Hendaia<\/strong><\/p>\n<p>MUTXIKO participated in the parade of Euskal Jaia in Hendaye. In the morning, some dancers from Mutxiko Elkartea danced Ezpata Dantza in the mass.<\/p>\n<p align=\"center\"><img decoding=\"async\" loading=\"lazy\" class=\"aligncenter\" src=\"http:\/\/www.mutxiko.org\/wp-content\/uploads\/2015\/12\/Hendaia-euskal-jira-2014-8-10-_39__001-1024x768.jpg\" alt=\"\" width=\"596\" height=\"447\" \/><\/p>\n<p align=\"center\">To see more photos click <a class=\"external-link\" href=\"https:\/\/www.flickr.com\/photos\/142290625@N08\/sets\/72157665341675754\" target=\"_blank\">here<\/a><\/p>\n<p>&nbsp;<\/p>\n<p align=\"left\"><strong>28th August &#8211; 4th,11th and 25th September <\/strong><br \/>\n<strong>Performance is Ascain<\/strong><\/p>\n<p align=\"left\">Mutxiko offered a complete dance performance in the Chourio Pilota court\u00a0in Ascain, as part of the summer activities programme of the village.<\/p>\n<p align=\"center\"><img decoding=\"async\" loading=\"lazy\" class=\"alignnone\" src=\"http:\/\/www.mutxiko.org\/wp-content\/uploads\/2015\/12\/azkaine_ikurrin_dantza_001-1024x570.jpeg\" alt=\"\" width=\"578\" height=\"322\" \/><\/p>\n<p align=\"center\">To see more photos click <a class=\"external-link\" href=\"https:\/\/www.flickr.com\/photos\/142290625@N08\/sets\/72157667689652875\" target=\"_blank\">here<\/a><\/p>\n<p align=\"LEFT\"><strong>28th September<br \/>\nF\u00eate de la Corniche<\/strong><\/p>\n<p>This is a Festival that takes place in the seaside road. The road from Hendaye to St. Jean de Luz is closed and a big pic-nic is organised. Mutxiko animated the event.<\/p>\n<p align=\"center\"><img decoding=\"async\" loading=\"lazy\" class=\"aligncenter\" src=\"http:\/\/www.mutxiko.org\/wp-content\/uploads\/2015\/12\/CIMG1260-1024x768.jpg\" alt=\"\" width=\"592\" height=\"444\" \/><\/p>\n<p align=\"center\">To se\u00a0 more photos click <a class=\"external-link\" href=\"https:\/\/www.flickr.com\/photos\/142290625@N08\/albums\/72157667622531576\" target=\"_blank\">here<\/a><\/p>\n","protected":false},"excerpt":{"rendered":"<p>18th January Danborrada Hendaye MUTXIKO Elkartea participated in the Danborrada (Drummer parade) along with other associations in town. To see more photos click here 8th March Hendaye Carnival MUTXIKO Elkartea participated in the Parade of the Carnival in Hendaye. To see more photos click here 19th June Performance is Ascain Mutxiko offered a complete dance [&hellip;]<\/p>\n","protected":false},"author":1,"featured_media":0,"parent":0,"menu_order":0,"comment_status":"closed","ping_status":"closed","template":"","meta":[],"_links":{"self":[{"href":"http:\/\/www.mutxiko.org\/index.php?rest_route=\/wp\/v2\/pages\/323"}],"collection":[{"href":"http:\/\/www.mutxiko.org\/index.php?rest_route=\/wp\/v2\/pages"}],"about":[{"href":"http:\/\/www.mutxiko.org\/index.php?rest_route=\/wp\/v2\/types\/page"}],"author":[{"embeddable":true,"href":"http:\/\/www.mutxiko.org\/index.php?rest_route=\/wp\/v2\/users\/1"}],"replies":[{"embeddable":true,"href":"http:\/\/www.mutxiko.org\/index.php?rest_route=%2Fwp%2Fv2%2Fcomments&post=323"}],"version-history":[{"count":6,"href":"http:\/\/www.mutxiko.org\/index.php?rest_route=\/wp\/v2\/pages\/323\/revisions"}],"predecessor-version":[{"id":1326,"href":"http:\/\/www.mutxiko.org\/index.php?rest_route=\/wp\/v2\/pages\/323\/revisions\/1326"}],"wp:attachment":[{"href":"http:\/\/www.mutxiko.org\/index.php?rest_route=%2Fwp%2Fv2%2Fmedia&parent=323"}],"curies":[{"name":"wp","href":"https:\/\/api.w.org\/{rel}","templated":true}]}}