{"id":325,"date":"2015-12-09T11:09:34","date_gmt":"2015-12-09T11:09:34","guid":{"rendered":"http:\/\/www.mutxiko.org\/?page_id=325"},"modified":"2017-01-31T18:35:11","modified_gmt":"2017-01-31T18:35:11","slug":"2013-2","status":"publish","type":"page","link":"http:\/\/www.mutxiko.org\/?page_id=325&lang=fr","title":{"rendered":"2013"},"content":{"rendered":"<div id=\"content-core\">\n<div id=\"parent-fieldname-text\" class=\"\">\n<p align=\"left\"><strong>19 janvier<\/strong><\/p>\n<p align=\"left\">Mutxiko a particip\u00e9 \u00e0 la Danborrada d\u2019Hendaye avec d\u2019autres associations et des repr\u00e9sentants des quartiers de la ville.<\/p>\n<p align=\"center\"><a href=\"http:\/\/www.mutxiko.org\/wp-content\/uploads\/2015\/12\/CIMG0032_001-e1449659265600.jpg\"><img decoding=\"async\" loading=\"lazy\" class=\"aligncenter wp-image-326 \" src=\"http:\/\/www.mutxiko.org\/wp-content\/uploads\/2015\/12\/CIMG0032_001-e1449659265600.jpg\" alt=\"CIMG0032_001\" width=\"577\" height=\"386\" srcset=\"http:\/\/www.mutxiko.org\/wp-content\/uploads\/2015\/12\/CIMG0032_001-e1449659265600.jpg 2560w, http:\/\/www.mutxiko.org\/wp-content\/uploads\/2015\/12\/CIMG0032_001-e1449659265600-300x200.jpg 300w, http:\/\/www.mutxiko.org\/wp-content\/uploads\/2015\/12\/CIMG0032_001-e1449659265600-1024x683.jpg 1024w\" sizes=\"(max-width: 577px) 100vw, 577px\" \/><\/a>Pour voir plus de photos cliquez<a class=\"external-link\" href=\"https:\/\/www.flickr.com\/photos\/142290625@N08\/albums\/72157667621432526\" target=\"_blank\"> ici\u00a0\u00a0\u00a0\u00a0\u00a0\u00a0\u00a0\u00a0 <\/a><a href=\"http:\/\/www.dailymotion.com\/video\/xx31xy_hendaiako-danborrada-la-tamborrada-de-hendaye_tv\">VIDEO<\/a><\/p>\n<p align=\"left\"><strong>16 fevrier<\/strong><\/p>\n<p align=\"left\"><strong>Carnaval d<\/strong>\u2019 <strong>H<\/strong><strong>endaye,<\/strong> Mutxiko Elkartea a particip\u00e9 au defil\u00e9.<\/p>\n<p align=\"center\"><a href=\"http:\/\/www.mutxiko.org\/wp-content\/uploads\/2015\/12\/SAM_1481-e1449659306807.jpg\"><img decoding=\"async\" loading=\"lazy\" class=\"aligncenter wp-image-328 \" src=\"http:\/\/www.mutxiko.org\/wp-content\/uploads\/2015\/12\/SAM_1481-e1449659306807.jpg\" alt=\"SAM_1481\" width=\"605\" height=\"348\" \/><\/a>Pour voir plus de photos cliquez <a class=\"external-link\" href=\"https:\/\/www.flickr.com\/photos\/142290625@N08\/albums\/72157667623701946\" target=\"_blank\">ici<\/a><\/p>\n<p align=\"left\"><strong>28 Avril<\/strong><\/p>\n<p align=\"left\"><strong>Hernaniko Dantzari Festa<\/strong><\/p>\n<p>Mutxiko a particip\u00e9 \u00e0 la Dantzari Festa de Hernani ville du Guipuzkoa voisin, avec d\u2019autres groupes venus de toutes les provinces de Euskal-Herria.<\/p>\n<p align=\"center\"><a href=\"http:\/\/www.mutxiko.org\/wp-content\/uploads\/2015\/12\/SAM_1885_001-e1449659326747.jpg\"><img decoding=\"async\" loading=\"lazy\" class=\"aligncenter wp-image-329 \" src=\"http:\/\/www.mutxiko.org\/wp-content\/uploads\/2015\/12\/SAM_1885_001-e1449659326747.jpg\" alt=\"SAM_1885_001\" width=\"597\" height=\"288\" \/><\/a>Pour voir plus de photos cliquez <a class=\"external-link\" href=\"https:\/\/www.flickr.com\/photos\/142290625@N08\/albums\/72157665355600653\" target=\"_blank\">ici<\/a><\/p>\n<p align=\"LEFT\"><strong>11 Ao\u00fbt<br \/>\nF\u00eate Basque, Hendaye<\/strong><\/p>\n<p align=\"LEFT\">Participation au defil\u00e9 de la F\u00eate Basque \u00e0 Hendaye.<\/p>\n<p align=\"center\"><a href=\"http:\/\/www.mutxiko.org\/wp-content\/uploads\/2015\/12\/IMG_0441_001.jpg\"><img decoding=\"async\" loading=\"lazy\" class=\"aligncenter wp-image-327 \" src=\"http:\/\/www.mutxiko.org\/wp-content\/uploads\/2015\/12\/IMG_0441_001.jpg\" alt=\"IMG_0441_001\" width=\"600\" height=\"397\" \/><\/a>Pour voir plus de photos cliquez <a class=\"external-link\" href=\"https:\/\/www.flickr.com\/photos\/142290625@N08\/albums\/72157667532637671\" target=\"_blank\">ici<\/a><\/p>\n<\/div>\n<\/div>\n<div class=\"visualClear\"><\/div>\n","protected":false},"excerpt":{"rendered":"<p>19 janvier Mutxiko a particip\u00e9 \u00e0 la Danborrada d\u2019Hendaye avec d\u2019autres associations et des repr\u00e9sentants des quartiers de la ville. Pour voir plus de photos cliquez ici\u00a0\u00a0\u00a0\u00a0\u00a0\u00a0\u00a0\u00a0 VIDEO 16 fevrier Carnaval d\u2019 Hendaye, Mutxiko Elkartea a particip\u00e9 au defil\u00e9. Pour voir plus de photos cliquez ici 28 Avril Hernaniko Dantzari Festa Mutxiko a particip\u00e9 \u00e0 [&hellip;]<\/p>\n","protected":false},"author":1,"featured_media":0,"parent":0,"menu_order":0,"comment_status":"closed","ping_status":"closed","template":"","meta":[],"_links":{"self":[{"href":"http:\/\/www.mutxiko.org\/index.php?rest_route=\/wp\/v2\/pages\/325"}],"collection":[{"href":"http:\/\/www.mutxiko.org\/index.php?rest_route=\/wp\/v2\/pages"}],"about":[{"href":"http:\/\/www.mutxiko.org\/index.php?rest_route=\/wp\/v2\/types\/page"}],"author":[{"embeddable":true,"href":"http:\/\/www.mutxiko.org\/index.php?rest_route=\/wp\/v2\/users\/1"}],"replies":[{"embeddable":true,"href":"http:\/\/www.mutxiko.org\/index.php?rest_route=%2Fwp%2Fv2%2Fcomments&post=325"}],"version-history":[{"count":7,"href":"http:\/\/www.mutxiko.org\/index.php?rest_route=\/wp\/v2\/pages\/325\/revisions"}],"predecessor-version":[{"id":7934,"href":"http:\/\/www.mutxiko.org\/index.php?rest_route=\/wp\/v2\/pages\/325\/revisions\/7934"}],"wp:attachment":[{"href":"http:\/\/www.mutxiko.org\/index.php?rest_route=%2Fwp%2Fv2%2Fmedia&parent=325"}],"curies":[{"name":"wp","href":"https:\/\/api.w.org\/{rel}","templated":true}]}}