{"id":364,"date":"2015-12-09T12:41:17","date_gmt":"2015-12-09T12:41:17","guid":{"rendered":"http:\/\/www.mutxiko.org\/?page_id=364"},"modified":"2016-06-01T20:16:55","modified_gmt":"2016-06-01T20:16:55","slug":"2011-2","status":"publish","type":"page","link":"http:\/\/www.mutxiko.org\/?page_id=364&lang=fr","title":{"rendered":"2011"},"content":{"rendered":"<p align=\"left\"><strong>16\u00a0janvier<\/strong><\/p>\n<p align=\"left\">Mutxiko a particip\u00e9 \u00e0 la Danborrada d\u2019Hendaye avec d\u2019autres associations et des repr\u00e9sentants des quartiers de la ville.<\/p>\n<p align=\"center\"><a href=\"http:\/\/www.mutxiko.org\/wp-content\/uploads\/2015\/12\/CIMG0130.jpg\"><img decoding=\"async\" loading=\"lazy\" class=\"alignnone wp-image-371 \" src=\"http:\/\/www.mutxiko.org\/wp-content\/uploads\/2015\/12\/CIMG0130-1024x697.jpg\" alt=\"CIMG0130\" width=\"581\" height=\"381\" \/><\/a><\/p>\n<p align=\"center\">Pour voir plus de photos cliquez<a class=\"external-link\" href=\"https:\/\/www.flickr.com\/photos\/142290625@N08\/albums\/72157667693141375\" target=\"_blank\"> ici<\/a><\/p>\n<p>12 \u00a0Mars<\/p>\n<p><strong>Carnaval d\u00b4Hendaye<\/strong><\/p>\n<p>Mutxiko elkartea a particip\u00e9 au defil\u00e9.<strong>\u00a0\u00a0<\/strong><\/p>\n<p><strong>\u00a0 \u00a0 \u00a0 \u00a0 \u00a0 \u00a0 \u00a0 \u00a0 \u00a0 <a href=\"http:\/\/www.mutxiko.org\/wp-content\/uploads\/2015\/12\/CIMG0016.jpg\"><img decoding=\"async\" loading=\"lazy\" class=\"alignnone  wp-image-368\" src=\"http:\/\/www.mutxiko.org\/wp-content\/uploads\/2015\/12\/CIMG0016-300x208.jpg\" alt=\"CIMG0016\" width=\"269\" height=\"194\" \/><\/a>\u00a0 \u00a0 \u00a0 \u00a0\u00a0 <a href=\"http:\/\/www.mutxiko.org\/wp-content\/uploads\/2015\/12\/CIMG0009_001.jpg\"><img decoding=\"async\" loading=\"lazy\" class=\"alignnone size-medium wp-image-367\" src=\"http:\/\/www.mutxiko.org\/wp-content\/uploads\/2015\/12\/CIMG0009_001-300x196.jpg\" alt=\"CIMG0009_001\" width=\"300\" height=\"196\" srcset=\"http:\/\/www.mutxiko.org\/wp-content\/uploads\/2015\/12\/CIMG0009_001-300x196.jpg 300w, http:\/\/www.mutxiko.org\/wp-content\/uploads\/2015\/12\/CIMG0009_001-1024x669.jpg 1024w, http:\/\/www.mutxiko.org\/wp-content\/uploads\/2015\/12\/CIMG0009_001.jpg 1276w\" sizes=\"(max-width: 300px) 100vw, 300px\" \/><\/a><\/strong><\/p>\n<p align=\"center\">\u00a0\u00a0\u00a0\u00a0\u00a0Pour voir plus de photos cliquez <a class=\"external-link\" href=\"https:\/\/www.flickr.com\/photos\/142290625@N08\/albums\/72157667498935152\" target=\"_blank\">ici<\/a><\/p>\n<p align=\"left\"><strong>10 Avril<\/strong><\/p>\n<p>Mutxiko a particip\u00e9 \u00e0 la Dantzari Festa de Hernani ville du Guipuzkoa voisin. Mutxiko a particip\u00e9 avec d\u2019autres groupes venus de toutes les provinces de Euskal-Herria.<\/p>\n<p align=\"center\"><a href=\"http:\/\/www.mutxiko.org\/wp-content\/uploads\/2015\/12\/hernani2011_2.jpg\"><img decoding=\"async\" loading=\"lazy\" class=\"alignnone wp-image-374\" src=\"http:\/\/www.mutxiko.org\/wp-content\/uploads\/2015\/12\/hernani2011_2-1024x768.jpg\" alt=\"hernani2011_2\" width=\"542\" height=\"415\" \/><\/a><\/p>\n<p align=\"center\">Pour voir plus de photos cliquez <a class=\"external-link\" href=\"https:\/\/www.flickr.com\/photos\/142290625@N08\/albums\/72157667623027566\" target=\"_blank\">ici<\/a><\/p>\n<p align=\"left\"><strong>9 Juillet<\/strong><\/p>\n<p>Spectacle de danses offert par Mutxiko Elkartea et Oinkari Basque Dancers \u2013 Biriatou<\/p>\n<p>Oinkari Basque Dancers (Boise,USA), lors de sa visite en Euskal Herria, a visit\u00e9 Hendaye gr\u00e2ce \u00e0 la relation \u00e9tablie entre Mutxiko Elkartea et le groupe nord-am\u00e9ricain, l\u2019an dernier, lors du Jaialdi de Boise.<\/p>\n<p>Pour cette raison, les deux groupes ont organis\u00e9 un spectacle commun, au fronton Xoldo de Biriatou, qui s\u2019est termin\u00e9 par une romeria anim\u00e9e par le groupe de musique Amuma Says No de Boise.<\/p>\n<p>Un grand merci \u00e0 Oinkari pour nous avoir offert cette rare opportunit\u00e9 et f\u00e9licitations pour sa fantastique prestation.<\/p>\n<p align=\"center\">\u00a0<a href=\"http:\/\/www.mutxiko.org\/wp-content\/uploads\/2015\/12\/amuma-says-no-Erromeria-_2_.jpg\"><img decoding=\"async\" loading=\"lazy\" class=\"alignnone  wp-image-366\" src=\"http:\/\/www.mutxiko.org\/wp-content\/uploads\/2015\/12\/amuma-says-no-Erromeria-_2_-1024x768.jpg\" alt=\"amuma says no Erromeria _2_\" width=\"606\" height=\"431\" \/><\/a><\/p>\n<p align=\"center\">Pour voir plus de photos cliquez <a class=\"external-link\" href=\"https:\/\/www.flickr.com\/photos\/142290625@N08\/albums\/72157667099587370\" target=\"_blank\">ici<\/a><\/p>\n<p align=\"center\">\n<p><strong>18 Juillet<\/strong><\/p>\n<p><strong>Spectacle \u00e0 Sokoburu<\/strong><\/p>\n<p>Spectacle \u00e0 Sokoburu dans le cadre du programme d\u2019activit\u00e9s estivales du Comit\u00e9 des f\u00eates d\u2019Hendaye.<\/p>\n<p>&nbsp;<\/p>\n<p align=\"center\"><a href=\"http:\/\/www.mutxiko.org\/wp-content\/uploads\/2015\/12\/CIMG0054.jpg\"><img decoding=\"async\" loading=\"lazy\" class=\"alignnone  wp-image-369\" src=\"http:\/\/www.mutxiko.org\/wp-content\/uploads\/2015\/12\/CIMG0054-1024x450.jpg\" alt=\"CIMG0054\" width=\"594\" height=\"253\" \/><\/a><\/p>\n<p align=\"center\">Pour voir plus de photos cliquez <a class=\"external-link\" href=\"https:\/\/www.flickr.com\/photos\/142290625@N08\/albums\/72157665382782183\" target=\"_blank\">ici<\/a><\/p>\n<p>&nbsp;<\/p>\n<p align=\"left\"><strong>14 Aout<br \/>\nEuskal Besta-F\u00eate Basque, Hendaye<\/strong><\/p>\n<p align=\"left\">Participation au defil\u00e9 de la F\u00eate Basque \u00e0 Hendaye.<\/p>\n<p align=\"center\"><a href=\"http:\/\/www.mutxiko.org\/wp-content\/uploads\/2015\/12\/euskal-jaia-2011_5.jpg\"><img decoding=\"async\" loading=\"lazy\" class=\"alignnone  wp-image-373\" src=\"http:\/\/www.mutxiko.org\/wp-content\/uploads\/2015\/12\/euskal-jaia-2011_5-1024x688.jpg\" alt=\"euskal jaia 2011_5\" width=\"589\" height=\"363\" \/><\/a><\/p>\n<div align=\"center\">\n<p>\u00a0 Pour voir plus de photos cliquez <a class=\"external-link\" href=\"https:\/\/www.flickr.com\/photos\/142290625@N08\/albums\/72157667622354216\" target=\"_blank\">ici<\/a><\/p>\n<\/div>\n<p>&nbsp;<\/p>\n<p><strong>28 juillet, 25 ao\u00fbt, 1 september<br \/>\nSpectacle \u00e0 Ascain<\/strong><\/p>\n<p>Dans le cadre des activit\u00e9s que le Comit\u00e9 des f\u00eates d\u2019Ascain organise l\u2019\u00e9t\u00e9, Mutxiko a offert 3 spectacles de danse au fronton Chourio.<\/p>\n<div align=\"center\"><a href=\"http:\/\/www.mutxiko.org\/wp-content\/uploads\/2015\/12\/CIMG0209.jpg\"><img decoding=\"async\" loading=\"lazy\" class=\"alignnone  wp-image-202\" src=\"http:\/\/www.mutxiko.org\/wp-content\/uploads\/2015\/12\/CIMG0209-1024x501.jpg\" alt=\"CIMG0209\" width=\"599\" height=\"255\" \/><\/a><\/div>\n<p align=\"center\">Pour voir plus de photos cliquez <a class=\"external-link\" href=\"https:\/\/www.flickr.com\/photos\/142290625@N08\/albums\/72157667619475496\" target=\"_blank\">ici<\/a><\/p>\n<p align=\"left\"><strong>26 Septembre<\/strong><\/p>\n<p align=\"left\"><strong>F\u00eate de la Corniche<\/strong><\/p>\n<p align=\"left\">Comme chaque ann\u00e9e,\u00a0la F\u00eate de la Corniche \u00e0 Hendaye, organis\u00e9e par le Conseil G\u00e9n\u00e9ral des Pyr\u00e9n\u00e9es-Atlantiques. La route de la corniche est ferm\u00e9e \u00e0 la circulation. Grand pic-nic, animation, visites et decouvertes. Animation avec Mutxiko Elkartea.<\/p>\n<p align=\"center\"><a href=\"http:\/\/www.mutxiko.org\/wp-content\/uploads\/2015\/12\/CIMG0095.jpg\"><img decoding=\"async\" loading=\"lazy\" class=\"alignnone  wp-image-370\" src=\"http:\/\/www.mutxiko.org\/wp-content\/uploads\/2015\/12\/CIMG0095-1024x768.jpg\" alt=\"CIMG0095\" width=\"576\" height=\"454\" \/><\/a><\/p>\n<p align=\"center\">Pour voir plus de photos cliquez <a class=\"external-link\" href=\"https:\/\/www.flickr.com\/photos\/142290625@N08\/albums\/72157667622733856\" target=\"_blank\">ici<\/a><\/p>\n<p align=\"left\"><strong>9 Octobre<br \/>\nPastore Lore<\/strong><\/p>\n<p align=\"left\">Animation de la f\u00eate c\u00e9l\u00e9br\u00e9e \u00e0 Ascain \u00e0 l\u00b4ocassion de la descente des pottoks (race de chevaux autochtone) des pentes de la Rhune jusqu\u00b4au coeur du village.<\/p>\n<p align=\"center\"><a href=\"http:\/\/www.mutxiko.org\/wp-content\/uploads\/2015\/12\/CIMG0150.jpg\"><img decoding=\"async\" loading=\"lazy\" class=\"alignnone  wp-image-372\" src=\"http:\/\/www.mutxiko.org\/wp-content\/uploads\/2015\/12\/CIMG0150-1024x406.jpg\" alt=\"CIMG0150\" width=\"612\" height=\"221\" \/><\/a><\/p>\n<p style=\"text-align: center;\">Pour voir plus de photos cliquez <a href=\"https:\/\/www.flickr.com\/photos\/142290625@N08\/sets\/72157667115052050\">ici<\/a><\/p>\n","protected":false},"excerpt":{"rendered":"<p>16\u00a0janvier Mutxiko a particip\u00e9 \u00e0 la Danborrada d\u2019Hendaye avec d\u2019autres associations et des repr\u00e9sentants des quartiers de la ville. Pour voir plus de photos cliquez ici 12 \u00a0Mars Carnaval d\u00b4Hendaye Mutxiko elkartea a particip\u00e9 au defil\u00e9.\u00a0\u00a0 \u00a0 \u00a0 \u00a0 \u00a0 \u00a0 \u00a0 \u00a0 \u00a0 \u00a0 \u00a0 \u00a0 \u00a0 \u00a0\u00a0 \u00a0\u00a0\u00a0\u00a0\u00a0Pour voir plus de photos cliquez [&hellip;]<\/p>\n","protected":false},"author":1,"featured_media":0,"parent":0,"menu_order":0,"comment_status":"closed","ping_status":"closed","template":"","meta":[],"_links":{"self":[{"href":"http:\/\/www.mutxiko.org\/index.php?rest_route=\/wp\/v2\/pages\/364"}],"collection":[{"href":"http:\/\/www.mutxiko.org\/index.php?rest_route=\/wp\/v2\/pages"}],"about":[{"href":"http:\/\/www.mutxiko.org\/index.php?rest_route=\/wp\/v2\/types\/page"}],"author":[{"embeddable":true,"href":"http:\/\/www.mutxiko.org\/index.php?rest_route=\/wp\/v2\/users\/1"}],"replies":[{"embeddable":true,"href":"http:\/\/www.mutxiko.org\/index.php?rest_route=%2Fwp%2Fv2%2Fcomments&post=364"}],"version-history":[{"count":7,"href":"http:\/\/www.mutxiko.org\/index.php?rest_route=\/wp\/v2\/pages\/364\/revisions"}],"predecessor-version":[{"id":2225,"href":"http:\/\/www.mutxiko.org\/index.php?rest_route=\/wp\/v2\/pages\/364\/revisions\/2225"}],"wp:attachment":[{"href":"http:\/\/www.mutxiko.org\/index.php?rest_route=%2Fwp%2Fv2%2Fmedia&parent=364"}],"curies":[{"name":"wp","href":"https:\/\/api.w.org\/{rel}","templated":true}]}}