{"id":390,"date":"2015-12-09T16:01:07","date_gmt":"2015-12-09T16:01:07","guid":{"rendered":"http:\/\/www.mutxiko.org\/?page_id=390"},"modified":"2016-06-01T20:21:08","modified_gmt":"2016-06-01T20:21:08","slug":"2010-2","status":"publish","type":"page","link":"http:\/\/www.mutxiko.org\/?page_id=390&lang=fr","title":{"rendered":"2010"},"content":{"rendered":"<p align=\"left\"><strong>16\u00a0janvier<\/strong><\/p>\n<p align=\"left\">Mutxiko a particip\u00e9 \u00e0 la Tamborrada d\u2019Hendaye avec d\u2019autres associations et des repr\u00e9sentants des quartiers de la ville.<\/p>\n<p align=\"center\"><a href=\"http:\/\/www.mutxiko.org\/wp-content\/uploads\/2015\/12\/danborrada-hendaia-09-_19_.jpg\"><img decoding=\"async\" loading=\"lazy\" class=\" wp-image-420 aligncenter\" src=\"http:\/\/www.mutxiko.org\/wp-content\/uploads\/2015\/12\/danborrada-hendaia-09-_19_-1024x768.jpg\" alt=\"danborrada hendaia 09 _19_\" width=\"546\" height=\"406\" \/><\/a>Pour voir plus de photos cliquez<a class=\"external-link\" href=\"https:\/\/www.flickr.com\/photos\/142290625@N08\/sets\/72157667693161665\" target=\"_blank\"> ici<\/a><\/p>\n<p align=\"left\"><strong>20 fevrier<\/strong><\/p>\n<p align=\"left\"><strong>Carnaval d<\/strong>\u2019 <strong>H<\/strong><strong>endaye,<\/strong> Mutxiko Elkartea a particip\u00e9 au defil\u00e9.<\/p>\n<p>&nbsp;<\/p>\n<p align=\"center\"><a href=\"http:\/\/www.mutxiko.org\/wp-content\/uploads\/2015\/12\/CIMG0194_001.jpg\"><img decoding=\"async\" loading=\"lazy\" class=\"alignnone  wp-image-397\" src=\"http:\/\/www.mutxiko.org\/wp-content\/uploads\/2015\/12\/CIMG0194_001-1024x676.jpg\" alt=\"CIMG0194_001\" width=\"609\" height=\"374\" \/><\/a><\/p>\n<p align=\"center\">Pour voir plus de photos cliquez<a class=\"external-link\" href=\"https:\/\/www.flickr.com\/photos\/142290625@N08\/sets\/72157667498907462\" target=\"_blank\"><u> ici<\/u><\/a><\/p>\n<p align=\"left\"><strong>18 Avril<\/strong><\/p>\n<p>Mutxiko a particip\u00e9 \u00e0 la Dantzari Festa de Hernani ville du Guipuzkoa voisin. Mutxiko a particip\u00e9 avec d\u2019autres groupes venus de toutes les provinces de Euskal-Herria\u00a0: Ttarla (Hernani),\u00a0Goizaldi\u00a0(Donostia), \u00a0Eskola (Donostia),\u00a0Kemen (Irun),\u00a0Trebeska (Donostia),\u00a0Arkaitz (A\u00f1orga), Egoipar Meaka (Irun), Adurtza (Gasteiz),\u00a0Arrizkugarri\u00a0(Sestao),\u00a0Mikelaitz (Atarrabia), Garaztarrak (Donibane Garazi), Begiraleak ( Donibane Loitzune), Muskildi (Zuberoa) et Mutxiko (Hendaia).<\/p>\n<p align=\"center\"><a href=\"http:\/\/www.mutxiko.org\/wp-content\/uploads\/2015\/12\/Hernani-2010-_16__001.jpg\"><img decoding=\"async\" loading=\"lazy\" class=\"alignnone  wp-image-400\" src=\"http:\/\/www.mutxiko.org\/wp-content\/uploads\/2015\/12\/Hernani-2010-_16__001.jpg\" alt=\"Hernani 2010 _16__001\" width=\"578\" height=\"411\" \/><\/a><\/p>\n<p align=\"center\">Pour voir plus de photos cliquez <a class=\"external-link\" href=\"https:\/\/www.flickr.com\/photos\/142290625@N08\/sets\/72157667621785156\" target=\"_blank\">ici<\/a><\/p>\n<p><strong>4 Juillet<\/strong><\/p>\n<p><strong>Spectacle \u00e0 Sokoburu<\/strong><\/p>\n<p>Spectacle \u00e0 Sokoburu dans le cadre du programme d\u2019activit\u00e9s estivales du Comit\u00e9 des f\u00eates d\u2019Hendaye.<\/p>\n<p align=\"center\"><a href=\"http:\/\/www.mutxiko.org\/wp-content\/uploads\/2015\/12\/CIMG0079_001.jpg\"><img decoding=\"async\" loading=\"lazy\" class=\"alignnone  wp-image-396\" src=\"http:\/\/www.mutxiko.org\/wp-content\/uploads\/2015\/12\/CIMG0079_001-1024x768.jpg\" alt=\"CIMG0079_001\" width=\"552\" height=\"427\" \/><\/a><\/p>\n<p align=\"center\">Pour voir plus de photos, cliquez<a class=\"external-link\" href=\"https:\/\/www.flickr.com\/photos\/142290625@N08\/sets\/72157667525937312\" target=\"_blank\"> ici<\/a><\/p>\n<p>&nbsp;<\/p>\n<p><strong>16 Juillet<\/strong><\/p>\n<p>Dans le cadre des activit\u00e9s que le Comit\u00e9 des f\u00eates d\u2019Ascain organise l\u2019\u00e9t\u00e9, Mutxiko a offert un spectacle de danse au trinquet.<\/p>\n<p align=\"center\"><a href=\"http:\/\/www.mutxiko.org\/wp-content\/uploads\/2015\/12\/CIMG0067.jpg\"><img decoding=\"async\" loading=\"lazy\" class=\"alignnone  wp-image-393\" src=\"http:\/\/www.mutxiko.org\/wp-content\/uploads\/2015\/12\/CIMG0067-1024x740.jpg\" alt=\"CIMG0067\" width=\"604\" height=\"420\" \/><\/a><\/p>\n<p align=\"center\">Pour voir plus de photos, cliquez<a class=\"external-link\" href=\"https:\/\/www.flickr.com\/photos\/142290625@N08\/sets\/72157667692139315\" target=\"_blank\"><u> ici<\/u><\/a><\/p>\n<p align=\"left\"><strong>25 Juillet<\/strong><\/p>\n<p align=\"left\"><strong>San Francisco Basque Cultural Center<\/strong><\/p>\n<p align=\"left\">Avant notre d\u00e9placement \u00e0 Boise pour le Jaialdi, nous avons visit\u00e9 San Francisco et donn\u00e9 un spectacle au Centre Culturel Basque.<\/p>\n<p align=\"center\"><a href=\"http:\/\/www.mutxiko.org\/wp-content\/uploads\/2015\/12\/CIMG0204_001.jpg\"><img decoding=\"async\" loading=\"lazy\" class=\"alignnone  wp-image-398\" src=\"http:\/\/www.mutxiko.org\/wp-content\/uploads\/2015\/12\/CIMG0204_001-1024x751.jpg\" alt=\"CIMG0204_001\" width=\"526\" height=\"396\" \/><\/a><\/p>\n<p align=\"center\">Pour voir plus de photos, cliquez<a class=\"external-link\" href=\"https:\/\/www.flickr.com\/photos\/142290625@N08\/sets\/72157667638777116\" target=\"_blank\"><u> ici<\/u><\/a><\/p>\n<p align=\"left\"><strong>27 Juillet-1er Ao\u00fbt<\/strong><\/p>\n<p>JAIALDI 2010 (BOISE)<\/p>\n<p align=\"left\">MUTXIKO ELKARTEA \u00e9tait le groupe de danse international invit\u00e9 au Festival International de la Culture Basque qui s&rsquo;est tenu en 2010 \u00e0 Boise, Idaho, USA. Cette importante manifestation connue sous le nom de JAIALDI se c\u00e9l\u00e8bre tous les 5 ans gr\u00e2ce au soutien et au d\u00e9vouement de la communaut\u00e9 basque de Boise. Des participants venus de tous les coins des Etats-Unis et du monde assistent \u00e0 ce festival de cinq jours. 30.000 personnes ont particip\u00e9 au Jaialdi de 2010. Le Jaialdi comporte des spectacles de danse, des prestations musicales ainsi que des comp\u00e9titions sportives.<\/p>\n<p>MUTXIKO a effectu\u00e9 une prestation lors du FESTARA, le grand spectacle de danse et de musique organis\u00e9 durant le Jaialdi. D&rsquo;autres groupes, tels que les danseurs d&rsquo;Oinkari, Txorimaloak et le Projet Trey McIntyre sont intervenus dans le programme du FESTARA.<\/p>\n<p>MUTXIKO s&rsquo;est produit deux fois dans le Fairgrounds du Jaialdi en compagnie de plus d&rsquo;une douzaine de groupes de danse et de musique des Etats-Unis.<\/p>\n<p>Merci au Jaialdi d&rsquo;avoir invit\u00e9 MUTXIKO \u00e0 ce fantastique \u00e9v\u00e9nement, cela a \u00e9t\u00e9 pour nous une exp\u00e9rience stup\u00e9fiante!\u00a0Vive le Jaialdi, Vive Oinkari et Vive les\u00a0Euzkaldunak de Boise!<\/p>\n<p align=\"center\">\u00a0<a href=\"http:\/\/www.mutxiko.org\/wp-content\/uploads\/2015\/12\/CIMG0384_001.jpg\"><img decoding=\"async\" loading=\"lazy\" class=\"alignnone  wp-image-399\" src=\"http:\/\/www.mutxiko.org\/wp-content\/uploads\/2015\/12\/CIMG0384_001-1024x768.jpg\" alt=\"CIMG0384_001\" width=\"536\" height=\"402\" srcset=\"http:\/\/www.mutxiko.org\/wp-content\/uploads\/2015\/12\/CIMG0384_001-1024x768.jpg 1024w, http:\/\/www.mutxiko.org\/wp-content\/uploads\/2015\/12\/CIMG0384_001-300x225.jpg 300w, http:\/\/www.mutxiko.org\/wp-content\/uploads\/2015\/12\/CIMG0384_001.jpg 2048w\" sizes=\"(max-width: 536px) 100vw, 536px\" \/><\/a><\/p>\n<p align=\"center\">Pour voir plus de photos, cliquez<a class=\"external-link\" href=\"https:\/\/www.flickr.com\/photos\/142290625@N08\/sets\/72157667696006765\" target=\"_blank\"><u> ici<\/u><\/a><\/p>\n<p align=\"left\"><strong>9 Aout<\/strong><\/p>\n<p align=\"left\"><strong>Euskal Besta-F\u00eate Basque, Hendaye<\/strong><\/p>\n<p align=\"left\">Participation au defil\u00e9 de la F\u00eate Basque \u00e0 Hendaye.<\/p>\n<p align=\"center\"><a href=\"http:\/\/www.mutxiko.org\/wp-content\/uploads\/2015\/12\/CIMG0072.jpg\"><img decoding=\"async\" loading=\"lazy\" class=\" wp-image-394 aligncenter\" src=\"http:\/\/www.mutxiko.org\/wp-content\/uploads\/2015\/12\/CIMG0072-1024x768.jpg\" alt=\"CIMG0072\" width=\"548\" height=\"365\" \/><\/a>our voir plus de photos, cliquez<a class=\"external-link\" href=\"https:\/\/www.flickr.com\/photos\/142290625@N08\/sets\/72157665342036894\" target=\"_blank\"><u> ici<\/u><\/a><\/p>\n<p><strong>26 Ao\u00fbt<br \/>\n<\/strong><\/p>\n<p>Dans le cadre des activit\u00e9s que le Comit\u00e9 des f\u00eates d\u2019Ascain organise l\u2019\u00e9t\u00e9, Mutxiko a offert un spectacle de danse au fronton Chourio.<\/p>\n<p align=\"center\"><a href=\"http:\/\/www.mutxiko.org\/wp-content\/uploads\/2015\/12\/CIMG0075_001.jpg\"><img decoding=\"async\" loading=\"lazy\" class=\"alignnone  wp-image-395\" src=\"http:\/\/www.mutxiko.org\/wp-content\/uploads\/2015\/12\/CIMG0075_001-1024x737.jpg\" alt=\"CIMG0075_001\" width=\"584\" height=\"413\" \/><\/a><\/p>\n<p align=\"center\">Pour voir plus de photos, cliquez<a class=\"external-link\" href=\"https:\/\/www.flickr.com\/photos\/142290625@N08\/sets\/72157667618252016\" target=\"_blank\"><u> ici<\/u><\/a><\/p>\n<p><strong>3 et 9\u00a0Septembre<\/strong><\/p>\n<p>Dans le cadre des activit\u00e9s que le Comit\u00e9 des f\u00eates d\u2019Ascain organise l\u2019\u00e9t\u00e9, Mutxiko a offert un spectacle de danse au fronton Chourio.<\/p>\n<p align=\"center\"><a href=\"http:\/\/www.mutxiko.org\/wp-content\/uploads\/2015\/12\/azkaine-2010-_18_.jpg\"><img decoding=\"async\" loading=\"lazy\" class=\"alignnone  wp-image-392\" src=\"http:\/\/www.mutxiko.org\/wp-content\/uploads\/2015\/12\/azkaine-2010-_18_-1024x722.jpg\" alt=\"azkaine 2010 _18_\" width=\"582\" height=\"406\" \/><\/a><\/p>\n<p align=\"center\">Pour voir plus de photos, cliquez<a class=\"external-link\" href=\"https:\/\/www.flickr.com\/photos\/142290625@N08\/albums\/72157665339258234\" target=\"_blank\"><u> ici<\/u><\/a><\/p>\n<p align=\"left\"><strong>26 Septembre<\/strong><\/p>\n<p><strong>F\u00eate de la Corniche<\/strong><\/p>\n<p>Comme chaque ann\u00e9e,\u00a0la F\u00eate de la Corniche \u00e0 Hendaye, organis\u00e9e par le Conseil G\u00e9n\u00e9ral des Pyr\u00e9n\u00e9es-Atlantiques. La route de la corniche est ferm\u00e9e \u00e0 la circulation. Grand pic-nic, animation, visites et decouvertes. Animation avec Mutxiko Elkartea.<\/p>\n<div align=\"left\">\n<div align=\"center\"><a href=\"http:\/\/www.mutxiko.org\/wp-content\/uploads\/2015\/12\/image_preview1.jpg\"><img decoding=\"async\" loading=\"lazy\" class=\"alignnone  wp-image-401\" src=\"http:\/\/www.mutxiko.org\/wp-content\/uploads\/2015\/12\/image_preview1.jpg\" alt=\"image_preview\" width=\"501\" height=\"365\" \/><\/a><\/div>\n<\/div>\n<div align=\"left\">\n<p><strong>9 Octobre<\/strong><\/p>\n<p><strong>Journ\u00e9e de la pomme \u00e0 Abbadia<\/strong><\/p>\n<p>On a f\u00eat\u00e9 le jour du pressurage de la pomme o\u00f9 l\u2019on montre comment se fait la press\u00e9e de la pomme et la future \u00e9laboration du cidre. Le groupe Mutxiko a dans\u00e9 la Sagar Dantza de Arizcun et \u00e0 anim\u00e9 l\u2019\u00e9v\u00e8nement avec mutxikoak, arin-arin\u2026<\/p>\n<div align=\"center\"><a href=\"http:\/\/www.mutxiko.org\/wp-content\/uploads\/2015\/12\/image_preview-1.jpg\"><img decoding=\"async\" loading=\"lazy\" class=\"alignnone  wp-image-402\" src=\"http:\/\/www.mutxiko.org\/wp-content\/uploads\/2015\/12\/image_preview-1.jpg\" alt=\"image_preview (1)\" width=\"518\" height=\"378\" \/><\/a><\/div>\n<\/div>\n","protected":false},"excerpt":{"rendered":"<p>16\u00a0janvier Mutxiko a particip\u00e9 \u00e0 la Tamborrada d\u2019Hendaye avec d\u2019autres associations et des repr\u00e9sentants des quartiers de la ville. Pour voir plus de photos cliquez ici 20 fevrier Carnaval d\u2019 Hendaye, Mutxiko Elkartea a particip\u00e9 au defil\u00e9. &nbsp; Pour voir plus de photos cliquez ici 18 Avril Mutxiko a particip\u00e9 \u00e0 la Dantzari Festa de [&hellip;]<\/p>\n","protected":false},"author":1,"featured_media":0,"parent":0,"menu_order":0,"comment_status":"closed","ping_status":"closed","template":"","meta":[],"_links":{"self":[{"href":"http:\/\/www.mutxiko.org\/index.php?rest_route=\/wp\/v2\/pages\/390"}],"collection":[{"href":"http:\/\/www.mutxiko.org\/index.php?rest_route=\/wp\/v2\/pages"}],"about":[{"href":"http:\/\/www.mutxiko.org\/index.php?rest_route=\/wp\/v2\/types\/page"}],"author":[{"embeddable":true,"href":"http:\/\/www.mutxiko.org\/index.php?rest_route=\/wp\/v2\/users\/1"}],"replies":[{"embeddable":true,"href":"http:\/\/www.mutxiko.org\/index.php?rest_route=%2Fwp%2Fv2%2Fcomments&post=390"}],"version-history":[{"count":8,"href":"http:\/\/www.mutxiko.org\/index.php?rest_route=\/wp\/v2\/pages\/390\/revisions"}],"predecessor-version":[{"id":2228,"href":"http:\/\/www.mutxiko.org\/index.php?rest_route=\/wp\/v2\/pages\/390\/revisions\/2228"}],"wp:attachment":[{"href":"http:\/\/www.mutxiko.org\/index.php?rest_route=%2Fwp%2Fv2%2Fmedia&parent=390"}],"curies":[{"name":"wp","href":"https:\/\/api.w.org\/{rel}","templated":true}]}}