{"id":419,"date":"2015-12-11T10:39:04","date_gmt":"2015-12-11T10:39:04","guid":{"rendered":"http:\/\/www.mutxiko.org\/?page_id=419"},"modified":"2016-06-10T19:44:57","modified_gmt":"2016-06-10T19:44:57","slug":"2009-2","status":"publish","type":"page","link":"http:\/\/www.mutxiko.org\/?page_id=419&lang=fr","title":{"rendered":"2009"},"content":{"rendered":"<p align=\"left\"><strong>24 janvier<\/strong><\/p>\n<p align=\"left\">Mutxiko a particip\u00e9 \u00e0 la Tamborrada d\u2019Hendaye avec d\u2019autres associations et des repr\u00e9sentants des quartiers de la ville<\/p>\n<div align=\"center\"><a href=\"http:\/\/www.mutxiko.org\/wp-content\/uploads\/2015\/12\/danborrada-hendaia-09-_19_.jpg\"><img decoding=\"async\" loading=\"lazy\" class=\" wp-image-420 aligncenter\" src=\"http:\/\/www.mutxiko.org\/wp-content\/uploads\/2015\/12\/danborrada-hendaia-09-_19_-1024x768.jpg\" alt=\"danborrada hendaia 09 _19_\" width=\"527\" height=\"391\" \/><\/a><\/div>\n<p align=\"center\">Pour voir plus de photos cliquez <a href=\"https:\/\/www.flickr.com\/photos\/142290625@N08\/sets\/72157665342613124\" target=\"_blank\">ici<\/a><\/p>\n<p><strong>28 f\u00e9vrier<\/strong><\/p>\n<p>Carnaval d\u2019Hendaye Mutxiko a particip\u00e9 au d\u00e9fil\u00e9<\/p>\n<p align=\"center\"><a href=\"http:\/\/www.mutxiko.org\/wp-content\/uploads\/2015\/12\/Ihauteriak-Hendaia-2009-_18_.jpg\"><img decoding=\"async\" loading=\"lazy\" class=\" wp-image-423 aligncenter\" src=\"http:\/\/www.mutxiko.org\/wp-content\/uploads\/2015\/12\/Ihauteriak-Hendaia-2009-_18_.jpg\" alt=\"Ihauteriak Hendaia 2009 _18_\" width=\"536\" height=\"401\" srcset=\"http:\/\/www.mutxiko.org\/wp-content\/uploads\/2015\/12\/Ihauteriak-Hendaia-2009-_18_.jpg 640w, http:\/\/www.mutxiko.org\/wp-content\/uploads\/2015\/12\/Ihauteriak-Hendaia-2009-_18_-300x225.jpg 300w\" sizes=\"(max-width: 536px) 100vw, 536px\" \/><\/a>Pour voir plus de photos cliquez <a href=\"https:\/\/www.flickr.com\/photos\/142290625@N08\/sets\/72157667695138885\" target=\"_blank\">ic<\/a>i<\/p>\n<p><strong>29 mars<\/strong><\/p>\n<p>Mutxiko a particip\u00e9 \u00e0 la Dantzari Festa de Hernani ville du Guipuzkoa voisin. Mutxiko a particip\u00e9 avec d\u2019autres groupes venus de toutes les provinces de Euskal-Herria\u00a0:Ttarla (Hernani), Eraiki (Irun), Ereintza (Errenteria). Eskola (Donostia), Ibarla Meaka (Irun), Kemen (Irun), Kresala (Donostia),\u00a0 Trebeska (Donostia),\u00a0Adurtza (Gasteiz),\u00a0Laguntasuna (Barakaldo),\u00a0Amaiur (Iru\u00f1ea),\u00a0Akelarre (Hendaia) et Mutxiko (Hendaia).<\/p>\n<p align=\"center\"><a href=\"http:\/\/www.mutxiko.org\/wp-content\/uploads\/2015\/12\/Mutxiko-Hernani-2009-_1_.jpg\"><img decoding=\"async\" loading=\"lazy\" class=\" wp-image-424 aligncenter\" src=\"http:\/\/www.mutxiko.org\/wp-content\/uploads\/2015\/12\/Mutxiko-Hernani-2009-_1_-1024x768.jpg\" alt=\"Mutxiko Hernani 2009 _1_\" width=\"536\" height=\"367\" \/><\/a>Pour voir plus de photos cliquez <a href=\"https:\/\/www.flickr.com\/photos\/142290625@N08\/sets\/72157667533292011\" target=\"_blank\">ici<\/a><\/p>\n<p>&nbsp;<\/p>\n<p><strong>16-19 Avril<\/strong><\/p>\n<p><strong>10e anniversaire des jumelages Hendaye-Peebles et Hendaye-Viana do Castelo<\/strong><\/p>\n<p>Le groupe Mutxiko Elkartea a particip\u00e9, avec le groupe Akelarre-Gurea aux c\u00e9r\u00e9monies du 10e anniversaire<br \/>\nLe 16 avril en dansant l&rsquo;Agurra pour accueillir la d\u00e9l\u00e9gation de Peebles<br \/>\nLe 19 avril en participant au spectacle offert aux 2 d\u00e9l\u00e9gations, au Fronton D.Ugarte<\/p>\n<p>&nbsp;<\/p>\n<p><strong>13\u00a0Juin<\/strong><\/p>\n<p align=\"left\"><strong>Sagarno Eguna<\/strong><\/p>\n<p align=\"left\">Participation \u00e0 Sagarno Eguna sur la Place de la R\u00e9publique \u00e0 Hendaye. Le groupe a dans\u00e9\u00a0Sagardantza.<\/p>\n<p><a href=\"http:\/\/www.mutxiko.org\/wp-content\/uploads\/2015\/12\/sagarno-2009-_4__001.jpg\"><img decoding=\"async\" loading=\"lazy\" class=\"wp-image-425 aligncenter\" src=\"http:\/\/www.mutxiko.org\/wp-content\/uploads\/2015\/12\/sagarno-2009-_4__001.jpg\" alt=\"OLYMPUS DIGITAL CAMERA\" width=\"575\" height=\"413\" \/><\/a><\/p>\n<p align=\"center\">Pour voir plus de photos cliquez <a class=\"external-link\" href=\"https:\/\/www.flickr.com\/photos\/142290625@N08\/albums\/72157667546217591\" target=\"_blank\">ici<\/a><\/p>\n<p align=\"left\"><strong>26 Juin<\/strong><\/p>\n<p align=\"left\"><strong>Spectacle \u00e0 Sokoburu<\/strong><\/p>\n<p align=\"left\">Spectacle \u00e0 Sokoburu dans le cadre du programme d\u2019activit\u00e9s estivales du Comit\u00e9 des f\u00eates d\u2019Hendaye.<\/p>\n<p align=\"center\"><a href=\"http:\/\/www.mutxiko.org\/wp-content\/uploads\/2015\/12\/sokoburu-2009-_23_.jpg\"><img decoding=\"async\" loading=\"lazy\" class=\" wp-image-422 aligncenter\" src=\"http:\/\/www.mutxiko.org\/wp-content\/uploads\/2015\/12\/sokoburu-2009-_23_.jpg\" alt=\"sokoburu 2009 _23_\" width=\"601\" height=\"283\" \/><\/a>Pour voir plus de photos cliquez<a class=\"external-link\" href=\"https:\/\/www.flickr.com\/photos\/142290625@N08\/albums\/72157667525873522\" target=\"_blank\"> ici<\/a><\/p>\n<p align=\"left\"><strong><br \/>\n<\/strong><\/p>\n<p align=\"left\"><strong>12 juillet<\/strong><\/p>\n<p align=\"left\"><strong>Roumagne<\/strong><\/p>\n<p align=\"left\">Au cours de la f\u00eate traditionnelle, organis\u00e9e par Trad Troubadours de Lot et Garonne, le groupe Basque Mutxiko a pr\u00e9sent\u00e9 son spectacle de danses.<\/p>\n<div align=\"center\"><\/div>\n<p align=\"left\"><strong>9 A\u00f4ut<\/strong><\/p>\n<p><strong>F\u00eate Basque<\/strong><\/p>\n<p>Participation au d\u00e9fil\u00e9 de la F\u00eate Basque de Hendaye.<\/p>\n<p align=\"center\"><a href=\"http:\/\/www.mutxiko.org\/wp-content\/uploads\/2015\/12\/DSCN2820.jpg\"><img decoding=\"async\" loading=\"lazy\" class=\" wp-image-421 aligncenter\" src=\"http:\/\/www.mutxiko.org\/wp-content\/uploads\/2015\/12\/DSCN2820-1024x680.jpg\" alt=\"DSCN2820\" width=\"528\" height=\"346\" \/><\/a>Pour voir plus de photos cliquez<a class=\"external-link\" href=\"https:\/\/www.flickr.com\/photos\/142290625@N08\/albums\/72157667532467551\" target=\"_blank\"> ici<\/a><\/p>\n<p class=\"link-external\" align=\"left\"><strong>27 Ao\u00fbt et 10 Septembre<\/strong><\/p>\n<p class=\"link-external\" align=\"left\">Dans le cadre des activit\u00e9s que le Comit\u00e9 des f\u00eates d\u2019Ascain organise pendant l\u2019\u00e9t\u00e9, Mutxiko a offert un spectacle de danse au fronton Chourio.<\/p>\n<p align=\"center\"><a href=\"http:\/\/www.mutxiko.org\/wp-content\/uploads\/2015\/12\/Azkaine-2009-_21__001-1.jpg\"><img decoding=\"async\" loading=\"lazy\" class=\" wp-image-432 aligncenter\" src=\"http:\/\/www.mutxiko.org\/wp-content\/uploads\/2015\/12\/Azkaine-2009-_21__001-1-1024x768.jpg\" alt=\"Azkaine 2009 _21__001 (1)\" width=\"535\" height=\"369\" \/><\/a> Pour voir plus de photos cliquez<a class=\"external-link\" href=\"https:\/\/www.flickr.com\/photos\/142290625@N08\/albums\/72157667690504835\" target=\"_blank\"> ici<\/a><\/p>\n<div align=\"left\"><strong>27 Septembre<br \/>\nF\u00eate de la Corniche<\/strong><\/div>\n<p>Comme chaque ann\u00e9e,\u00a0la F\u00eate de la Corniche \u00e0 Hendaye, organis\u00e9e par le Conseil G\u00e9n\u00e9ral des Pyr\u00e9n\u00e9es-Atlantiques. La route de la corniche est ferm\u00e9e \u00e0 la circulation. Grand pic-nic, animation, visites et decouvertes. Animation avec Mutxiko Elkartea.<\/p>\n<p align=\"center\">\u00a0<a href=\"http:\/\/www.mutxiko.org\/wp-content\/uploads\/2015\/12\/image_preview1.jpg\"><img decoding=\"async\" loading=\"lazy\" class=\" wp-image-401 aligncenter\" src=\"http:\/\/www.mutxiko.org\/wp-content\/uploads\/2015\/12\/image_preview1.jpg\" alt=\"image_preview\" width=\"503\" height=\"374\" \/><\/a> Pour voir plus de photos cliquez<a class=\"external-link\" href=\"https:\/\/www.flickr.com\/photos\/142290625@N08\/albums\/72157667532858481\" target=\"_blank\"> ici<\/a><\/p>\n<p>&nbsp;<\/p>\n<p><strong>11 Octobre<br \/>\nJourn\u00e9e de la pomme \u00e0 Abbadia<\/strong><\/p>\n<p>On a f\u00eat\u00e9 le jour du pressurage de la pomme o\u00f9 l\u2019on montre comment se fait la press\u00e9e de la pomme et la future \u00e9laboration du cidre.<\/p>\n<p>Le groupe Mutxiko a dans\u00e9 la Sagar Dantza de Arizcun et \u00e0 anim\u00e9 l\u2019\u00e9v\u00e8nement avec mutxikoak, arin-arin\u2026<\/p>\n<p>&nbsp;<\/p>\n<p align=\"center\"><a href=\"http:\/\/www.mutxiko.org\/wp-content\/uploads\/2015\/12\/image_preview-1.jpg\"><img decoding=\"async\" loading=\"lazy\" class=\"alignnone wp-image-402\" src=\"http:\/\/www.mutxiko.org\/wp-content\/uploads\/2015\/12\/image_preview-1.jpg\" alt=\"image_preview (1)\" width=\"510\" height=\"373\" \/><\/a><\/p>\n<p align=\"center\">Pour voir plus de photos cliquez<a class=\"external-link\" href=\"https:\/\/www.flickr.com\/photos\/142290625@N08\/albums\/72157667115363340\" target=\"_blank\"> ici<\/a><\/p>\n","protected":false},"excerpt":{"rendered":"<p>24 janvier Mutxiko a particip\u00e9 \u00e0 la Tamborrada d\u2019Hendaye avec d\u2019autres associations et des repr\u00e9sentants des quartiers de la ville Pour voir plus de photos cliquez ici 28 f\u00e9vrier Carnaval d\u2019Hendaye Mutxiko a particip\u00e9 au d\u00e9fil\u00e9 Pour voir plus de photos cliquez ici 29 mars Mutxiko a particip\u00e9 \u00e0 la Dantzari Festa de Hernani ville [&hellip;]<\/p>\n","protected":false},"author":1,"featured_media":0,"parent":0,"menu_order":0,"comment_status":"closed","ping_status":"closed","template":"","meta":[],"_links":{"self":[{"href":"http:\/\/www.mutxiko.org\/index.php?rest_route=\/wp\/v2\/pages\/419"}],"collection":[{"href":"http:\/\/www.mutxiko.org\/index.php?rest_route=\/wp\/v2\/pages"}],"about":[{"href":"http:\/\/www.mutxiko.org\/index.php?rest_route=\/wp\/v2\/types\/page"}],"author":[{"embeddable":true,"href":"http:\/\/www.mutxiko.org\/index.php?rest_route=\/wp\/v2\/users\/1"}],"replies":[{"embeddable":true,"href":"http:\/\/www.mutxiko.org\/index.php?rest_route=%2Fwp%2Fv2%2Fcomments&post=419"}],"version-history":[{"count":8,"href":"http:\/\/www.mutxiko.org\/index.php?rest_route=\/wp\/v2\/pages\/419\/revisions"}],"predecessor-version":[{"id":2844,"href":"http:\/\/www.mutxiko.org\/index.php?rest_route=\/wp\/v2\/pages\/419\/revisions\/2844"}],"wp:attachment":[{"href":"http:\/\/www.mutxiko.org\/index.php?rest_route=%2Fwp%2Fv2%2Fmedia&parent=419"}],"curies":[{"name":"wp","href":"https:\/\/api.w.org\/{rel}","templated":true}]}}