{"id":42,"date":"2015-12-02T08:12:24","date_gmt":"2015-12-02T08:12:24","guid":{"rendered":"http:\/\/www.mutxiko.org\/?page_id=42"},"modified":"2024-01-13T14:18:25","modified_gmt":"2024-01-13T14:18:25","slug":"accueil","status":"publish","type":"page","link":"http:\/\/www.mutxiko.org\/?page_id=42&lang=es","title":{"rendered":"MUTXIKO ELKARTEA \u2013 GRUPO DE DANZA TRADICIONAL VASCA"},"content":{"rendered":"\n<p class=\"has-text-align-center\"><\/p>\n\n\n\n<figure class=\"wp-block-image size-large\"><a href=\"http:\/\/www.mutxiko.org\/wp-content\/uploads\/2018\/08\/IMG-20180728-WA0019-1.jpg\"><img decoding=\"async\" loading=\"lazy\" width=\"1024\" height=\"680\" src=\"http:\/\/www.mutxiko.org\/wp-content\/uploads\/2018\/08\/IMG-20180728-WA0019-1-1024x680.jpg\" alt=\"\" class=\"wp-image-18421\" srcset=\"http:\/\/www.mutxiko.org\/wp-content\/uploads\/2018\/08\/IMG-20180728-WA0019-1-1024x680.jpg 1024w, http:\/\/www.mutxiko.org\/wp-content\/uploads\/2018\/08\/IMG-20180728-WA0019-1-300x199.jpg 300w, http:\/\/www.mutxiko.org\/wp-content\/uploads\/2018\/08\/IMG-20180728-WA0019-1-768x510.jpg 768w, http:\/\/www.mutxiko.org\/wp-content\/uploads\/2018\/08\/IMG-20180728-WA0019-1.jpg 1553w\" sizes=\"(max-width: 1024px) 100vw, 1024px\" \/><\/a><\/figure>\n\n\n\n<p>MUTXIKO ELKARTEA es un grupo de dantzaris y m\u00fasicos tradicionales de Euskal-Herria. Fu\u00e9 creado en abril de 1996 en Hendaya.  La asociaci\u00f3n tiene como fin el estudio, la ense\u00f1anza, la pr\u00e1ctica y la difusi\u00f3n de las danzas tradicionales de Euskal- Herria. <\/p>\n\n\n\n<p class=\"has-text-align-center\">A lo largo de su trayectoria, Mutxiko Elkartea ha sido invitado a importantes festivales de Folklore en toda Europa y en Am\u00e9rica: Francia, Espa\u00f1a, Portugal, Argentina, Escocia, Hungria, Rep\u00fablica Checa, Macedonia y el prestigioso Jaialdi de Boise en Estados Unidos.<\/p>\n\n\n<div class=\"wp-block-image\">\n<figure class=\"aligncenter is-resized\"><a href=\"http:\/\/www.mutxiko.org\/wp-content\/uploads\/2016\/09\/Mutxiko-elkartea-Group.jpg\"><img decoding=\"async\" loading=\"lazy\" src=\"http:\/\/www.mutxiko.org\/wp-content\/uploads\/2016\/09\/Mutxiko-elkartea-Group.jpg\" alt=\"mutxiko-elkartea-groupe\" class=\"wp-image-5243\" width=\"700\" height=\"392\" srcset=\"http:\/\/www.mutxiko.org\/wp-content\/uploads\/2016\/09\/Mutxiko-elkartea-Group.jpg 640w, http:\/\/www.mutxiko.org\/wp-content\/uploads\/2016\/09\/Mutxiko-elkartea-Group-300x168.jpg 300w\" sizes=\"(max-width: 700px) 100vw, 700px\" \/><\/a><\/figure><\/div>\n\n\n<p class=\"has-text-align-center\">El grupo est\u00e1 afiliado a Euskal Dantzarien Biltzarra la asociaci\u00f3n vasca de grupos de danza.<\/p>\n","protected":false},"excerpt":{"rendered":"<p>MUTXIKO ELKARTEA es un grupo de dantzaris y m\u00fasicos tradicionales de Euskal-Herria. Fu\u00e9 creado en abril de 1996 en Hendaya. La asociaci\u00f3n tiene como fin el estudio, la ense\u00f1anza, la pr\u00e1ctica y la difusi\u00f3n de las danzas tradicionales de Euskal- Herria. A lo largo de su trayectoria, Mutxiko Elkartea ha sido invitado a importantes festivales [&hellip;]<\/p>\n","protected":false},"author":1,"featured_media":0,"parent":0,"menu_order":0,"comment_status":"closed","ping_status":"closed","template":"","meta":[],"_links":{"self":[{"href":"http:\/\/www.mutxiko.org\/index.php?rest_route=\/wp\/v2\/pages\/42"}],"collection":[{"href":"http:\/\/www.mutxiko.org\/index.php?rest_route=\/wp\/v2\/pages"}],"about":[{"href":"http:\/\/www.mutxiko.org\/index.php?rest_route=\/wp\/v2\/types\/page"}],"author":[{"embeddable":true,"href":"http:\/\/www.mutxiko.org\/index.php?rest_route=\/wp\/v2\/users\/1"}],"replies":[{"embeddable":true,"href":"http:\/\/www.mutxiko.org\/index.php?rest_route=%2Fwp%2Fv2%2Fcomments&post=42"}],"version-history":[{"count":102,"href":"http:\/\/www.mutxiko.org\/index.php?rest_route=\/wp\/v2\/pages\/42\/revisions"}],"predecessor-version":[{"id":24935,"href":"http:\/\/www.mutxiko.org\/index.php?rest_route=\/wp\/v2\/pages\/42\/revisions\/24935"}],"wp:attachment":[{"href":"http:\/\/www.mutxiko.org\/index.php?rest_route=%2Fwp%2Fv2%2Fmedia&parent=42"}],"curies":[{"name":"wp","href":"https:\/\/api.w.org\/{rel}","templated":true}]}}