{"id":457,"date":"2015-12-11T13:18:13","date_gmt":"2015-12-11T13:18:13","guid":{"rendered":"http:\/\/www.mutxiko.org\/?page_id=457"},"modified":"2016-06-08T17:44:59","modified_gmt":"2016-06-08T17:44:59","slug":"2008-2","status":"publish","type":"page","link":"http:\/\/www.mutxiko.org\/?page_id=457&lang=fr","title":{"rendered":"2008"},"content":{"rendered":"<p><b>26 janvier<\/b><\/p>\n<p>Mutxiko Elkartea a particip\u00e9 \u00e0 la Tamborrada d\u2019Hendaye avec d\u2019autres associations culturelles et participants des diff\u00e9rents quartiers.<\/p>\n<p align=\"center\"><a href=\"http:\/\/www.mutxiko.org\/wp-content\/uploads\/2015\/12\/16_danbo_MUTXIKO.jpg\"><img decoding=\"async\" loading=\"lazy\" class=\"wp-image-459 aligncenter\" src=\"http:\/\/www.mutxiko.org\/wp-content\/uploads\/2015\/12\/16_danbo_MUTXIKO.jpg\" alt=\"PENTAX Image\" width=\"577\" height=\"422\" \/><\/a>Pour voir plus de photos cliquez <a href=\"https:\/\/www.flickr.com\/photos\/142290625@N08\/albums\/72157667693386825\" target=\"_blank\">ici<\/a><\/p>\n<p>&nbsp;<\/p>\n<p style=\"text-align: left;\" align=\"center\"><strong>Fevrier <\/strong><br \/>\nCarnaval d&rsquo;Hendaye<\/p>\n<p align=\"center\"><a href=\"http:\/\/www.mutxiko.org\/wp-content\/uploads\/2016\/05\/carnavale-hendaye-2008.jpg\"><img decoding=\"async\" loading=\"lazy\" class=\"alignnone wp-image-1802\" src=\"http:\/\/www.mutxiko.org\/wp-content\/uploads\/2016\/05\/carnavale-hendaye-2008-1024x768.jpg\" alt=\"Carnival 2008 Hendaye\" width=\"576\" height=\"423\" \/><\/a><\/p>\n<p align=\"center\">Pour voir plus de photos cliquez <a href=\"https:\/\/www.flickr.com\/photos\/142290625@N08\/sets\/72157667417998110\" target=\"_blank\">ici<\/a><\/p>\n<p><b>12 avril<\/b><\/p>\n<p>Mutxiko Elkartea a particip\u00e9 au festival Euskal Herriko Dantzaldia 2008 \u00e0 Gallarta (Biscaye). Les groupes de danse suivants ont \u00e9galement particip\u00e9 \u00e0 ce festival\u00a0:<\/p>\n<p>Meakako Adiskideak (Irun)<\/p>\n<p>Meatzaldeko Harrigorria Dantza Taldea (Abanto)<\/p>\n<p align=\"center\"><img decoding=\"async\" loading=\"lazy\" class=\"aligncenter\" src=\"http:\/\/www.mutxiko.org\/wp-content\/uploads\/2015\/12\/image_preview3.jpg\" alt=\"\" width=\"550\" height=\"342\" \/><\/p>\n<p>\u00a0<b>\u00a0\u00a0\u00a0<\/b><\/p>\n<p><b>7 au 9 juin<\/b><\/p>\n<p>Le groupe Mutxiko a re\u00e7u le groupe de danse portugais Rancho Folclorico de Outeiro \u00e0 Hendaye. En 2007 Mutxiko \u00e9tait all\u00e9 \u00e0 Outeiro et \u00e0 Viana do Castelo(ville jumel\u00e9e avec Hendaye)<\/p>\n<p>Durant leur visite les Portugais ont eu l\u2019occasion de conna\u00eetre Hendaye, Hondarribia et Saint S\u00e9bastien.Les 2 groupes ont offert ensemble un spectacle de danse au fronton D. Ugarte de Hendaye.<\/p>\n<p>Nos remerciements au Comit\u00e9 de jumelage et \u00e0 la Mairie d\u2019Hendaye pour l\u2019aide re\u00e7ue.<\/p>\n<p align=\"center\"><a href=\"http:\/\/www.mutxiko.org\/wp-content\/uploads\/2015\/12\/7-spectacle-08_06_10_.jpg\"><img decoding=\"async\" loading=\"lazy\" class=\"alignnone wp-image-465\" src=\"http:\/\/www.mutxiko.org\/wp-content\/uploads\/2015\/12\/7-spectacle-08_06_10_-1024x564.jpg\" alt=\"7-spectacle 08_06_10_\" width=\"595\" height=\"323\" \/><\/a><\/p>\n<p align=\"center\"><a href=\"http:\/\/www.mutxiko.org\/wp-content\/uploads\/2015\/12\/7-spectacle_08_06_6_.jpg\"><img decoding=\"async\" loading=\"lazy\" class=\"alignnone wp-image-466\" src=\"http:\/\/www.mutxiko.org\/wp-content\/uploads\/2015\/12\/7-spectacle_08_06_6_-1024x463.jpg\" alt=\"7-spectacle_08_06_6_\" width=\"604\" height=\"263\" \/><\/a><\/p>\n<p align=\"center\">\u00a0Pour voir plus de photos, cliquez <a href=\"https:\/\/www.flickr.com\/photos\/142290625@N08\/sets\/72157667696164865\" target=\"_blank\">ici<\/a><\/p>\n<p>&nbsp;<\/p>\n<p><b>12 juin 12 et 24 juillet<\/b><\/p>\n<p>Le groupe Mutxiko a offert un spectacle de danse au centre de vacances Ha\u00ef\u00e7abia de Hendaye.<\/p>\n<p>&nbsp;<\/p>\n<p><b>19 juillet 2 ao\u00fbt<\/b><\/p>\n<p>Dans le cadre des activit\u00e9s organis\u00e9es l\u2019\u00e9t\u00e9 par le Comit\u00e9 des f\u00eates d\u2019Ascain, le groupe Mutxiko a offert 2 spectacles de danse au fronton Chourio.<\/p>\n<p align=\"center\"><a href=\"http:\/\/www.mutxiko.org\/wp-content\/uploads\/2015\/12\/tafallko-jota-3.jpg\"><img decoding=\"async\" loading=\"lazy\" class=\" wp-image-464 aligncenter\" src=\"http:\/\/www.mutxiko.org\/wp-content\/uploads\/2015\/12\/tafallko-jota-3.jpg\" alt=\"tafallko jota 3\" width=\"566\" height=\"369\" srcset=\"http:\/\/www.mutxiko.org\/wp-content\/uploads\/2015\/12\/tafallko-jota-3.jpg 500w, http:\/\/www.mutxiko.org\/wp-content\/uploads\/2015\/12\/tafallko-jota-3-300x196.jpg 300w\" sizes=\"(max-width: 566px) 100vw, 566px\" \/><\/a><\/p>\n<p><b>10 ao\u00fbt<\/b><\/p>\n<p>F\u00eate Basque<\/p>\n<p>Participation au d\u00e9fil\u00e9 de la F\u00eate Basque de Hendaye<\/p>\n<p align=\"center\"><a href=\"http:\/\/www.mutxiko.org\/wp-content\/uploads\/2015\/12\/Euskal-Jaia-2008-_19_.jpg\"><img decoding=\"async\" loading=\"lazy\" class=\"alignnone wp-image-461\" src=\"http:\/\/www.mutxiko.org\/wp-content\/uploads\/2015\/12\/Euskal-Jaia-2008-_19_-1024x706.jpg\" alt=\"Euskal Jaia 2008 _19_\" width=\"600\" height=\"403\" \/><\/a><\/p>\n<p align=\"center\">\u00a0Pour voir plus de photos cliquez <a href=\"https:\/\/www.flickr.com\/photos\/142290625@N08\/sets\/72157665354801013\" target=\"_blank\">ici<\/a><\/p>\n<p><b>12 ao\u00fbt<\/b><\/p>\n<p>Spectacle \u00e0 Sokoburu dans le cadre du programme d\u2019activit\u00e9s estivales du Comit\u00e9 des f\u00eates d\u2019Hendaye.<\/p>\n<p align=\"center\"><a href=\"http:\/\/www.mutxiko.org\/wp-content\/uploads\/2015\/12\/sokoburu-08-08-_24_.jpg\"><img decoding=\"async\" loading=\"lazy\" class=\"alignnone wp-image-463\" src=\"http:\/\/www.mutxiko.org\/wp-content\/uploads\/2015\/12\/sokoburu-08-08-_24_.jpg\" alt=\"sokoburu 08-08 _24_\" width=\"592\" height=\"396\" \/><\/a><\/p>\n<p style=\"text-align: center;\">\u00a0Pour voir plus de photos cliquez <a href=\"https:\/\/www.flickr.com\/photos\/142290625@N08\/sets\/72157667546435121\" target=\"_blank\">ici<\/a><\/p>\n<p><strong>16-31 Aout<\/strong><\/p>\n<p><strong>Voyage en Argentine<\/strong><\/p>\n<p>Un voyage sans pr\u00e9c\u00e9dent.Le groupe Mutxiko Elkartea et le groupe Meakako Adiskideak de Irun ont effectu\u00e9 ensemble un voyage en Argentine. Les 28 danseurs et musiciens ont donn\u00e9 plusieurs spectacles, dans les villes suivantes:<\/p>\n<p><b>Mendoza<\/b>, spectacle au fronton, organis\u00e9 par le Centre Basque \u00ab\u00a0Denak Bat\u00a0\u00bb<br \/>\n<b>San Juan,<\/b> spectacle au th\u00e9\u00e2tre Sarmiento, organis\u00e9 par le Centre Basque de la ville<br \/>\n<b>Cordoba,<\/b> spectacle organis\u00e9 par le Centre Basque \u00ab\u00a0Gure Txokoa\u00a0\u00bb<br \/>\n<b>Parana,<\/b> spectacle au th\u00e9\u00e2tre municipal \u00ab\u00a03 de Febrero\u00a0\u00bb, organis\u00e9 par le Centre Basque \u00ab\u00a0Urrundik\u00a0\u00bb; spectacle donn\u00e9 \u00e9galement par les danseurs du groupe local \u00ab\u00a0Urrundik\u00a0\u00bb<br \/>\n<b>Buenos Aires.<\/b> A l&rsquo;initiative du \u00ab\u00a0Centre Basque-Fran\u00e7ais\u00a0\u00bb, spectacle au trinquet avec plus de 200 spectateurs. Un point d&rsquo;orgue parfait pour ce voyage tant d\u00e9sir\u00e9.Le groupe a mis un point final au voyage en Argentine par une farandole g\u00e9ante \u00e0 laquelle a particip\u00e9 aussi le public.<\/p>\n<p>Premier voyage en Am\u00e9rique pour les deux groupes, il a \u00e9t\u00e9 rempli de moments tr\u00e8s riches et d&rsquo;exp\u00e9riences inoubliables. Un tr\u00e8s grand merci \u00e0 tous les membres des Centres Basques qui nous ont accueillis avec tant de chaleur. Nous ne vous oublierons jamais.<\/p>\n<p align=\"center\"><a href=\"http:\/\/www.mutxiko.org\/wp-content\/uploads\/2015\/12\/parana-_4_.jpg\"><img decoding=\"async\" loading=\"lazy\" class=\"alignnone wp-image-462\" src=\"http:\/\/www.mutxiko.org\/wp-content\/uploads\/2015\/12\/parana-_4_.jpg\" alt=\"parana _4_\" width=\"589\" height=\"435\" \/><\/a><\/p>\n<p align=\"center\">Pour voir plus de photos, cliquez <a href=\"https:\/\/www.flickr.com\/photos\/142290625@N08\/albums\/72157665337716544\" target=\"_blank\">ici<\/a><\/p>\n<p><b>11 septembre\u00a0<\/b><\/p>\n<p>Dans le cadre des activit\u00e9s que le Comit\u00e9 des f\u00eates d\u2019Ascain organise l\u2019\u00e9t\u00e9, Mutxiko a offert un spectacle de danse au trinquet.<\/p>\n<p>&nbsp;<\/p>\n<p align=\"center\"><a href=\"http:\/\/www.mutxiko.org\/wp-content\/uploads\/2015\/12\/azkaine-2009-_2_.jpg\"><img decoding=\"async\" loading=\"lazy\" class=\"aligncenter wp-image-460\" src=\"http:\/\/www.mutxiko.org\/wp-content\/uploads\/2015\/12\/azkaine-2009-_2_-238x300.jpg\" alt=\"OLYMPUS DIGITAL CAMERA\" width=\"425\" height=\"481\" \/><\/a>Pour voir plus de photos, cliquez <a href=\"https:\/\/www.flickr.com\/photos\/142290625@N08\/sets\/72157667495328192\" target=\"_blank\">ici<\/a><\/p>\n<p><b>5 octobre<\/b><\/p>\n<p>Journ\u00e9e de la pomme \u00e0 Abbadia<\/p>\n<p>On a f\u00eat\u00e9 le jour du pressurage de la pomme o\u00f9 l\u2019on montre comment se fait la press\u00e9e de la pomme et la future \u00e9laboration du cidre.<\/p>\n<p>Le groupe Mutxiko a dans\u00e9 la Sagar Dantza de Arizcun et \u00e0 anim\u00e9 l\u2019\u00e9v\u00e8nement avec mutxikoak, arin-arin\u2026<\/p>\n<p><a href=\"http:\/\/www.mutxiko.org\/wp-content\/uploads\/2015\/12\/sagar-eguna-2007_12.jpg\"><img decoding=\"async\" loading=\"lazy\" class=\"wp-image-52 aligncenter\" src=\"http:\/\/www.mutxiko.org\/wp-content\/uploads\/2015\/12\/sagar-eguna-2007_12-1024x768.jpg\" alt=\"2013\" width=\"564\" height=\"431\" \/><\/a><\/p>\n<p>&nbsp;<\/p>\n<p><strong>10-13 Octobre<\/strong><\/p>\n<p>Viana do Castelo, Portugal<\/p>\n<p>A l&rsquo;occasion de la c\u00e9l\u00e9bration du 10e anniversaire de la signature du jumelage entre Viana do Castelo et Hendaye, la ville portugaise a invit\u00e9 des repr\u00e9sentants de diverses associations d&rsquo;Hendaye \u00e0 se rendre \u00e0 Viana pour participer aux activit\u00e9s organis\u00e9es par la municipalit\u00e9 pour c\u00e9l\u00e9brer cet anniversaire.<\/p>\n<p>Mutxiko Elkartea a particip\u00e9 aux diff\u00e9rentes manifestations, avec 7 repr\u00e9sentants. Le groupe a eu l&rsquo;occasion de danser dans les rues de Viana.<\/p>\n<p align=\"center\"><a href=\"http:\/\/www.mutxiko.org\/wp-content\/uploads\/2015\/12\/10-ans-jumelage-Viana-do-Castello-Akelarre-et-Mutxiko-r_unis__001-1.jpg\"><img decoding=\"async\" loading=\"lazy\" class=\"wp-image-458 aligncenter\" src=\"http:\/\/www.mutxiko.org\/wp-content\/uploads\/2015\/12\/10-ans-jumelage-Viana-do-Castello-Akelarre-et-Mutxiko-r_unis__001-1-1024x768.jpg\" alt=\"OLYMPUS DIGITAL CAMERA\" width=\"553\" height=\"416\" srcset=\"http:\/\/www.mutxiko.org\/wp-content\/uploads\/2015\/12\/10-ans-jumelage-Viana-do-Castello-Akelarre-et-Mutxiko-r_unis__001-1-1024x768.jpg 1024w, http:\/\/www.mutxiko.org\/wp-content\/uploads\/2015\/12\/10-ans-jumelage-Viana-do-Castello-Akelarre-et-Mutxiko-r_unis__001-1-300x225.jpg 300w\" sizes=\"(max-width: 553px) 100vw, 553px\" \/><\/a>Pour voir plus de photos, cliquez <a href=\"https:\/\/www.flickr.com\/photos\/142290625@N08\/sets\/72157667809085856\" target=\"_blank\">ici<\/a><\/p>\n","protected":false},"excerpt":{"rendered":"<p>26 janvier Mutxiko Elkartea a particip\u00e9 \u00e0 la Tamborrada d\u2019Hendaye avec d\u2019autres associations culturelles et participants des diff\u00e9rents quartiers. Pour voir plus de photos cliquez ici &nbsp; Fevrier Carnaval d&rsquo;Hendaye Pour voir plus de photos cliquez ici 12 avril Mutxiko Elkartea a particip\u00e9 au festival Euskal Herriko Dantzaldia 2008 \u00e0 Gallarta (Biscaye). Les groupes de [&hellip;]<\/p>\n","protected":false},"author":1,"featured_media":0,"parent":0,"menu_order":0,"comment_status":"closed","ping_status":"closed","template":"","meta":[],"_links":{"self":[{"href":"http:\/\/www.mutxiko.org\/index.php?rest_route=\/wp\/v2\/pages\/457"}],"collection":[{"href":"http:\/\/www.mutxiko.org\/index.php?rest_route=\/wp\/v2\/pages"}],"about":[{"href":"http:\/\/www.mutxiko.org\/index.php?rest_route=\/wp\/v2\/types\/page"}],"author":[{"embeddable":true,"href":"http:\/\/www.mutxiko.org\/index.php?rest_route=\/wp\/v2\/users\/1"}],"replies":[{"embeddable":true,"href":"http:\/\/www.mutxiko.org\/index.php?rest_route=%2Fwp%2Fv2%2Fcomments&post=457"}],"version-history":[{"count":8,"href":"http:\/\/www.mutxiko.org\/index.php?rest_route=\/wp\/v2\/pages\/457\/revisions"}],"predecessor-version":[{"id":2673,"href":"http:\/\/www.mutxiko.org\/index.php?rest_route=\/wp\/v2\/pages\/457\/revisions\/2673"}],"wp:attachment":[{"href":"http:\/\/www.mutxiko.org\/index.php?rest_route=%2Fwp%2Fv2%2Fmedia&parent=457"}],"curies":[{"name":"wp","href":"https:\/\/api.w.org\/{rel}","templated":true}]}}