{"id":5010,"date":"2016-09-14T10:03:06","date_gmt":"2016-09-14T10:03:06","guid":{"rendered":"http:\/\/www.mutxiko.org\/?page_id=5010"},"modified":"2016-09-14T10:05:55","modified_gmt":"2016-09-14T10:05:55","slug":"mentions-legales","status":"publish","type":"page","link":"http:\/\/www.mutxiko.org\/?page_id=5010&lang=fr","title":{"rendered":"Mentions L\u00e9gales"},"content":{"rendered":"<h3>\u00c9diteur du site<\/h3>\n<p>MUTXIKO<\/p>\n<p>Posta Kutxa 308<br \/>\n64703 HENDAIA Cedex<\/p>\n<p>Martine ORONOZ\u00a0(Pr\u00e9sidente) +33 (0)559202196<br \/>\nMirari MANTEROLA (Vice-pr\u00e9sidente) +33 (0)559203114<\/p>\n<p class=\"bodytext\">Directeur de la publication : Monsieur le Pr\u00e9sident<\/p>\n<p class=\"bodytext\">Pour toute remarque relative au fonctionnement du site, merci d&rsquo;adresser un courrier \u00e9lectronique \u00e0 l&rsquo;administrateur du site \u00e0 l&rsquo;adresse suivante :<br \/>\nmutxiko@infonie.fr<\/p>\n<h3 class=\"bodytext\">Informations<\/h3>\n<div>Aucune page ne peut \u00eatre pr\u00e9sent\u00e9e comme provenant de ce site si des transformations en modifiant le sens y ont \u00e9t\u00e9 apport\u00e9es.<\/div>\n<div><\/div>\n<div>Aucune autorisation n\u2019est requise pour placer un lien hypertexte vers notre site sur la page d\u2019accueil ou une page int\u00e9rieure.<\/div>\n<div><\/div>\n<div>Conform\u00e9ment \u00e0 la loi fran\u00e7aise (article 27 de la loi n\u00b0 78.17 du 06.01.78 relative \u00e0 l\u2019informatique, aux fichiers et aux libert\u00e9s) un droit d\u2019acc\u00e8s et de rectification des donn\u00e9es conserv\u00e9es est ouvert aupr\u00e8s de MUTXIKO.<\/div>\n<p class=\"bodytext\">Le site Internet \u00a0contient des liens vers des sites g\u00e9r\u00e9s par des tiers. Ces liens ne sont propos\u00e9s que pour votre commodit\u00e9.<\/p>\n<p class=\"bodytext\">Mutxiko\u00a0n&rsquo;exerce aucun contr\u00f4le sur ces sites et n&rsquo;assume aucune responsabilit\u00e9 concernant leur contenu.<\/p>\n<h3>Cookies<\/h3>\n<p>Un cookie est un petit fichier informatique stock\u00e9 sur votre disque dur. Il est tout petit et est cr\u00e9e par votre navigateur internet. De fa\u00e7on g\u00e9n\u00e9rales, des cokies peuvent \u00eatre cr\u00e9er lors de vos visites sur des pages internet, dans le but d&rsquo;\u00eatre relus plus tard, lorsque vous reviendrez sur le site. Cela peut ainsi \u00eatre utile \u00e0 des sites pour ce souvenir de votre profil et se souvenir quel visiteurs vous \u00eates. Ils peuvent contenir des informations que vous nous communiqu\u00e9.<\/p>\n<p>Veuillez noter qu&rsquo;il vous est possible de d\u00e9sactiver l&rsquo;utilisation des cookies en g\u00e9n\u00e9ral, selon le navigateur internet que vous utilisez. Veuillez vous reporter aux options de celui-ci, si vous souhaitez ne plus autoriser la cr\u00e9ation de cookie sur votre ordinateur. Cela peut donc vous permettre de prot\u00e9ger votre vie priv\u00e9e.<\/p>\n<h4>Cookies r\u00e9seaux sociaux<\/h4>\n<p>Pour g\u00e9rer vos donn\u00e9es sur Facebook: <a href=\"https:\/\/www.facebook.com\/help\/cookies\/\" target=\"_blank\">https:\/\/www.facebook.com\/help\/cookies\/<\/a><\/p>\n<p>Pour g\u00e9rer vos donn\u00e9es sur Twitter: <a href=\"https:\/\/support.twitter.com\/articles\/20170518-utilisation-des-cookies-et-des-technologies-similaires-par-twitter\" target=\"_blank\">https:\/\/support.twitter.com\/articles\/20170518-utilisation-des-cookies-et-des-technologies-similaires-par-twitter<\/a><\/p>\n<p><strong>H\u00e9bergement<\/strong><\/p>\n<p class=\"bodytext\">\u00a0<a href=\"https:\/\/www.google.es\/url?sa=t&amp;rct=j&amp;q=&amp;esrc=s&amp;source=web&amp;cd=1&amp;cad=rja&amp;uact=8&amp;ved=0CCcQFjAAahUKEwjC1PyczJnJAhXE8RQKHWnZC-s&amp;url=http%3A%2F%2Fwww.1and1.fr%2F&amp;usg=AFQjCNFkhtzPQ4aROW7mNyTMNoh0okC1lA&amp;bvm=bv.107763241,d.d24\" target=\"_blank\">1&amp;1<\/a>\u00a0Internet SARL<\/p>\n<p class=\"bodytext\">7, place de la Gare , BP 70109 , 57201 Sarreguemines Cedex<br \/>\nsupport [at] 1and1.fr.<br \/>\nwww.1and1.fr<br \/>\nSARL au capital de 100 000 EUR<br \/>\nRCS Sarreguemines B 431 303 775<br \/>\nSIRET 431 303 775 000 16<br \/>\nAPE 642 B<\/p>\n","protected":false},"excerpt":{"rendered":"<p>\u00c9diteur du site MUTXIKO Posta Kutxa 308 64703 HENDAIA Cedex Martine ORONOZ\u00a0(Pr\u00e9sidente) +33 (0)559202196 Mirari MANTEROLA (Vice-pr\u00e9sidente) +33 (0)559203114 Directeur de la publication : Monsieur le Pr\u00e9sident Pour toute remarque relative au fonctionnement du site, merci d&rsquo;adresser un courrier \u00e9lectronique \u00e0 l&rsquo;administrateur du site \u00e0 l&rsquo;adresse suivante : mutxiko@infonie.fr Informations Aucune page ne peut \u00eatre [&hellip;]<\/p>\n","protected":false},"author":1,"featured_media":0,"parent":0,"menu_order":0,"comment_status":"closed","ping_status":"closed","template":"","meta":[],"_links":{"self":[{"href":"http:\/\/www.mutxiko.org\/index.php?rest_route=\/wp\/v2\/pages\/5010"}],"collection":[{"href":"http:\/\/www.mutxiko.org\/index.php?rest_route=\/wp\/v2\/pages"}],"about":[{"href":"http:\/\/www.mutxiko.org\/index.php?rest_route=\/wp\/v2\/types\/page"}],"author":[{"embeddable":true,"href":"http:\/\/www.mutxiko.org\/index.php?rest_route=\/wp\/v2\/users\/1"}],"replies":[{"embeddable":true,"href":"http:\/\/www.mutxiko.org\/index.php?rest_route=%2Fwp%2Fv2%2Fcomments&post=5010"}],"version-history":[{"count":1,"href":"http:\/\/www.mutxiko.org\/index.php?rest_route=\/wp\/v2\/pages\/5010\/revisions"}],"predecessor-version":[{"id":5013,"href":"http:\/\/www.mutxiko.org\/index.php?rest_route=\/wp\/v2\/pages\/5010\/revisions\/5013"}],"wp:attachment":[{"href":"http:\/\/www.mutxiko.org\/index.php?rest_route=%2Fwp%2Fv2%2Fmedia&parent=5010"}],"curies":[{"name":"wp","href":"https:\/\/api.w.org\/{rel}","templated":true}]}}