{"id":535,"date":"2015-12-16T14:51:43","date_gmt":"2015-12-16T14:51:43","guid":{"rendered":"http:\/\/www.mutxiko.org\/?page_id=535"},"modified":"2016-06-01T21:57:21","modified_gmt":"2016-06-01T21:57:21","slug":"2007-2","status":"publish","type":"page","link":"http:\/\/www.mutxiko.org\/?page_id=535&lang=fr","title":{"rendered":"2007"},"content":{"rendered":"<div id=\"content-core\">\n<div id=\"parent-fieldname-text\" class=\"\">\n<p><strong>24 F\u00e9vrier<\/strong><\/p>\n<p>Carnaval d\u00b4Hendaye. Participation au defil\u00e9e.<\/p>\n<p align=\"center\"><a href=\"http:\/\/www.mutxiko.org\/wp-content\/uploads\/2015\/12\/image_preview-11.jpg\"><img decoding=\"async\" loading=\"lazy\" class=\"alignnone wp-image-539\" src=\"http:\/\/www.mutxiko.org\/wp-content\/uploads\/2015\/12\/image_preview-11.jpg\" alt=\"image_preview (1)\" width=\"504\" height=\"352\" srcset=\"http:\/\/www.mutxiko.org\/wp-content\/uploads\/2015\/12\/image_preview-11.jpg 400w, http:\/\/www.mutxiko.org\/wp-content\/uploads\/2015\/12\/image_preview-11-300x209.jpg 300w\" sizes=\"(max-width: 504px) 100vw, 504px\" \/><\/a><\/p>\n<p align=\"center\">Pour voir plus de photos, cliquez\u00a0<a href=\"https:\/\/www.flickr.com\/photos\/142290625@N08\/albums\/72157668069101955\" target=\"_blank\">ici<\/a><\/p>\n<p align=\"left\"><strong>15 Avril<\/strong><\/p>\n<p align=\"left\">Le groupe Mutxiko a particip\u00e9 \u00e0 la \u00ab\u00a0f\u00eate des papillons\u00a0\u00bb organis\u00e9e \u00e0 Sokoburu, Hendaye, \u00a0au profit de l\u00b4association \u00ab\u00a0Les papillons de Charcot\u00a0\u00bb. La maladie de Charcot, ou scl\u00e9rose lat\u00e9rale amyotrophique (SLA) est una affection neuro-d\u00e9g\u00e9n\u00e9rative grave se caract\u00e9risant par la mort des cellules nerveuses qui commandent les muscles. <a href=\"http:\/\/www.lespapillonsdecharcot.com\/\" target=\"_blank\">www.lespapillonsdecharcot.com<\/a><\/p>\n<p align=\"center\"><a href=\"http:\/\/www.mutxiko.org\/wp-content\/uploads\/2015\/12\/image_preview4.jpg\"><img decoding=\"async\" loading=\"lazy\" class=\"alignnone wp-image-542\" src=\"http:\/\/www.mutxiko.org\/wp-content\/uploads\/2015\/12\/image_preview4.jpg\" alt=\"image_preview\" width=\"467\" height=\"314\" srcset=\"http:\/\/www.mutxiko.org\/wp-content\/uploads\/2015\/12\/image_preview4.jpg 400w, http:\/\/www.mutxiko.org\/wp-content\/uploads\/2015\/12\/image_preview4-300x202.jpg 300w\" sizes=\"(max-width: 467px) 100vw, 467px\" \/><\/a><\/p>\n<p align=\"left\"><strong>28 au\u00a030\u00a0Avril<br \/>\nVisite\u00a0\u00e0\u00a0Viana do Castelo et Outeiro (Portugal)<\/strong><\/p>\n<div>\n<div>\n<p align=\"left\">Dans le cadre\u00a0 du Jumelage entre Hendaye et Viana do Castelo (Portugal) le groupe Mutxiko Elkartea a \u00e9t\u00e9 invit\u00e9 \u00e0 participer au 22e Festival de Folklore de Outeiro, village appartenant \u00e0 la municipalit\u00e9 de Viana do Castelo. Outre la participation \u00e0 ce Festival, le groupe a anim\u00e9 les rues de Viana et a eu l&rsquo;occasion de conna\u00eetre le patrimoine culturel de la r\u00e9gion.Le groupe a visit\u00e9 le mus\u00e9e du costume r\u00e9gional, le mus\u00e9e du pain, a activement particip\u00e9 aux f\u00eates du village et hautement appr\u00e9ci\u00e9 les plats fantastiques pr\u00e9par\u00e9s par nos h\u00f4tes.Nos remerciements au groupe d&rsquo;Outeiro pour son accueil chaleureux, son amabilit\u00e9 et sa sympathie. Maintenant nous savons pourquoi l&rsquo;on dit&#8230;Viana \u00e9 Amor.<\/p>\n<\/div>\n<\/div>\n<div>\n<p align=\"left\">\u00a0\u00a0\u00a0\u00a0 &#8211;\u00a0 Grupo da Associa\u00e7ao cultural e recreativa Jograis de Gogim-Armamar (Portugal)<\/p>\n<p align=\"left\">\u00a0\u00a0\u00a0\u00a0 &#8211;\u00a0\u00a0Grupo do Centro Cultural e Recreativo \u00ab\u00a0Os Malmequeres de Lourosa\u00a0\u00bb &#8211; Lourosa (Portugal)<\/p>\n<p align=\"left\">\u00a0\u00a0\u00a0\u00a0 &#8211;\u00a0\u00a0Mutxiko Elkartea &#8211; Hendaia-\u00a0Pays Basque<\/p>\n<p align=\"left\">\u00a0\u00a0\u00a0\u00a0 &#8211;\u00a0 Rancho Folcl\u00f3rico do Centro Desportivo e Cultural de Outeiro- Viana do Castelo\u00a0(Portugal)<\/p>\n<p><img decoding=\"async\" loading=\"lazy\" class=\"wp-image-536 aligncenter\" src=\"http:\/\/www.mutxiko.org\/wp-content\/uploads\/2015\/12\/12-PLAZA-DE-LA-REPUBLICA1-1024x768.jpg\" alt=\"OLYMPUS DIGITAL CAMERA\" width=\"566\" height=\"424\" srcset=\"http:\/\/www.mutxiko.org\/wp-content\/uploads\/2015\/12\/12-PLAZA-DE-LA-REPUBLICA1-1024x768.jpg 1024w, http:\/\/www.mutxiko.org\/wp-content\/uploads\/2015\/12\/12-PLAZA-DE-LA-REPUBLICA1-300x225.jpg 300w\" sizes=\"(max-width: 566px) 100vw, 566px\" \/><\/p>\n<p align=\"center\">Pour voir plus de photos cliquez <a href=\"https:\/\/www.flickr.com\/photos\/142290625@N08\/sets\/72157665382877913\" target=\"_blank\">ici<\/a><\/p>\n<\/div>\n<div><\/div>\n<div><strong>Du 5 au 8 Mai<br \/>\n<\/strong><\/div>\n<div><strong>Visite du Cercle Celtique du Val d&rsquo;Oust<\/strong><\/div>\n<div><\/div>\n<div>Visite de nos amis bretons du Cercle Celtique du Val d&rsquo;Oust de St Caradec; c&rsquo;est la troisi\u00e8me rencontre de nos deux groupes , apr\u00e8s 2002 et 2004.<\/div>\n<div>De la danse: Spectacle des 2 groupes, auxquels s&rsquo;est joint Atharratzeko Dantzariak, aux Vari\u00e9t\u00e9s et\u00a0 Spectacle du Cercle Celtique au Salon Nautique \u00e0 Sokoburu<\/div>\n<div>Des promenades et d\u00e9couvertes: Domaine d&rsquo;Abbadia,Pasaia, Jaizkibel avec pique-nique semi-pluvieux, Hondarribia<\/div>\n<div>Des repas conviviaux: cidrerie Ola, sociedad Klink et notre Txoko. Trois jours de musiques, danses et chants bretons et basques et nous avons , tous ensemble<strong>,\u00a0\u00bb lev\u00e9 le cul du verre !\u00a0\u00bb<\/strong><\/div>\n<div><\/div>\n<div align=\"center\"><a href=\"http:\/\/www.mutxiko.org\/wp-content\/uploads\/2015\/12\/image_preview-21.jpg\"><img decoding=\"async\" loading=\"lazy\" class=\"alignnone wp-image-540\" src=\"http:\/\/www.mutxiko.org\/wp-content\/uploads\/2015\/12\/image_preview-21.jpg\" alt=\"image_preview (2)\" width=\"561\" height=\"272\" srcset=\"http:\/\/www.mutxiko.org\/wp-content\/uploads\/2015\/12\/image_preview-21.jpg 400w, http:\/\/www.mutxiko.org\/wp-content\/uploads\/2015\/12\/image_preview-21-300x146.jpg 300w\" sizes=\"(max-width: 561px) 100vw, 561px\" \/><\/a><\/div>\n<div align=\"center\"><\/div>\n<div align=\"left\"><strong>9 Juin<\/strong><\/div>\n<div align=\"left\"><strong>Sagarno eguna<\/strong><\/div>\n<div align=\"left\"><strong>\u00a0\u00a0\u00a0<\/strong><\/div>\n<div align=\"left\">Participation \u00e0 Sagarno Eguna sur la Place de la R\u00e9publique \u00e0 Hendaye.<\/div>\n<div align=\"left\"><\/div>\n<div align=\"left\"><\/div>\n<div align=\"left\"><strong>25 Juillet<\/strong><\/div>\n<div align=\"left\"><strong>Spectacle a Sokoburu<\/strong><\/div>\n<div align=\"left\">Spectacle \u00e0 SOKOBURU, Hendaye. Participation \u00e0 l\u2019animation de l\u2019\u00e9t\u00e9 organis\u00e9e par le Comit\u00e9 des F\u00eates.<\/div>\n<p align=\"center\"><a href=\"http:\/\/www.mutxiko.org\/wp-content\/uploads\/2015\/12\/polkak.jpg\"><img decoding=\"async\" loading=\"lazy\" class=\"alignnone wp-image-543\" src=\"http:\/\/www.mutxiko.org\/wp-content\/uploads\/2015\/12\/polkak-1024x768.jpg\" alt=\"polkak\" width=\"575\" height=\"431\" srcset=\"http:\/\/www.mutxiko.org\/wp-content\/uploads\/2015\/12\/polkak-1024x768.jpg 1024w, http:\/\/www.mutxiko.org\/wp-content\/uploads\/2015\/12\/polkak-300x225.jpg 300w, http:\/\/www.mutxiko.org\/wp-content\/uploads\/2015\/12\/polkak.jpg 1500w\" sizes=\"(max-width: 575px) 100vw, 575px\" \/><\/a><\/p>\n<p align=\"center\">\u00a0\u00a0Pour voir plus de photos, cliquez<a href=\"https:\/\/www.flickr.com\/photos\/142290625@N08\/albums\/72157667710707825\" target=\"_blank\">\u00a0ici<\/a><\/p>\n<p><strong>7 Ao\u00fbt<\/strong><\/p>\n<div align=\"left\"><strong>Spectacle a Sokoburu<\/strong><\/div>\n<div align=\"left\"><\/div>\n<div align=\"left\">2\u00e8me Spectacle \u00e0 SOKOBURU, Hendaye. Participation \u00e0 l\u2019animation de l\u2019\u00e9t\u00e9 organis\u00e9e par le Comit\u00e9 des F\u00eates.<\/div>\n<p align=\"center\">\u00a0\u00a0<a href=\"http:\/\/www.mutxiko.org\/wp-content\/uploads\/2015\/12\/sokoburu_08_2007-_121_.jpg\"><img decoding=\"async\" loading=\"lazy\" class=\"alignnone wp-image-545\" src=\"http:\/\/www.mutxiko.org\/wp-content\/uploads\/2015\/12\/sokoburu_08_2007-_121_-1024x614.jpg\" alt=\"sokoburu_08_2007 _121_\" width=\"600\" height=\"360\" srcset=\"http:\/\/www.mutxiko.org\/wp-content\/uploads\/2015\/12\/sokoburu_08_2007-_121_-1024x614.jpg 1024w, http:\/\/www.mutxiko.org\/wp-content\/uploads\/2015\/12\/sokoburu_08_2007-_121_-300x180.jpg 300w, http:\/\/www.mutxiko.org\/wp-content\/uploads\/2015\/12\/sokoburu_08_2007-_121_-240x145.jpg 240w, http:\/\/www.mutxiko.org\/wp-content\/uploads\/2015\/12\/sokoburu_08_2007-_121_.jpg 1500w\" sizes=\"(max-width: 600px) 100vw, 600px\" \/><\/a><\/p>\n<p align=\"center\">\u00a0\u00a0Pour voir plus de photos, cliquez\u00a0<a href=\"https:\/\/www.flickr.com\/photos\/142290625@N08\/albums\/72157667710707825\" target=\"_blank\">ici<\/a><\/p>\n<p align=\"left\"><strong>12 Ao\u00fbt<br \/>\nEuskal Jaia<\/strong><\/p>\n<p align=\"left\">F\u00eate Basque \u00e0 Hendaye. Participation \u00e0 la cavalcade.<\/p>\n<p align=\"center\">\u00a0 \u00a0<a href=\"http:\/\/www.mutxiko.org\/wp-content\/uploads\/2015\/12\/euskal-jaia-2007-_k__0011.jpg\"><img decoding=\"async\" loading=\"lazy\" class=\"alignnone wp-image-537\" src=\"http:\/\/www.mutxiko.org\/wp-content\/uploads\/2015\/12\/euskal-jaia-2007-_k__0011-1024x593.jpg\" alt=\"euskal jaia 2007 _k__001\" width=\"588\" height=\"340\" srcset=\"http:\/\/www.mutxiko.org\/wp-content\/uploads\/2015\/12\/euskal-jaia-2007-_k__0011-1024x593.jpg 1024w, http:\/\/www.mutxiko.org\/wp-content\/uploads\/2015\/12\/euskal-jaia-2007-_k__0011-300x174.jpg 300w, http:\/\/www.mutxiko.org\/wp-content\/uploads\/2015\/12\/euskal-jaia-2007-_k__0011.jpg 1848w\" sizes=\"(max-width: 588px) 100vw, 588px\" \/><\/a><\/p>\n<p align=\"center\">Pour voir plus de photos, cliquez <a href=\"https:\/\/www.flickr.com\/photos\/142290625@N08\/albums\/72157667101437640\" target=\"_blank\">ici<\/a><\/p>\n<div align=\"left\"><strong>23 Septembre<br \/>\nF\u00eate de la Corniche<\/strong><\/div>\n<div align=\"left\"><\/div>\n<div>Comme chaque ann\u00e9e,\u00a0la F\u00eate de la Corniche \u00e0 Hendaye, organis\u00e9e par le Conseil G\u00e9n\u00e9ral des Pyr\u00e9n\u00e9es-Atlantiques. La route de la corniche est ferm\u00e9e \u00e0 la circulation. Grand pic-nic, animation, visites et decouvertes. Animation avec Mutxiko.<\/div>\n<div><\/div>\n<p align=\"center\"><a href=\"http:\/\/www.mutxiko.org\/wp-content\/uploads\/2015\/12\/fete-corniche-2007-_4_.jpg\"><img decoding=\"async\" loading=\"lazy\" class=\"alignnone wp-image-538\" src=\"http:\/\/www.mutxiko.org\/wp-content\/uploads\/2015\/12\/fete-corniche-2007-_4_-1024x681.jpg\" alt=\"fete corniche 2007 _4_\" width=\"569\" height=\"379\" srcset=\"http:\/\/www.mutxiko.org\/wp-content\/uploads\/2015\/12\/fete-corniche-2007-_4_-1024x681.jpg 1024w, http:\/\/www.mutxiko.org\/wp-content\/uploads\/2015\/12\/fete-corniche-2007-_4_-300x199.jpg 300w, http:\/\/www.mutxiko.org\/wp-content\/uploads\/2015\/12\/fete-corniche-2007-_4_.jpg 1504w\" sizes=\"(max-width: 569px) 100vw, 569px\" \/><\/a><\/p>\n<div align=\"center\">our voir plus de photos,<a href=\"https:\/\/www.flickr.com\/photos\/142290625@N08\/albums\/72157667881776825\" target=\"_blank\"> cliquez ici.<\/a> Les photos ont \u00e9t\u00e9 prises par M.Jean-Pierre Montagn\u00e9<\/div>\n<div align=\"center\"><\/div>\n<div align=\"center\"><\/div>\n<div align=\"left\"><strong>7 Octobre<br \/>\nSagar Eguna<\/strong><\/div>\n<div align=\"left\"><\/div>\n<div><em>Prentsaketa,<\/em> la press\u00e9e de la pomme\u00a0\u00e0 Nekatoenea, Hendaye. Animation avec le groupe Mutxiko.<br \/>\n<strong><br \/>\n<\/strong><\/div>\n<p align=\"center\"><a href=\"http:\/\/www.mutxiko.org\/wp-content\/uploads\/2015\/12\/sagar-eguna-2007_121.jpg\"><img decoding=\"async\" loading=\"lazy\" class=\"alignnone wp-image-544\" src=\"http:\/\/www.mutxiko.org\/wp-content\/uploads\/2015\/12\/sagar-eguna-2007_121-1024x768.jpg\" alt=\"sagar eguna 2007_12\" width=\"586\" height=\"439\" srcset=\"http:\/\/www.mutxiko.org\/wp-content\/uploads\/2015\/12\/sagar-eguna-2007_121-1024x768.jpg 1024w, http:\/\/www.mutxiko.org\/wp-content\/uploads\/2015\/12\/sagar-eguna-2007_121-300x225.jpg 300w\" sizes=\"(max-width: 586px) 100vw, 586px\" \/><\/a><\/p>\n<div align=\"center\">Pour voir plus des photos, cliquez <a href=\"https:\/\/www.flickr.com\/photos\/142290625@N08\/albums\/72157667710289375\" target=\"_blank\">ici<\/a><\/div>\n<\/div>\n<\/div>\n","protected":false},"excerpt":{"rendered":"<p>24 F\u00e9vrier Carnaval d\u00b4Hendaye. Participation au defil\u00e9e. Pour voir plus de photos, cliquez\u00a0ici 15 Avril Le groupe Mutxiko a particip\u00e9 \u00e0 la \u00ab\u00a0f\u00eate des papillons\u00a0\u00bb organis\u00e9e \u00e0 Sokoburu, Hendaye, \u00a0au profit de l\u00b4association \u00ab\u00a0Les papillons de Charcot\u00a0\u00bb. La maladie de Charcot, ou scl\u00e9rose lat\u00e9rale amyotrophique (SLA) est una affection neuro-d\u00e9g\u00e9n\u00e9rative grave se caract\u00e9risant par la [&hellip;]<\/p>\n","protected":false},"author":1,"featured_media":0,"parent":0,"menu_order":0,"comment_status":"closed","ping_status":"closed","template":"","meta":[],"_links":{"self":[{"href":"http:\/\/www.mutxiko.org\/index.php?rest_route=\/wp\/v2\/pages\/535"}],"collection":[{"href":"http:\/\/www.mutxiko.org\/index.php?rest_route=\/wp\/v2\/pages"}],"about":[{"href":"http:\/\/www.mutxiko.org\/index.php?rest_route=\/wp\/v2\/types\/page"}],"author":[{"embeddable":true,"href":"http:\/\/www.mutxiko.org\/index.php?rest_route=\/wp\/v2\/users\/1"}],"replies":[{"embeddable":true,"href":"http:\/\/www.mutxiko.org\/index.php?rest_route=%2Fwp%2Fv2%2Fcomments&post=535"}],"version-history":[{"count":7,"href":"http:\/\/www.mutxiko.org\/index.php?rest_route=\/wp\/v2\/pages\/535\/revisions"}],"predecessor-version":[{"id":2384,"href":"http:\/\/www.mutxiko.org\/index.php?rest_route=\/wp\/v2\/pages\/535\/revisions\/2384"}],"wp:attachment":[{"href":"http:\/\/www.mutxiko.org\/index.php?rest_route=%2Fwp%2Fv2%2Fmedia&parent=535"}],"curies":[{"name":"wp","href":"https:\/\/api.w.org\/{rel}","templated":true}]}}