{"id":583,"date":"2015-12-17T11:50:19","date_gmt":"2015-12-17T11:50:19","guid":{"rendered":"http:\/\/www.mutxiko.org\/?page_id=583"},"modified":"2016-06-10T18:49:19","modified_gmt":"2016-06-10T18:49:19","slug":"583-2","status":"publish","type":"page","link":"http:\/\/www.mutxiko.org\/?page_id=583&lang=fr","title":{"rendered":"2006"},"content":{"rendered":"<p><strong>4 Mars<\/strong><\/p>\n<p>Participation au carnaval d&rsquo;\u00a0Hendaye.<\/p>\n<p><a href=\"http:\/\/www.mutxiko.org\/wp-content\/uploads\/2015\/12\/image_preview5.jpg\"><img decoding=\"async\" loading=\"lazy\" class=\" wp-image-588 aligncenter\" src=\"http:\/\/www.mutxiko.org\/wp-content\/uploads\/2015\/12\/image_preview5.jpg\" alt=\"image_preview\" width=\"509\" height=\"336\" \/><\/a><\/p>\n<p><strong>14 Mai<\/strong><\/p>\n<p>Spectacle a\u00a0Ortuella, en Biscaye.<\/p>\n<p><a href=\"http:\/\/www.mutxiko.org\/wp-content\/uploads\/2015\/12\/image_preview-12.jpg\"><img decoding=\"async\" loading=\"lazy\" class=\" wp-image-585 aligncenter\" src=\"http:\/\/www.mutxiko.org\/wp-content\/uploads\/2015\/12\/image_preview-12.jpg\" alt=\"image_preview (1)\" width=\"525\" height=\"379\" \/><\/a><\/p>\n<p><strong>11 Juin<\/strong><\/p>\n<p>Animation \u00e0 FICOBA, la Foire Internationale\u00a0de la\u00a0C\u00f4te Basque \u00e0 Irun (Gipuzkoa).<\/p>\n<p><strong>17 Juin<\/strong><\/p>\n<p>SAGARNO eguna &#8211; Stand d\u00e9gustation et animation par des Mutxikoak.<\/p>\n<p><strong>25 Juin<\/strong><\/p>\n<p>Mutxikoak au fronton Gaztelu-Zahar d&rsquo; Hendaye ( 10 ans de Mutxiko Elkartea).<\/p>\n<p><strong>21 Juillet\u00a0<\/strong><\/p>\n<p>Spectacle \u00e0 SOKOBURU, Hendaye. Participation \u00e0 l\u2019animation de l\u2019\u00e9t\u00e9 organis\u00e9e par le Comit\u00e9 des F\u00eates.<\/p>\n<p><strong>9 Ao\u00fbt\u00a0<\/strong><\/p>\n<p>Spectacle \u00e0 SOKOBURU, Hendaye. Participation \u00e0 l\u2019animation de l\u2019\u00e9t\u00e9 organis\u00e9e par le Comit\u00e9 des F\u00eates.<\/p>\n<p><strong>13 Ao\u00fbt\u00a0<\/strong><\/p>\n<p>F\u00eate Basque \u00e0 Hendaye. Participation \u00e0 la cavalcade.<\/p>\n<p style=\"text-align: center;\"><a href=\"http:\/\/www.mutxiko.org\/wp-content\/uploads\/2015\/12\/image_preview-22.jpg\"><img decoding=\"async\" loading=\"lazy\" class=\" wp-image-586 aligncenter\" src=\"http:\/\/www.mutxiko.org\/wp-content\/uploads\/2015\/12\/image_preview-22.jpg\" alt=\"image_preview (2)\" width=\"558\" height=\"377\" \/><\/a>Pour voir plus de photos, cliquez\u00a0<a href=\"https:\/\/www.flickr.com\/photos\/142290625@N08\/albums\/72157665719533303\">ici\u00a0<\/a><\/p>\n<p><strong>2 Septembre<\/strong><\/p>\n<p>Forum des Associations\u00a0au fronton\u00a0BELCENIA d&rsquo; Hendaye.<\/p>\n<p><strong>10\u00a0Septembre<\/strong><\/p>\n<p>Soir\u00e9e\u00a0au\u00a0Centre de Vacances pour un groupe d&rsquo; amis.<\/p>\n<p><strong>23 Septembre<\/strong><\/p>\n<p>Txingudi Eguna &#8211; La journ\u00e9e de la baie de Txingudi, animation \u00e0 Plaza Urdanibia\u00a0de la ville voisine d&rsquo; Irun.<\/p>\n<p><strong>1er Octobre<\/strong><\/p>\n<p><em>Prentsaketa,<\/em> la press\u00e9e de la pomme\u00a0\u00e0 Nekatoenea, Hendaye.<\/p>\n<p style=\"text-align: center;\"><a href=\"http:\/\/www.mutxiko.org\/wp-content\/uploads\/2015\/12\/sagardantza17txiki.jpg\"><img decoding=\"async\" loading=\"lazy\" class=\" wp-image-589 aligncenter\" src=\"http:\/\/www.mutxiko.org\/wp-content\/uploads\/2015\/12\/sagardantza17txiki.jpg\" alt=\"sagardantza17txiki\" width=\"587\" height=\"354\" \/><\/a>Pour voir plus de photos, cliquez\u00a0<a href=\"https:\/\/www.flickr.com\/photos\/142290625@N08\/albums\/72157668126519225\">ici<\/a><\/p>\n<p>&nbsp;<\/p>\n<p><strong>Du\u00a012 au\u00a015 Octobre<\/strong><\/p>\n<p>SALOU, ville tr\u00e8s touristique de la c\u00f4te m\u00e9diterran\u00e9enne catalane. Spectacles dans deux h\u00f4tels de la ville.<\/p>\n<p>&nbsp;<\/p>\n<p><strong>24 Decembre<\/strong><\/p>\n<p>Le quatri\u00e8me dimanche de chaque mois, on dance MUTXIKOAK au Fronton Gaztelu-Zahar. Tout le monde peut participer \u00e0 ces danses. Etant donn\u00e9 qu\u00b4au mois de Decembre le quatri\u00e8me dimanche \u00e9tait le 24, on a voulu faire quelque chose d\u00b4especial et nous nous sommes habill\u00e9s en Baserritar et a la fin de la danse on a chant\u00e9\u00a0au Olentzero.<\/p>\n<p style=\"text-align: center;\"><a href=\"http:\/\/www.mutxiko.org\/wp-content\/uploads\/2015\/12\/image_preview-31.jpg\"><img decoding=\"async\" loading=\"lazy\" class=\" wp-image-587 aligncenter\" src=\"http:\/\/www.mutxiko.org\/wp-content\/uploads\/2015\/12\/image_preview-31.jpg\" alt=\"image_preview (3)\" width=\"545\" height=\"319\" \/><\/a>Pour voir plus de photos, cliquez\u00a0<a href=\"https:\/\/www.flickr.com\/photos\/142290625@N08\/albums\/72157668033748076\">ici<\/a><\/p>\n<p><strong>DE PLUS&#8230;<\/strong><\/p>\n<p>Tout au long de l\u2019ann\u00e9e, MUTXIKO ELKARTEA assure diverses prestations pour des mariages, des animations<\/p>\n<p><strong><a href=\"http:\/\/www.mutxiko.org\/wp-content\/uploads\/2015\/12\/image_mini.jpg\"><img decoding=\"async\" loading=\"lazy\" class=\" wp-image-584 aligncenter\" src=\"http:\/\/www.mutxiko.org\/wp-content\/uploads\/2015\/12\/image_mini.jpg\" alt=\"image_mini\" width=\"301\" height=\"186\" \/><\/a>\u00a0\u00a0<\/strong><\/p>\n<p><strong>ET POUR TERMINER<\/strong><\/p>\n<p>Le quatri\u00e8me dimanche de chaque mois, MUTXIKOAK au Fronton Gaztelu-Zahar avec la collaboration du Comit\u00e9 des F\u00eates. Tout le monde peut participer \u00e0 ces danses.<\/p>\n<p><a href=\"http:\/\/www.mutxiko.org\/wp-content\/uploads\/2015\/12\/image_mini-1.jpg\"><img decoding=\"async\" loading=\"lazy\" class=\" wp-image-590 aligncenter\" src=\"http:\/\/www.mutxiko.org\/wp-content\/uploads\/2015\/12\/image_mini-1.jpg\" alt=\"image_mini (1)\" width=\"325\" height=\"232\" \/><\/a><\/p>\n","protected":false},"excerpt":{"rendered":"<p>4 Mars Participation au carnaval d&rsquo;\u00a0Hendaye. 14 Mai Spectacle a\u00a0Ortuella, en Biscaye. 11 Juin Animation \u00e0 FICOBA, la Foire Internationale\u00a0de la\u00a0C\u00f4te Basque \u00e0 Irun (Gipuzkoa). 17 Juin SAGARNO eguna &#8211; Stand d\u00e9gustation et animation par des Mutxikoak. 25 Juin Mutxikoak au fronton Gaztelu-Zahar d&rsquo; Hendaye ( 10 ans de Mutxiko Elkartea). 21 Juillet\u00a0 Spectacle \u00e0 [&hellip;]<\/p>\n","protected":false},"author":1,"featured_media":0,"parent":0,"menu_order":0,"comment_status":"closed","ping_status":"closed","template":"","meta":[],"_links":{"self":[{"href":"http:\/\/www.mutxiko.org\/index.php?rest_route=\/wp\/v2\/pages\/583"}],"collection":[{"href":"http:\/\/www.mutxiko.org\/index.php?rest_route=\/wp\/v2\/pages"}],"about":[{"href":"http:\/\/www.mutxiko.org\/index.php?rest_route=\/wp\/v2\/types\/page"}],"author":[{"embeddable":true,"href":"http:\/\/www.mutxiko.org\/index.php?rest_route=\/wp\/v2\/users\/1"}],"replies":[{"embeddable":true,"href":"http:\/\/www.mutxiko.org\/index.php?rest_route=%2Fwp%2Fv2%2Fcomments&post=583"}],"version-history":[{"count":5,"href":"http:\/\/www.mutxiko.org\/index.php?rest_route=\/wp\/v2\/pages\/583\/revisions"}],"predecessor-version":[{"id":2761,"href":"http:\/\/www.mutxiko.org\/index.php?rest_route=\/wp\/v2\/pages\/583\/revisions\/2761"}],"wp:attachment":[{"href":"http:\/\/www.mutxiko.org\/index.php?rest_route=%2Fwp%2Fv2%2Fmedia&parent=583"}],"curies":[{"name":"wp","href":"https:\/\/api.w.org\/{rel}","templated":true}]}}