{"id":74,"date":"2015-12-02T08:57:29","date_gmt":"2015-12-02T08:57:29","guid":{"rendered":"http:\/\/www.mutxiko.org\/?page_id=74"},"modified":"2016-06-13T06:25:08","modified_gmt":"2016-06-13T06:25:08","slug":"culture-basque","status":"publish","type":"page","link":"http:\/\/www.mutxiko.org\/?page_id=74&lang=fr","title":{"rendered":"Culture Basque"},"content":{"rendered":"<h1 id=\"parent-fieldname-title\" class=\"documentFirstHeading\"><\/h1>\n<div id=\"content-core\">\n<div id=\"parent-fieldname-text\" class=\"\">\n<p align=\"center\"><a href=\"http:\/\/www.mutxiko.org\/wp-content\/uploads\/2015\/12\/culturayosu.jpg\"><img decoding=\"async\" loading=\"lazy\" class=\"alignnone wp-image-159 size-large\" src=\"http:\/\/www.mutxiko.org\/wp-content\/uploads\/2015\/12\/culturayosu-1024x128.jpg\" alt=\"culturayosu\" width=\"1024\" height=\"128\" srcset=\"http:\/\/www.mutxiko.org\/wp-content\/uploads\/2015\/12\/culturayosu-1024x128.jpg 1024w, http:\/\/www.mutxiko.org\/wp-content\/uploads\/2015\/12\/culturayosu-300x38.jpg 300w\" sizes=\"(max-width: 1024px) 100vw, 1024px\" \/><\/a><\/p>\n<p>&nbsp;<\/p>\n<dl>\n<dt>Le Pays Basque est avant tout un peuple d&rsquo;une forte personnalit\u00e9. La culture basque est partout pr\u00e9sente:<\/dt>\n<\/dl>\n<p>&#8211; dans la langue, l\u00b4Euskera, la plus vieille d&rsquo;Europe, aux sonorit\u00e9s particuli\u00e8res<\/p>\n<p>&#8211; dans l&rsquo;architecture des maisons \u00e0 colombages<\/p>\n<p>&#8211; dans la force basque, inspir\u00e9e de pratique rurales anciennes<\/p>\n<p>&#8211; dans la pelote<\/p>\n<p>&#8211; dans la cuisine<\/p>\n<p>&#8211; dans les chants traditionnels qui font la r\u00e9putation des chorales basques<\/p>\n<p>&#8211;\u00a0 et bien \u00e9videmment dans la danse, \u00e9l\u00e9ment fondamental, une tradition ancestrale<\/p>\n<p align=\"center\"><strong>CARTE DU PAYS BASQUE<\/strong><\/p>\n<p align=\"center\"><a href=\"http:\/\/www.mutxiko.org\/wp-content\/uploads\/2015\/12\/image_preview.png\"><img decoding=\"async\" loading=\"lazy\" class=\"size-full wp-image-165 aligncenter\" src=\"http:\/\/www.mutxiko.org\/wp-content\/uploads\/2015\/12\/image_preview.png\" alt=\"image_preview\" width=\"340\" height=\"270\" srcset=\"http:\/\/www.mutxiko.org\/wp-content\/uploads\/2015\/12\/image_preview.png 340w, http:\/\/www.mutxiko.org\/wp-content\/uploads\/2015\/12\/image_preview-300x238.png 300w\" sizes=\"(max-width: 340px) 100vw, 340px\" \/><\/a><\/p>\n<\/div>\n<\/div>\n","protected":false},"excerpt":{"rendered":"<p>&nbsp; Le Pays Basque est avant tout un peuple d&rsquo;une forte personnalit\u00e9. La culture basque est partout pr\u00e9sente: &#8211; dans la langue, l\u00b4Euskera, la plus vieille d&rsquo;Europe, aux sonorit\u00e9s particuli\u00e8res &#8211; dans l&rsquo;architecture des maisons \u00e0 colombages &#8211; dans la force basque, inspir\u00e9e de pratique rurales anciennes &#8211; dans la pelote &#8211; dans la cuisine [&hellip;]<\/p>\n","protected":false},"author":1,"featured_media":0,"parent":0,"menu_order":0,"comment_status":"closed","ping_status":"closed","template":"","meta":[],"_links":{"self":[{"href":"http:\/\/www.mutxiko.org\/index.php?rest_route=\/wp\/v2\/pages\/74"}],"collection":[{"href":"http:\/\/www.mutxiko.org\/index.php?rest_route=\/wp\/v2\/pages"}],"about":[{"href":"http:\/\/www.mutxiko.org\/index.php?rest_route=\/wp\/v2\/types\/page"}],"author":[{"embeddable":true,"href":"http:\/\/www.mutxiko.org\/index.php?rest_route=\/wp\/v2\/users\/1"}],"replies":[{"embeddable":true,"href":"http:\/\/www.mutxiko.org\/index.php?rest_route=%2Fwp%2Fv2%2Fcomments&post=74"}],"version-history":[{"count":7,"href":"http:\/\/www.mutxiko.org\/index.php?rest_route=\/wp\/v2\/pages\/74\/revisions"}],"predecessor-version":[{"id":3027,"href":"http:\/\/www.mutxiko.org\/index.php?rest_route=\/wp\/v2\/pages\/74\/revisions\/3027"}],"wp:attachment":[{"href":"http:\/\/www.mutxiko.org\/index.php?rest_route=%2Fwp%2Fv2%2Fmedia&parent=74"}],"curies":[{"name":"wp","href":"https:\/\/api.w.org\/{rel}","templated":true}]}}