{"id":7677,"date":"2017-01-30T07:52:28","date_gmt":"2017-01-30T07:52:28","guid":{"rendered":"http:\/\/www.mutxiko.org\/?page_id=7677"},"modified":"2017-10-18T17:01:00","modified_gmt":"2017-10-18T17:01:00","slug":"2017-5","status":"publish","type":"page","link":"http:\/\/www.mutxiko.org\/?page_id=7677&lang=en","title":{"rendered":"2017"},"content":{"rendered":"<p>28th January<\/p>\n<p><strong>Tamborrada\u00a0 Hendaye<br \/>\n<\/strong><\/p>\n<p>MUTXIKO Elkartea participated in the Danborrada (Drummers parade) along with other associations in town.<\/p>\n<p style=\"text-align: center;\"><a href=\"http:\/\/www.mutxiko.org\/wp-content\/uploads\/2017\/01\/Danborrada_mutxiko_2.jpg\"><img decoding=\"async\" loading=\"lazy\" class=\"alignnone wp-image-7830\" src=\"http:\/\/www.mutxiko.org\/wp-content\/uploads\/2017\/01\/Danborrada_mutxiko_2-1024x627.jpg\" alt=\"Danborrada_mutxiko_2\" width=\"474\" height=\"291\" srcset=\"http:\/\/www.mutxiko.org\/wp-content\/uploads\/2017\/01\/Danborrada_mutxiko_2-1024x627.jpg 1024w, http:\/\/www.mutxiko.org\/wp-content\/uploads\/2017\/01\/Danborrada_mutxiko_2-300x184.jpg 300w, http:\/\/www.mutxiko.org\/wp-content\/uploads\/2017\/01\/Danborrada_mutxiko_2-768x470.jpg 768w, http:\/\/www.mutxiko.org\/wp-content\/uploads\/2017\/01\/Danborrada_mutxiko_2.jpg 1270w\" sizes=\"(max-width: 474px) 100vw, 474px\" \/><\/a><\/p>\n<p style=\"text-align: center;\">To see more photos click<a href=\"https:\/\/www.flickr.com\/photos\/142290625@N08\/albums\/72157667839606385\"> here<\/a><\/p>\n<p align=\"LEFT\"><strong>4th March<\/strong><\/p>\n<p align=\"LEFT\"><strong>Hendaye Carnival<\/strong><\/p>\n<p align=\"LEFT\">MUTXIKO Elkartea participated in the Parade of the Carnival in Hendaye.<\/p>\n<p style=\"text-align: center;\"><a href=\"http:\/\/www.mutxiko.org\/wp-content\/uploads\/2017\/03\/IMG_20170304_171240413.jpg\"><img decoding=\"async\" loading=\"lazy\" class=\"wp-image-8521 aligncenter\" src=\"http:\/\/www.mutxiko.org\/wp-content\/uploads\/2017\/03\/IMG_20170304_171240413-1024x575.jpg\" alt=\"Hendaya Carnaval 2017_2\" width=\"484\" height=\"298\" \/><\/a>To see more photos click <a href=\"https:\/\/www.flickr.com\/photos\/142290625@N08\/albums\/72157678731254602\">here<\/a><\/p>\n<p>21st May<\/p>\n<p><strong>Dance Performance together with Txorimaloak Soinu Taldea, in Amaia Antzokia (Irun)<br \/>\n<\/strong><\/p>\n<p style=\"text-align: center;\"><a href=\"http:\/\/www.mutxiko.org\/wp-content\/uploads\/2017\/07\/Foto-de-Josune-Ausin5.jpg\"><img decoding=\"async\" loading=\"lazy\" class=\"wp-image-10353 aligncenter\" src=\"http:\/\/www.mutxiko.org\/wp-content\/uploads\/2017\/07\/Foto-de-Josune-Ausin5-1024x768.jpg\" alt=\"Amaia Antzokia 2017\" width=\"526\" height=\"394\" srcset=\"http:\/\/www.mutxiko.org\/wp-content\/uploads\/2017\/07\/Foto-de-Josune-Ausin5-1024x768.jpg 1024w, http:\/\/www.mutxiko.org\/wp-content\/uploads\/2017\/07\/Foto-de-Josune-Ausin5-300x225.jpg 300w, http:\/\/www.mutxiko.org\/wp-content\/uploads\/2017\/07\/Foto-de-Josune-Ausin5-768x576.jpg 768w, http:\/\/www.mutxiko.org\/wp-content\/uploads\/2017\/07\/Foto-de-Josune-Ausin5.jpg 1600w\" sizes=\"(max-width: 526px) 100vw, 526px\" \/><\/a>To see more photos click <a href=\"https:\/\/www.flickr.com\/photos\/142290625@N08\/albums\/72157681298725062\">here<\/a><\/p>\n<p>4 th July<\/p>\n<p><strong>Dance Performance in Sokoburu, Hendaye<br \/>\n<\/strong><\/p>\n<p style=\"text-align: center;\"><a href=\"http:\/\/www.mutxiko.org\/wp-content\/uploads\/2017\/07\/IMG-20170706-WA0011.jpg\"><img decoding=\"async\" loading=\"lazy\" class=\"alignnone wp-image-10434\" src=\"http:\/\/www.mutxiko.org\/wp-content\/uploads\/2017\/07\/IMG-20170706-WA0011-1024x576.jpg\" alt=\"Sokoburu 2017\" width=\"655\" height=\"369\" srcset=\"http:\/\/www.mutxiko.org\/wp-content\/uploads\/2017\/07\/IMG-20170706-WA0011-1024x576.jpg 1024w, http:\/\/www.mutxiko.org\/wp-content\/uploads\/2017\/07\/IMG-20170706-WA0011-300x169.jpg 300w, http:\/\/www.mutxiko.org\/wp-content\/uploads\/2017\/07\/IMG-20170706-WA0011-768x432.jpg 768w, http:\/\/www.mutxiko.org\/wp-content\/uploads\/2017\/07\/IMG-20170706-WA0011.jpg 1600w\" sizes=\"(max-width: 655px) 100vw, 655px\" \/><\/a><br \/>\nTo see more photos click <a href=\"https:\/\/www.flickr.com\/photos\/142290625@N08\/albums\/72157683057784754\">here<\/a><\/p>\n<p>&nbsp;<\/p>\n<p>20 th July, 24th August<\/p>\n<p><strong>Dance Performance in Ascain, Labourd<br \/>\n<\/strong><\/p>\n<p style=\"text-align: center;\"><a href=\"http:\/\/www.mutxiko.org\/wp-content\/uploads\/2017\/07\/IMG_3801.jpg\"><img decoding=\"async\" loading=\"lazy\" class=\"alignnone wp-image-10652\" src=\"http:\/\/www.mutxiko.org\/wp-content\/uploads\/2017\/07\/IMG_3801-1024x436.jpg\" alt=\"Azkaine 2017_july_mutxiko\" width=\"678\" height=\"289\" srcset=\"http:\/\/www.mutxiko.org\/wp-content\/uploads\/2017\/07\/IMG_3801-1024x436.jpg 1024w, http:\/\/www.mutxiko.org\/wp-content\/uploads\/2017\/07\/IMG_3801-300x128.jpg 300w, http:\/\/www.mutxiko.org\/wp-content\/uploads\/2017\/07\/IMG_3801-768x327.jpg 768w\" sizes=\"(max-width: 678px) 100vw, 678px\" \/><\/a><\/p>\n<p style=\"text-align: center;\">To see more photos click <a href=\"https:\/\/www.flickr.com\/photos\/142290625@N08\/albums\/72157683951066513\/with\/35952634941\/\">here<\/a><\/p>\n<p align=\"LEFT\"><strong>13 ao\u00fbt<br \/>\nF\u00eate Basque, Hendaye<\/strong><\/p>\n<p style=\"text-align: left;\" align=\"LEFT\">Participation au d\u00e9fil\u00e9 de la F\u00eate Basque \u00e0 Hendaye. Le matin, trois dantzaris du groupe dans\u00e8rent Ezpata Dantza \u00e0 la masse.<\/p>\n<p style=\"text-align: center;\" align=\"LEFT\"><a href=\"http:\/\/www.mutxiko.org\/wp-content\/uploads\/2017\/08\/IMG_3883.jpg\"><img decoding=\"async\" loading=\"lazy\" class=\"alignnone wp-image-11066\" src=\"http:\/\/www.mutxiko.org\/wp-content\/uploads\/2017\/08\/IMG_3883-1024x768.jpg\" alt=\"Hiri Besta 2017\" width=\"642\" height=\"481\" srcset=\"http:\/\/www.mutxiko.org\/wp-content\/uploads\/2017\/08\/IMG_3883-1024x768.jpg 1024w, http:\/\/www.mutxiko.org\/wp-content\/uploads\/2017\/08\/IMG_3883-300x225.jpg 300w, http:\/\/www.mutxiko.org\/wp-content\/uploads\/2017\/08\/IMG_3883-768x576.jpg 768w\" sizes=\"(max-width: 642px) 100vw, 642px\" \/><\/a><\/p>\n<p style=\"text-align: center;\" align=\"LEFT\">To see more photos click <a href=\"https:\/\/www.flickr.com\/photos\/142290625@N08\/albums\/72157684852219811\">here<\/a><\/p>\n<p>&nbsp;<\/p>\n<p>7th and 21st September<\/p>\n<p><strong>Dance Performance in Ascain, Labourd<br \/>\n<\/strong><\/p>\n<div style=\"width: 640px;\" class=\"wp-video\"><!--[if lt IE 9]><script>document.createElement('video');<\/script><![endif]-->\n<video class=\"wp-video-shortcode\" id=\"video-7677-1\" width=\"640\" height=\"368\" preload=\"metadata\" controls=\"controls\"><source type=\"video\/mp4\" src=\"http:\/\/www.mutxiko.org\/wp-content\/uploads\/2017\/09\/VID-20170925-WA0002.mp4?_=1\" \/><a href=\"http:\/\/www.mutxiko.org\/wp-content\/uploads\/2017\/09\/VID-20170925-WA0002.mp4\">http:\/\/www.mutxiko.org\/wp-content\/uploads\/2017\/09\/VID-20170925-WA0002.mp4<\/a><\/video><\/div>\n<p style=\"text-align: center;\">To see more videos click <a href=\"https:\/\/www.flickr.com\/photos\/142290625@N08\/albums\/72157687094101584\">here<\/a><\/p>\n<p style=\"text-align: left;\"><strong>23rd September<\/strong><\/p>\n<p style=\"text-align: left;\"><strong>Festival of the Rice in Arguedas<\/strong><\/p>\n<p style=\"text-align: left;\">Hendaye and Arguedas (Navarre) twinned in 2017. During the celebration of the 4th fesival of the Rice in Arguedas, dancers from Mutxiko Elkartea animated the village and enjoyed the giant paella cooked for 1700 diners.<\/p>\n<p style=\"text-align: center;\"><a href=\"http:\/\/www.mutxiko.org\/wp-content\/uploads\/2017\/09\/20170924_194805.jpg\"><img decoding=\"async\" loading=\"lazy\" class=\"wp-image-11758 aligncenter\" src=\"http:\/\/www.mutxiko.org\/wp-content\/uploads\/2017\/09\/20170924_194805-1024x680.jpg\" alt=\"Fiesta_arroz_Arguedas_2017\" width=\"675\" height=\"448\" srcset=\"http:\/\/www.mutxiko.org\/wp-content\/uploads\/2017\/09\/20170924_194805-1024x680.jpg 1024w, http:\/\/www.mutxiko.org\/wp-content\/uploads\/2017\/09\/20170924_194805-300x199.jpg 300w, http:\/\/www.mutxiko.org\/wp-content\/uploads\/2017\/09\/20170924_194805-768x510.jpg 768w, http:\/\/www.mutxiko.org\/wp-content\/uploads\/2017\/09\/20170924_194805.jpg 1334w\" sizes=\"(max-width: 675px) 100vw, 675px\" \/><\/a>To see more photos click <a href=\"https:\/\/www.flickr.com\/photos\/142290625@N08\/albums\/72157685539817622\">here<\/a><\/p>\n<p style=\"text-align: center;\">\n<p style=\"text-align: left;\"><strong>15th October<\/strong><\/p>\n<p style=\"text-align: left;\"><strong>Arudy Festival<br \/>\n<\/strong><\/p>\n<p style=\"text-align: left;\">During the Arudy Festival, (http:\/\/www.arudy-mairie.fr) Mutxiko Elkartea participated in the parade, and offered a dance performance in the afternoon.<\/p>\n<p style=\"text-align: center;\"><a href=\"http:\/\/www.mutxiko.org\/wp-content\/uploads\/2017\/10\/IMG_20171015_155112_003.jpg\"><img decoding=\"async\" loading=\"lazy\" class=\"alignnone  wp-image-12265\" src=\"http:\/\/www.mutxiko.org\/wp-content\/uploads\/2017\/10\/IMG_20171015_155112_003-1024x768.jpg\" alt=\"Arudy 2017\" width=\"684\" height=\"513\" srcset=\"http:\/\/www.mutxiko.org\/wp-content\/uploads\/2017\/10\/IMG_20171015_155112_003-1024x768.jpg 1024w, http:\/\/www.mutxiko.org\/wp-content\/uploads\/2017\/10\/IMG_20171015_155112_003-300x225.jpg 300w, http:\/\/www.mutxiko.org\/wp-content\/uploads\/2017\/10\/IMG_20171015_155112_003-768x576.jpg 768w\" sizes=\"(max-width: 684px) 100vw, 684px\" \/><\/a><\/p>\n<p style=\"text-align: center;\">To see more photos click <a href=\"https:\/\/www.flickr.com\/photos\/142290625@N08\/albums\/72157661601671088\">here<\/a><\/p>\n<p style=\"text-align: center;\">\n","protected":false},"excerpt":{"rendered":"<p>28th January Tamborrada\u00a0 Hendaye MUTXIKO Elkartea participated in the Danborrada (Drummers parade) along with other associations in town. To see more photos click here 4th March Hendaye Carnival MUTXIKO Elkartea participated in the Parade of the Carnival in Hendaye. To see more photos click here 21st May Dance Performance together with Txorimaloak Soinu Taldea, in [&hellip;]<\/p>\n","protected":false},"author":1,"featured_media":0,"parent":0,"menu_order":0,"comment_status":"closed","ping_status":"closed","template":"","meta":[],"_links":{"self":[{"href":"http:\/\/www.mutxiko.org\/index.php?rest_route=\/wp\/v2\/pages\/7677"}],"collection":[{"href":"http:\/\/www.mutxiko.org\/index.php?rest_route=\/wp\/v2\/pages"}],"about":[{"href":"http:\/\/www.mutxiko.org\/index.php?rest_route=\/wp\/v2\/types\/page"}],"author":[{"embeddable":true,"href":"http:\/\/www.mutxiko.org\/index.php?rest_route=\/wp\/v2\/users\/1"}],"replies":[{"embeddable":true,"href":"http:\/\/www.mutxiko.org\/index.php?rest_route=%2Fwp%2Fv2%2Fcomments&post=7677"}],"version-history":[{"count":36,"href":"http:\/\/www.mutxiko.org\/index.php?rest_route=\/wp\/v2\/pages\/7677\/revisions"}],"predecessor-version":[{"id":12275,"href":"http:\/\/www.mutxiko.org\/index.php?rest_route=\/wp\/v2\/pages\/7677\/revisions\/12275"}],"wp:attachment":[{"href":"http:\/\/www.mutxiko.org\/index.php?rest_route=%2Fwp%2Fv2%2Fmedia&parent=7677"}],"curies":[{"name":"wp","href":"https:\/\/api.w.org\/{rel}","templated":true}]}}