{"id":802,"date":"2016-05-02T18:06:05","date_gmt":"2016-05-02T18:06:05","guid":{"rendered":"http:\/\/www.mutxiko.org\/?page_id=802"},"modified":"2017-01-30T20:04:21","modified_gmt":"2017-01-30T20:04:21","slug":"2016-5","status":"publish","type":"page","link":"http:\/\/www.mutxiko.org\/?page_id=802&lang=fr","title":{"rendered":"2016"},"content":{"rendered":"<p><strong>23 Janvier<br \/>\n<\/strong><\/p>\n<p><strong>Tamborrada de Hendaye<br \/>\n<\/strong><\/p>\n<p>Mutxiko a particip\u00e9 \u00e0 la Danborrada de Hendaye avec d\u2019autres associations et des repr\u00e9sentants des quartiers de la ville.<\/p>\n<p>.<\/p>\n<p style=\"text-align: center;\"><a href=\"http:\/\/www.mutxiko.org\/wp-content\/uploads\/2016\/05\/972012440.jpg\"><img decoding=\"async\" loading=\"lazy\" class=\"wp-image-1188 aligncenter\" src=\"http:\/\/www.mutxiko.org\/wp-content\/uploads\/2016\/05\/972012440-1024x682.jpg\" alt=\"Mutxiko Elkartea\" width=\"580\" height=\"386\" srcset=\"http:\/\/www.mutxiko.org\/wp-content\/uploads\/2016\/05\/972012440-1024x682.jpg 1024w, http:\/\/www.mutxiko.org\/wp-content\/uploads\/2016\/05\/972012440-300x200.jpg 300w, http:\/\/www.mutxiko.org\/wp-content\/uploads\/2016\/05\/972012440.jpg 1280w\" sizes=\"(max-width: 580px) 100vw, 580px\" \/><\/a>Pour voir plus de photos cliquez<a href=\"https:\/\/www.flickr.com\/photos\/142290625@N08\/albums\/72157667839606385\"> ici<\/a><\/p>\n<p><strong>13rd February<\/strong><\/p>\n<p><strong>Carnaval de Hendaye<\/strong><\/p>\n<p>Mutxiko Elkartea \u00e0 particip\u00e9 au defil\u00e9.<\/p>\n<p style=\"text-align: center;\"><a href=\"http:\/\/www.mutxiko.org\/wp-content\/uploads\/2016\/05\/IMG_20160213_162136758.jpg\"><img decoding=\"async\" loading=\"lazy\" class=\"wp-image-1191 aligncenter\" src=\"http:\/\/www.mutxiko.org\/wp-content\/uploads\/2016\/05\/IMG_20160213_162136758-1024x575.jpg\" alt=\"Mutxiko Elkartea\" width=\"588\" height=\"330\" srcset=\"http:\/\/www.mutxiko.org\/wp-content\/uploads\/2016\/05\/IMG_20160213_162136758-1024x575.jpg 1024w, http:\/\/www.mutxiko.org\/wp-content\/uploads\/2016\/05\/IMG_20160213_162136758-300x169.jpg 300w\" sizes=\"(max-width: 588px) 100vw, 588px\" \/><\/a>Pour voir plus de photos cliquez<a href=\"https:\/\/www.flickr.com\/photos\/142290625@N08\/albums\/72157667769983856\"> ici<\/a><\/p>\n<p style=\"text-align: left;\"><strong><br \/>\n23 et 24 avril<br \/>\nC\u00e9l\u00e9bration du 20\u00e8me anniversaire de groupe<br \/>\n<\/strong>Tous les <span class=\"st\">membres de Mutxiko Elkartea pendant tous ces ann\u00e9es et les amis qui ont particip\u00e9 aux Mutxikoak des dimanches, ont \u00e9t\u00e9 invit\u00e9s<\/span> \u00e0 f\u00eater\u00a0 MUTXIKO GAUA samedi soir, et \u00e0 un multitudinaire MEGA MUTXIKOAK dimanche matin. Merci \u00e0 tous de nous avoir accompagn\u00e9s pour la c\u00e9l\u00e9bration de notre 20\u00e8me anniversaire.<\/p>\n<p style=\"text-align: center;\"><a href=\"http:\/\/www.mutxiko.org\/wp-content\/uploads\/2016\/05\/IMG_1161.jpg\"><img decoding=\"async\" loading=\"lazy\" class=\"alignnone wp-image-1194\" src=\"http:\/\/www.mutxiko.org\/wp-content\/uploads\/2016\/05\/IMG_1161-1024x311.jpg\" alt=\"Mutxiko Elkartea 20 years\" width=\"636\" height=\"193\" srcset=\"http:\/\/www.mutxiko.org\/wp-content\/uploads\/2016\/05\/IMG_1161-1024x311.jpg 1024w, http:\/\/www.mutxiko.org\/wp-content\/uploads\/2016\/05\/IMG_1161-300x91.jpg 300w\" sizes=\"(max-width: 636px) 100vw, 636px\" \/><\/a><\/p>\n<p style=\"text-align: center;\">Pour voir plus de photos cliquez<a href=\"https:\/\/www.flickr.com\/photos\/142290625@N08\/albums\/72157667235024290\"> ici<\/a><\/p>\n<p class=\"western\"><strong>2 juillet<br \/>\nSpectacle \u00e0 Sokoburu<\/strong><\/p>\n<p class=\"western\" align=\"LEFT\">Spectacle \u00e0 Sokoburu dans le cadre du programme d\u2019activit\u00e9s estivales du Comit\u00e9 des f\u00eates d\u2019Hendaye.<\/p>\n<p>&nbsp;<\/p>\n<p><strong>16 juillet et 1 septembre<br \/>\nSpectacle \u00e0 Ascain<\/strong><\/p>\n<p>Dans le cadre des activit\u00e9s que le Comit\u00e9 des f\u00eates d\u2019Ascain organise l\u2019\u00e9t\u00e9, Mutxiko a offert un spectacle de danse au fronton Chourio.<\/p>\n<p>&nbsp;<\/p>\n<p><strong>28 au 31 juillet<br \/>\nPrague Folklore Days<\/strong><\/p>\n<p>Mutxiko Elkartea \u00e0 particip\u00e9 au Festival <a href=\"http:\/\/www.praguefestival.cz\/folklore\/\">Prague Folklore Days,<\/a> le plus grand festival de folklore d&rsquo;Europe Central.\u00a0 Le groupe \u00e0 donn\u00e9 deux spectacles en plain air au centre ville de Prague et \u00e0 particip\u00e9 \u00e9galement au d\u00e9fil\u00e9 avec tous les groupes participants, dans les rues de Prague.<\/p>\n<p style=\"text-align: center;\"><a href=\"http:\/\/www.mutxiko.org\/wp-content\/uploads\/2016\/08\/28941065045_289b61f0e1_z.jpg\"><img decoding=\"async\" loading=\"lazy\" class=\"wp-image-4274 aligncenter\" src=\"http:\/\/www.mutxiko.org\/wp-content\/uploads\/2016\/08\/28941065045_289b61f0e1_z.jpg\" alt=\"Prague Folklore Days 2016\" width=\"598\" height=\"343\" \/><\/a>Pour voir plus de photos cliquez <a href=\"https:\/\/www.flickr.com\/photos\/142290625@N08\/albums\/72157669306389313\">ici<\/a><\/p>\n<p>&nbsp;<\/p>\n<p align=\"LEFT\"><strong>14 ao\u00fbt<br \/>\nF\u00eate Basque, Hendaye<\/strong><\/p>\n<p align=\"LEFT\">Participation au d\u00e9fil\u00e9 de la F\u00eate Basque \u00e0 Hendaye. Le matin, trois dantzaris du groupe dans\u00e8rent Ezpata Dantza \u00e0 la masse.<\/p>\n<p style=\"text-align: center;\"><a href=\"http:\/\/www.mutxiko.org\/wp-content\/uploads\/2016\/08\/Mutxiko_Hibi-besta_2016_5.jpg\"><img decoding=\"async\" loading=\"lazy\" class=\"wp-image-4284 aligncenter\" src=\"http:\/\/www.mutxiko.org\/wp-content\/uploads\/2016\/08\/Mutxiko_Hibi-besta_2016_5.jpg\" sizes=\"(max-width: 577px) 100vw, 577px\" srcset=\"http:\/\/www.mutxiko.org\/wp-content\/uploads\/2016\/08\/Mutxiko_Hibi-besta_2016_5.jpg 960w, http:\/\/www.mutxiko.org\/wp-content\/uploads\/2016\/08\/Mutxiko_Hibi-besta_2016_5-300x225.jpg 300w, http:\/\/www.mutxiko.org\/wp-content\/uploads\/2016\/08\/Mutxiko_Hibi-besta_2016_5-768x575.jpg 768w\" alt=\"Mutxiko_Hibi besta_2016_5\" width=\"577\" height=\"432\" \/><\/a>Pour voir plus de photos cliquez <a href=\"https:\/\/www.flickr.com\/photos\/142290625@N08\/albums\/72157671619475361\">ici<\/a><\/p>\n<p><strong>27 ao\u00fbt<\/strong><br \/>\n<strong>Domaikia<\/strong><br \/>\nParticipation au \u201cPintza Folk\u201d Festival \u00e0 Domaikia, ville de la province Basque de Alava,<\/p>\n<p>&nbsp;<\/p>\n<p><strong>25 septembre<\/strong><br \/>\n<strong>F\u00eate de la Corniche Hendaye<\/strong><br \/>\nParticipation \u00e0 la F\u00e8te de la Corniche. Comme chaque ann\u00e9e, le public peut se r\u00e9approprier durant une journ\u00e9e cet espace naturel magnifique et a la possibilit\u00e9 de circuler en v\u00e9lo ou \u00e0 pied sur toute la route de la Corniche. Sur le chemin, vous attendent des stands et des animations en relations avec l\u2019environnement, l\u2019\u00e9cologie ou l\u2019histoire de ce lieu.<\/p>\n<p style=\"text-align: center;\"><a href=\"http:\/\/www.mutxiko.org\/wp-content\/uploads\/2016\/09\/P60925-122455.jpg\"><img decoding=\"async\" loading=\"lazy\" class=\"wp-image-5391 aligncenter\" src=\"http:\/\/www.mutxiko.org\/wp-content\/uploads\/2016\/09\/P60925-122455-1024x758.jpg\" alt=\"F\u00eate de la Corniche Hendaye 2016\" width=\"602\" height=\"446\" srcset=\"http:\/\/www.mutxiko.org\/wp-content\/uploads\/2016\/09\/P60925-122455-1024x758.jpg 1024w, http:\/\/www.mutxiko.org\/wp-content\/uploads\/2016\/09\/P60925-122455-300x222.jpg 300w, http:\/\/www.mutxiko.org\/wp-content\/uploads\/2016\/09\/P60925-122455-768x569.jpg 768w\" sizes=\"(max-width: 602px) 100vw, 602px\" \/><\/a>Pour voir plus de photos cliquez <a href=\"https:\/\/www.flickr.com\/photos\/142290625@N08\/albums\/72157671040849224\">ici<\/a><\/p>\n<p>&nbsp;<\/p>\n<p style=\"text-align: left;\">\n","protected":false},"excerpt":{"rendered":"<p>23 Janvier Tamborrada de Hendaye Mutxiko a particip\u00e9 \u00e0 la Danborrada de Hendaye avec d\u2019autres associations et des repr\u00e9sentants des quartiers de la ville. . Pour voir plus de photos cliquez ici 13rd February Carnaval de Hendaye Mutxiko Elkartea \u00e0 particip\u00e9 au defil\u00e9. Pour voir plus de photos cliquez ici 23 et 24 avril C\u00e9l\u00e9bration [&hellip;]<\/p>\n","protected":false},"author":1,"featured_media":0,"parent":0,"menu_order":0,"comment_status":"closed","ping_status":"closed","template":"","meta":[],"_links":{"self":[{"href":"http:\/\/www.mutxiko.org\/index.php?rest_route=\/wp\/v2\/pages\/802"}],"collection":[{"href":"http:\/\/www.mutxiko.org\/index.php?rest_route=\/wp\/v2\/pages"}],"about":[{"href":"http:\/\/www.mutxiko.org\/index.php?rest_route=\/wp\/v2\/types\/page"}],"author":[{"embeddable":true,"href":"http:\/\/www.mutxiko.org\/index.php?rest_route=\/wp\/v2\/users\/1"}],"replies":[{"embeddable":true,"href":"http:\/\/www.mutxiko.org\/index.php?rest_route=%2Fwp%2Fv2%2Fcomments&post=802"}],"version-history":[{"count":20,"href":"http:\/\/www.mutxiko.org\/index.php?rest_route=\/wp\/v2\/pages\/802\/revisions"}],"predecessor-version":[{"id":7846,"href":"http:\/\/www.mutxiko.org\/index.php?rest_route=\/wp\/v2\/pages\/802\/revisions\/7846"}],"wp:attachment":[{"href":"http:\/\/www.mutxiko.org\/index.php?rest_route=%2Fwp%2Fv2%2Fmedia&parent=802"}],"curies":[{"name":"wp","href":"https:\/\/api.w.org\/{rel}","templated":true}]}}